{"id":1011,"date":"2020-10-27T17:49:17","date_gmt":"2020-10-27T17:49:17","guid":{"rendered":"http:\/\/aureorpg.com\/?page_id=1011"},"modified":"2022-06-29T17:31:29","modified_gmt":"2022-06-29T17:31:29","slug":"afrodita-2","status":"publish","type":"page","link":"http:\/\/aureorpg.com\/?page_id=1011","title":{"rendered":"Afrodita"},"content":{"rendered":"\t\t<div data-elementor-type=\"wp-page\" data-elementor-id=\"1011\" class=\"elementor elementor-1011\" data-elementor-settings=\"[]\">\n\t\t\t\t\t\t<div class=\"elementor-inner\">\n\t\t\t\t\t\t\t<div class=\"elementor-section-wrap\">\n\t\t\t\t\t\t\t<section class=\"elementor-section elementor-top-section elementor-element elementor-element-b7bfdad elementor-section-boxed elementor-section-height-default elementor-section-height-default\" data-id=\"b7bfdad\" data-element_type=\"section\" data-settings=\"{&quot;background_background&quot;:&quot;gradient&quot;}\">\n\t\t\t\t\t\t<div class=\"elementor-container elementor-column-gap-default\">\n\t\t\t\t\t\t\t<div class=\"elementor-row\">\n\t\t\t\t\t<div class=\"elementor-column elementor-col-100 elementor-top-column elementor-element elementor-element-5a7b29f\" data-id=\"5a7b29f\" data-element_type=\"column\">\n\t\t\t<div class=\"elementor-column-wrap elementor-element-populated\">\n\t\t\t\t\t\t\t<div class=\"elementor-widget-wrap\">\n\t\t\t\t\t\t<div class=\"elementor-element elementor-element-68b8dc6 elementor-widget elementor-widget-image\" data-id=\"68b8dc6\" data-element_type=\"widget\" data-widget_type=\"image.default\">\n\t\t\t\t<div class=\"elementor-widget-container\">\n\t\t\t\t\t<div class=\"elementor-image\">\n\t\t\t\t\t\t\t\t\t\t<img width=\"1024\" height=\"559\" src=\"http:\/\/aureorpg.com\/wp-content\/uploads\/2020\/10\/Aureo-Juego-de-rol-mitologia-griega-Afrodita-1024x559.jpg\" class=\"attachment-large size-large\" alt=\"\" loading=\"lazy\" srcset=\"http:\/\/aureorpg.com\/wp-content\/uploads\/2020\/10\/Aureo-Juego-de-rol-mitologia-griega-Afrodita-1024x559.jpg 1024w, http:\/\/aureorpg.com\/wp-content\/uploads\/2020\/10\/Aureo-Juego-de-rol-mitologia-griega-Afrodita-300x164.jpg 300w, http:\/\/aureorpg.com\/wp-content\/uploads\/2020\/10\/Aureo-Juego-de-rol-mitologia-griega-Afrodita-768x419.jpg 768w, http:\/\/aureorpg.com\/wp-content\/uploads\/2020\/10\/Aureo-Juego-de-rol-mitologia-griega-Afrodita.jpg 1100w\" sizes=\"(max-width: 1024px) 100vw, 1024px\" \/>\t\t\t\t\t\t\t\t\t\t\t<\/div>\n\t\t\t\t<\/div>\n\t\t\t\t<\/div>\n\t\t\t\t\t\t<\/div>\n\t\t\t\t\t<\/div>\n\t\t<\/div>\n\t\t\t\t\t\t\t\t<\/div>\n\t\t\t\t\t<\/div>\n\t\t<\/section>\n\t\t\t\t<section class=\"elementor-section elementor-top-section elementor-element elementor-element-bf0ad6b elementor-section-boxed elementor-section-height-default elementor-section-height-default\" data-id=\"bf0ad6b\" data-element_type=\"section\">\n\t\t\t\t\t\t<div class=\"elementor-container elementor-column-gap-default\">\n\t\t\t\t\t\t\t<div class=\"elementor-row\">\n\t\t\t\t\t<div class=\"elementor-column elementor-col-100 elementor-top-column elementor-element elementor-element-2c76aed\" data-id=\"2c76aed\" data-element_type=\"column\">\n\t\t\t<div class=\"elementor-column-wrap elementor-element-populated\">\n\t\t\t\t\t\t\t<div class=\"elementor-widget-wrap\">\n\t\t\t\t\t\t<div class=\"elementor-element elementor-element-5efffb9 elementor-widget elementor-widget-heading\" data-id=\"5efffb9\" data-element_type=\"widget\" data-widget_type=\"heading.default\">\n\t\t\t\t<div class=\"elementor-widget-container\">\n\t\t\t<h2 class=\"elementor-heading-title elementor-size-default\">Culto a Afrodita: 'La surgida de la espuma'<\/h2>\t\t<\/div>\n\t\t\t\t<\/div>\n\t\t\t\t\t\t<\/div>\n\t\t\t\t\t<\/div>\n\t\t<\/div>\n\t\t\t\t\t\t\t\t<\/div>\n\t\t\t\t\t<\/div>\n\t\t<\/section>\n\t\t\t\t<section class=\"elementor-section elementor-top-section elementor-element elementor-element-084aaed elementor-section-boxed elementor-section-height-default elementor-section-height-default\" data-id=\"084aaed\" data-element_type=\"section\">\n\t\t\t\t\t\t<div class=\"elementor-container elementor-column-gap-default\">\n\t\t\t\t\t\t\t<div class=\"elementor-row\">\n\t\t\t\t\t<div class=\"elementor-column elementor-col-100 elementor-top-column elementor-element elementor-element-e7c6917\" data-id=\"e7c6917\" data-element_type=\"column\">\n\t\t\t<div class=\"elementor-column-wrap elementor-element-populated\">\n\t\t\t\t\t\t\t<div class=\"elementor-widget-wrap\">\n\t\t\t\t\t\t<div class=\"elementor-element elementor-element-3ee7d1a elementor-widget elementor-widget-text-editor\" data-id=\"3ee7d1a\" data-element_type=\"widget\" data-widget_type=\"text-editor.default\">\n\t\t\t\t<div class=\"elementor-widget-container\">\n\t\t\t\t\t<div class=\"elementor-text-editor elementor-clearfix\"><h3>Historia de la diosa Afrodita<\/h3><p>Afrodita es la diosa Ol\u00edmpica del amor, especialmente, en cuanto a su parte er\u00f3tica se refiere. Tambi\u00e9n lo es de la lujuria, la belleza y la prostituci\u00f3n. Es hija adoptiva de Zeus. Nadie sabe a ciencia cierta quienes son sur verdaderos padres, pero los versados en los dioses Arcanos defienden que Afrodita es una de las diosas m\u00e1s antiguas (tanto como Gea o Urano), que se mantuvo en letargo durante muchos siglos, y que al resucitar surgiendo del mar en una concha fue adoptada por el Rey de los dioses. Est\u00e1 casada con Hefesto, el dios Ol\u00edmpico de la fragua, y tiene como amante predilecto a Ares, el dios Ol\u00edmpico de la guerra, aunque ha mantenido relaciones sexuales con casi todos los dioses Ol\u00edmpicos, sin contar a otras deidades, h\u00e9roes y mortales. La \u00fanica excepci\u00f3n notable es Zeus, al que nunca ha conseguido embaucar para que comparta su lecho. El objeto que mejor define a Afrodita es su ce\u00f1idor semitransparente, el cual tiene el poder de permitir a cualquier mujer que lo porte seducir a cualquier var\u00f3n, ya sea mortal, h\u00e9roe o dios.<\/p><h3>Descripci\u00f3n de Afrodita<\/h3><p>Afrodita es extremadamente bella, de cuerpo lleno de curvas, piernas largas y sinuosas, pelo cobrizo que le llega hasta las caderas, ojos claros, y senos esculpidos. Aparenta entre 18 y 20 a\u00f1os. Aunque juega a disimularlo, la diosa del amor es extremadamente inteligente y maquiav\u00e9lica: prueba de ello es que hay templos de Afrodita en casi toda la H\u00e9lade, lo que demuestra su gran influencia sobre el mundo de los mortales. Tambi\u00e9n es famosa por ser una diosa caprichosa y conseguir (casi) siempre lo que quiere.<\/p><h3>Seguidores de Afrodita<\/h3><p>Los siervos de la diosa del amor son mayoritariamente mujeres. Se les suele reconocer por vestir t\u00fanicas de colores c\u00e1lidos (rosa, naranja, rojo) o semitransparentes, as\u00ed como lencer\u00eda empedrada o ir directamente desnudas. Para estas personas lo m\u00e1s importante en el mundo es el sexo, y lo normal es que hayan hecho del arte de amar su forma de vida, ya sea mediante la prostituci\u00f3n u otros juegos de influencia pol\u00edtica relacionados con quien se acuesta con quien.<\/p><p>Recordemos que en la H\u00e9lade las distintas formas de prostituci\u00f3n est\u00e1n bien vistas socialmente y no van contra ninguna ley, por lo que los seguidores de Afrodita no tienen nada de qu\u00e9 avergonzarse. Suelen ser personas muy sociales que atraen a sus posibles clientes a trav\u00e9s de su belleza u otros entretenimientos como la danza o la poes\u00eda. Tambi\u00e9n se caracterizan por ser muy manipuladoras, y utilizar el sexo para ejercer una gran influencia en sus amantes. Si se tienen intereses comunes, los seguidores de Afrodita son los mejores aliados que cualquier persona puede tener: suelen tener informaci\u00f3n de calidad, y gente de todo tipo bajo su influencia, desde pol\u00edticos a guerreros. Por la misma raz\u00f3n resultan unos enemigos formidables.<\/p><p>Las sacerdotisas de Afrodita ofrecen distintos tipos de servicio a su comunidad, todos ellos relacionados de alguna u otra forma con el sexo. Van vestidas con t\u00fanicas rosas o lencer\u00eda atrevida. Aquellos que yacen con las sacerdotisas del amor declaran guerras o treguas seg\u00fan los intereses de la diosa, e incluso, pactan con sus enemigos o matan a sus hermanos seg\u00fan las conveniencias de sus sacerdotisas, que tan solo tienen que susurrar en sus o\u00eddos aquellos que quieren que hagan. Las sacerdotisas de Afrodita tienen prohibido casarse, pero se les permite tener tantos amantes como quieran, siempre que les cobren por sus servicios.<\/p><h5>Atributos t\u00edpicos en los seguidores de Afrodita<\/h5><p>Caracter\u00edsticas altas: APA, MEN, SEN | Habilidades: Seducci\u00f3n [Hombres] [Mujeres], Empat\u00eda [Sentimientos], Oratoria [Ret\u00f3rica], Medicina [Tratamiento], Pol\u00edtica [Etiqueta], Intuici\u00f3n [Adivinaci\u00f3n] | Rasgos Sociales: Monedas, Influencia.<\/p><h5>Arquetipos comunes en los seguidores de Afrodita<\/h5><p><strong>Pornai<\/strong>: Esclavas\/os, normalmente de etnias y razas extranjeras a la H\u00e9lade, a los que se les paga por servicios sexuales. Trabajan en los prost\u00edbulos, regentados por proxenetas.<\/p><p><strong>Proxenetas<\/strong>: personas que poseen y regentan un prost\u00edbulo, en donde esclavos pornai son alquilados por dinero a cambio de fines sexuales. Suelen ser metecos, y en algunos casos, metecas. Tambi\u00e9n pod\u00edan ser ciudadanos, aunque estaba mal visto socialmente. | <strong>Hier\u00f3dulas\/os<\/strong>: Esclavas\/os sagradas\/os que sirven en los templos de Afrodita. Aunque pertenecen al Grupo Social m\u00e1s bajo, gozan de mucha m\u00e1s libertad que el resto de los esclavos. Practican rituales sexuales a cambio de dinero que va a parar, en su mayor parte, al templo.<\/p><p><strong>Prostitutas\/os:<\/strong> Metecas\/os que ofrecen su cuerpo a cambio de dinero con fines sexuales, mayoritariamente, para una clientela masculina. Era un oficio regulado por censo y pagan sus correspondientes impuestos.<\/p><p><strong>Hetairas<\/strong>: metecas que ejercen de chicas de compa\u00f1\u00eda para cualquiera que pueda pagar sus servicios. Suelen vestir t\u00fanicas de azafr\u00e1n y llevar el rostro cubierto de polvos blancos. No solo practican sexo con sus clientes, sino que los acompa\u00f1an en reuniones sociales d\u00e1ndoles conversaci\u00f3n y entretenimiento. Sus opiniones son respetadas entre los hombres, y su compa\u00f1\u00eda es vista como un signo de distinci\u00f3n entre las clases altas.<\/p><p><strong>Concubinas<\/strong>: mujeres que ejercen como segundas esposas sin derechos, llegando a vivir en la misma casa que la familia oficial del hombre al que estaban ligadas. Sus hijos, bastardos por ley, no ten\u00edan derechos a la ciudadan\u00eda, pero a menudo, sus relaciones sentimentales eran m\u00e1s profundas que las de los nobles con sus mujeres, ya que el matrimonio era entendido como un mero contrato comercial.<\/p><p><strong>Galanes<\/strong>: metecos y nobles que se valen de sus artes amatorias para dominar la voluntad de hombre y mujeres de la nobleza, y as\u00ed ganar riqueza, influencia y poder pol\u00edtico.<\/p><p><strong>Hedonistas<\/strong>: hombres y mujeres adinerados que pasan sus d\u00edas dedic\u00e1ndose a los placeres del cuerpo, y gastan sus fortunas en rodearse de efebos, prostitutas y heteras.<\/p><\/div>\n\t\t\t\t<\/div>\n\t\t\t\t<\/div>\n\t\t\t\t\t\t<\/div>\n\t\t\t\t\t<\/div>\n\t\t<\/div>\n\t\t\t\t\t\t\t\t<\/div>\n\t\t\t\t\t<\/div>\n\t\t<\/section>\n\t\t\t\t<section class=\"elementor-section elementor-top-section elementor-element elementor-element-740b8a9 elementor-section-full_width elementor-section-height-default elementor-section-height-default\" data-id=\"740b8a9\" data-element_type=\"section\" data-settings=\"{&quot;background_background&quot;:&quot;slideshow&quot;,&quot;background_slideshow_gallery&quot;:[{&quot;id&quot;:1294,&quot;url&quot;:&quot;http:\\\/\\\/aureorpg.com\\\/wp-content\\\/uploads\\\/2022\\\/06\\\/Anadir-un-subtitulo.jpg&quot;}],&quot;background_slideshow_loop&quot;:&quot;yes&quot;,&quot;background_slideshow_slide_duration&quot;:5000,&quot;background_slideshow_slide_transition&quot;:&quot;fade&quot;,&quot;background_slideshow_transition_duration&quot;:500}\">\n\t\t\t\t\t\t<div class=\"elementor-container elementor-column-gap-default\">\n\t\t\t\t\t\t\t<div class=\"elementor-row\">\n\t\t\t\t\t<div class=\"elementor-column elementor-col-33 elementor-top-column elementor-element elementor-element-b12a5d4\" data-id=\"b12a5d4\" data-element_type=\"column\">\n\t\t\t<div class=\"elementor-column-wrap elementor-element-populated\">\n\t\t\t\t\t\t\t<div class=\"elementor-widget-wrap\">\n\t\t\t\t\t\t<div class=\"elementor-element elementor-element-65d9c34 elementor-align-left elementor-widget elementor-widget-button\" data-id=\"65d9c34\" data-element_type=\"widget\" data-widget_type=\"button.default\">\n\t\t\t\t<div class=\"elementor-widget-container\">\n\t\t\t\t\t<div class=\"elementor-button-wrapper\">\n\t\t\t<a href=\"http:\/\/aureorpg.com\/?page_id=1176\" class=\"elementor-button-link elementor-button elementor-size-sm\" role=\"button\">\n\t\t\t\t\t\t<span class=\"elementor-button-content-wrapper\">\n\t\t\t\t\t\t<span class=\"elementor-button-text\">Accede a nuestra zona gratuita de descargas<\/span>\n\t\t<\/span>\n\t\t\t\t\t<\/a>\n\t\t<\/div>\n\t\t\t\t<\/div>\n\t\t\t\t<\/div>\n\t\t\t\t\t\t<\/div>\n\t\t\t\t\t<\/div>\n\t\t<\/div>\n\t\t\t\t<div class=\"elementor-column elementor-col-66 elementor-top-column elementor-element elementor-element-5556970\" data-id=\"5556970\" data-element_type=\"column\">\n\t\t\t<div class=\"elementor-column-wrap\">\n\t\t\t\t\t\t\t<div class=\"elementor-widget-wrap\">\n\t\t\t\t\t\t\t\t<\/div>\n\t\t\t\t\t<\/div>\n\t\t<\/div>\n\t\t\t\t\t\t\t\t<\/div>\n\t\t\t\t\t<\/div>\n\t\t<\/section>\n\t\t\t\t<section class=\"elementor-section elementor-top-section elementor-element elementor-element-8c5da7a elementor-section-boxed elementor-section-height-default elementor-section-height-default\" data-id=\"8c5da7a\" data-element_type=\"section\">\n\t\t\t\t\t\t<div class=\"elementor-container elementor-column-gap-default\">\n\t\t\t\t\t\t\t<div class=\"elementor-row\">\n\t\t\t\t\t<div class=\"elementor-column elementor-col-100 elementor-top-column elementor-element elementor-element-ee925a4\" data-id=\"ee925a4\" data-element_type=\"column\">\n\t\t\t<div class=\"elementor-column-wrap\">\n\t\t\t\t\t\t\t<div class=\"elementor-widget-wrap\">\n\t\t\t\t\t\t\t\t<\/div>\n\t\t\t\t\t<\/div>\n\t\t<\/div>\n\t\t\t\t\t\t\t\t<\/div>\n\t\t\t\t\t<\/div>\n\t\t<\/section>\n\t\t\t\t\t\t<\/div>\n\t\t\t\t\t\t<\/div>\n\t\t\t\t\t<\/div>\n\t\t","protected":false},"excerpt":{"rendered":"<p>Culto a Afrodita: &#8216;La surgida de la espuma&#8217; Historia de la diosa Afrodita Afrodita es la diosa Ol\u00edmpica del amor, especialmente, en cuanto a su parte er\u00f3tica se refiere. Tambi\u00e9n lo es de la lujuria, la belleza y la prostituci\u00f3n. Es hija adoptiva de Zeus. Nadie sabe a ciencia cierta quienes son sur verdaderos padres, &hellip;<\/p>\n<p class=\"read-more\"> <a class=\"\" href=\"http:\/\/aureorpg.com\/?page_id=1011\"> <span class=\"screen-reader-text\">Afrodita<\/span> Read More &raquo;<\/a><\/p>\n","protected":false},"author":1,"featured_media":0,"parent":0,"menu_order":0,"comment_status":"closed","ping_status":"closed","template":"","meta":[],"yoast_head":"<!-- This site is optimized with the Yoast SEO plugin v15.1.1 - https:\/\/yoast.com\/wordpress\/plugins\/seo\/ -->\n<title>Afrodita - aureorpg.com<\/title>\n<meta name=\"robots\" content=\"index, follow, max-snippet:-1, max-image-preview:large, max-video-preview:-1\" \/>\n<link rel=\"canonical\" href=\"http:\/\/aureorpg.com\/?page_id=1011\" \/>\n<meta property=\"og:locale\" content=\"en_US\" \/>\n<meta property=\"og:type\" content=\"article\" \/>\n<meta property=\"og:title\" content=\"Afrodita - aureorpg.com\" \/>\n<meta property=\"og:description\" content=\"Culto a Afrodita: &#8216;La surgida de la espuma&#8217; Historia de la diosa Afrodita Afrodita es la diosa Ol\u00edmpica del amor, especialmente, en cuanto a su parte er\u00f3tica se refiere. Tambi\u00e9n lo es de la lujuria, la belleza y la prostituci\u00f3n. Es hija adoptiva de Zeus. Nadie sabe a ciencia cierta quienes son sur verdaderos padres, &hellip; Afrodita Read More &raquo;\" \/>\n<meta property=\"og:url\" content=\"http:\/\/aureorpg.com\/?page_id=1011\" \/>\n<meta property=\"og:site_name\" content=\"aureorpg.com\" \/>\n<meta property=\"article:modified_time\" content=\"2022-06-29T17:31:29+00:00\" \/>\n<meta property=\"og:image\" content=\"http:\/\/aureorpg.com\/wp-content\/uploads\/2020\/10\/Aureo-Juego-de-rol-mitologia-griega-Afrodita-1024x559.jpg\" \/>\n<meta name=\"twitter:card\" content=\"summary_large_image\" \/>\n<script type=\"application\/ld+json\" class=\"yoast-schema-graph\">{\"@context\":\"https:\/\/schema.org\",\"@graph\":[{\"@type\":\"WebSite\",\"@id\":\"http:\/\/aureorpg.com\/#website\",\"url\":\"http:\/\/aureorpg.com\/\",\"name\":\"aureorpg.com\",\"description\":\"Juego de rol de mitolog\\u00eda\",\"potentialAction\":[{\"@type\":\"SearchAction\",\"target\":\"http:\/\/aureorpg.com\/?s={search_term_string}\",\"query-input\":\"required name=search_term_string\"}],\"inLanguage\":\"en-US\"},{\"@type\":\"ImageObject\",\"@id\":\"http:\/\/aureorpg.com\/?page_id=1011#primaryimage\",\"inLanguage\":\"en-US\",\"url\":\"http:\/\/aureorpg.com\/wp-content\/uploads\/2020\/10\/Aureo-Juego-de-rol-mitologia-griega-Afrodita.jpg\",\"width\":1100,\"height\":600},{\"@type\":\"WebPage\",\"@id\":\"http:\/\/aureorpg.com\/?page_id=1011#webpage\",\"url\":\"http:\/\/aureorpg.com\/?page_id=1011\",\"name\":\"Afrodita - aureorpg.com\",\"isPartOf\":{\"@id\":\"http:\/\/aureorpg.com\/#website\"},\"primaryImageOfPage\":{\"@id\":\"http:\/\/aureorpg.com\/?page_id=1011#primaryimage\"},\"datePublished\":\"2020-10-27T17:49:17+00:00\",\"dateModified\":\"2022-06-29T17:31:29+00:00\",\"inLanguage\":\"en-US\",\"potentialAction\":[{\"@type\":\"ReadAction\",\"target\":[\"http:\/\/aureorpg.com\/?page_id=1011\"]}]}]}<\/script>\n<!-- \/ Yoast SEO plugin. -->","_links":{"self":[{"href":"http:\/\/aureorpg.com\/index.php?rest_route=\/wp\/v2\/pages\/1011"}],"collection":[{"href":"http:\/\/aureorpg.com\/index.php?rest_route=\/wp\/v2\/pages"}],"about":[{"href":"http:\/\/aureorpg.com\/index.php?rest_route=\/wp\/v2\/types\/page"}],"author":[{"embeddable":true,"href":"http:\/\/aureorpg.com\/index.php?rest_route=\/wp\/v2\/users\/1"}],"replies":[{"embeddable":true,"href":"http:\/\/aureorpg.com\/index.php?rest_route=%2Fwp%2Fv2%2Fcomments&post=1011"}],"version-history":[{"count":10,"href":"http:\/\/aureorpg.com\/index.php?rest_route=\/wp\/v2\/pages\/1011\/revisions"}],"predecessor-version":[{"id":1344,"href":"http:\/\/aureorpg.com\/index.php?rest_route=\/wp\/v2\/pages\/1011\/revisions\/1344"}],"wp:attachment":[{"href":"http:\/\/aureorpg.com\/index.php?rest_route=%2Fwp%2Fv2%2Fmedia&parent=1011"}],"curies":[{"name":"wp","href":"https:\/\/api.w.org\/{rel}","templated":true}]}}