{"id":629,"date":"2020-10-22T21:25:18","date_gmt":"2020-10-22T21:25:18","guid":{"rendered":"http:\/\/aureorpg.com\/?page_id=629"},"modified":"2022-06-29T17:42:44","modified_gmt":"2022-06-29T17:42:44","slug":"introduccion-a-aureo-el-juego-de-rol","status":"publish","type":"page","link":"http:\/\/aureorpg.com\/?page_id=629","title":{"rendered":"Introducci\u00f3n a \u00c1ureo, el juego de rol"},"content":{"rendered":"\t\t<div data-elementor-type=\"wp-page\" data-elementor-id=\"629\" class=\"elementor elementor-629\" data-elementor-settings=\"[]\">\n\t\t\t\t\t\t<div class=\"elementor-inner\">\n\t\t\t\t\t\t\t<div class=\"elementor-section-wrap\">\n\t\t\t\t\t\t\t<section class=\"elementor-section elementor-top-section elementor-element elementor-element-3e18c5e elementor-section-boxed elementor-section-height-default elementor-section-height-default\" data-id=\"3e18c5e\" data-element_type=\"section\" data-settings=\"{&quot;background_background&quot;:&quot;gradient&quot;}\">\n\t\t\t\t\t\t<div class=\"elementor-container elementor-column-gap-default\">\n\t\t\t\t\t\t\t<div class=\"elementor-row\">\n\t\t\t\t\t<div class=\"elementor-column elementor-col-100 elementor-top-column elementor-element elementor-element-f35bc83\" data-id=\"f35bc83\" data-element_type=\"column\">\n\t\t\t<div class=\"elementor-column-wrap elementor-element-populated\">\n\t\t\t\t\t\t\t<div class=\"elementor-widget-wrap\">\n\t\t\t\t\t\t<div class=\"elementor-element elementor-element-0c70a78 elementor-widget elementor-widget-image\" data-id=\"0c70a78\" data-element_type=\"widget\" data-widget_type=\"image.default\">\n\t\t\t\t<div class=\"elementor-widget-container\">\n\t\t\t\t\t<div class=\"elementor-image\">\n\t\t\t\t\t\t\t\t\t\t<img width=\"1024\" height=\"559\" src=\"http:\/\/aureorpg.com\/wp-content\/uploads\/2020\/11\/Aureo-Juego-de-rol-mitologia-griega-presentacion-de-Aureo-1024x559.jpg\" class=\"attachment-large size-large\" alt=\"\" loading=\"lazy\" srcset=\"http:\/\/aureorpg.com\/wp-content\/uploads\/2020\/11\/Aureo-Juego-de-rol-mitologia-griega-presentacion-de-Aureo-1024x559.jpg 1024w, http:\/\/aureorpg.com\/wp-content\/uploads\/2020\/11\/Aureo-Juego-de-rol-mitologia-griega-presentacion-de-Aureo-300x164.jpg 300w, http:\/\/aureorpg.com\/wp-content\/uploads\/2020\/11\/Aureo-Juego-de-rol-mitologia-griega-presentacion-de-Aureo-768x419.jpg 768w, http:\/\/aureorpg.com\/wp-content\/uploads\/2020\/11\/Aureo-Juego-de-rol-mitologia-griega-presentacion-de-Aureo.jpg 1100w\" sizes=\"(max-width: 1024px) 100vw, 1024px\" \/>\t\t\t\t\t\t\t\t\t\t\t<\/div>\n\t\t\t\t<\/div>\n\t\t\t\t<\/div>\n\t\t\t\t\t\t<\/div>\n\t\t\t\t\t<\/div>\n\t\t<\/div>\n\t\t\t\t\t\t\t\t<\/div>\n\t\t\t\t\t<\/div>\n\t\t<\/section>\n\t\t\t\t<section class=\"elementor-section elementor-top-section elementor-element elementor-element-bf0ad6b elementor-section-boxed elementor-section-height-default elementor-section-height-default\" data-id=\"bf0ad6b\" data-element_type=\"section\">\n\t\t\t\t\t\t<div class=\"elementor-container elementor-column-gap-default\">\n\t\t\t\t\t\t\t<div class=\"elementor-row\">\n\t\t\t\t\t<div class=\"elementor-column elementor-col-100 elementor-top-column elementor-element elementor-element-2c76aed\" data-id=\"2c76aed\" data-element_type=\"column\">\n\t\t\t<div class=\"elementor-column-wrap elementor-element-populated\">\n\t\t\t\t\t\t\t<div class=\"elementor-widget-wrap\">\n\t\t\t\t\t\t<div class=\"elementor-element elementor-element-5efffb9 elementor-widget elementor-widget-heading\" data-id=\"5efffb9\" data-element_type=\"widget\" data-widget_type=\"heading.default\">\n\t\t\t\t<div class=\"elementor-widget-container\">\n\t\t\t<h2 class=\"elementor-heading-title elementor-size-default\">Introducci\u00f3n a \u00c1ureo, el juego de rol <\/h2>\t\t<\/div>\n\t\t\t\t<\/div>\n\t\t\t\t\t\t<\/div>\n\t\t\t\t\t<\/div>\n\t\t<\/div>\n\t\t\t\t\t\t\t\t<\/div>\n\t\t\t\t\t<\/div>\n\t\t<\/section>\n\t\t\t\t<section class=\"elementor-section elementor-top-section elementor-element elementor-element-084aaed elementor-section-boxed elementor-section-height-default elementor-section-height-default\" data-id=\"084aaed\" data-element_type=\"section\">\n\t\t\t\t\t\t<div class=\"elementor-container elementor-column-gap-default\">\n\t\t\t\t\t\t\t<div class=\"elementor-row\">\n\t\t\t\t\t<div class=\"elementor-column elementor-col-100 elementor-top-column elementor-element elementor-element-e7c6917\" data-id=\"e7c6917\" data-element_type=\"column\">\n\t\t\t<div class=\"elementor-column-wrap elementor-element-populated\">\n\t\t\t\t\t\t\t<div class=\"elementor-widget-wrap\">\n\t\t\t\t\t\t<div class=\"elementor-element elementor-element-3ee7d1a elementor-widget elementor-widget-text-editor\" data-id=\"3ee7d1a\" data-element_type=\"widget\" data-widget_type=\"text-editor.default\">\n\t\t\t\t<div class=\"elementor-widget-container\">\n\t\t\t\t\t<div class=\"elementor-text-editor elementor-clearfix\"><p>\u00c1ureo es un juego de rol ambientado a medio camino entre la mitolog\u00eda griega y el Mediterr\u00e1neo de la Era Cl\u00e1sica, en el que podr\u00e1s interpretar a un h\u00e9roe que tendr\u00e1 que enfrentarse a monstruos, conspiraciones pol\u00edticas, batallas, viajes, a la caprichosa voluntad de los dioses, y a la hibris que crece en su interior. El resultado final es un universo inspirado en La Odisea y La Il\u00edada de Homero, los relatos de Her\u00f3doto y Jenofonte, los tratados de Graves y Grimal\u2026 pero tambi\u00e9n en 300 de Frank Miller, Troya de Wolfgang Petersen o H\u00e9rcules y Xena de Sam Raimi; bienvenidos a \u00c1ureo: La Edad de los H\u00e9roes.<\/p><p>La H\u00e9lade (lugar irreal y ucr\u00f3nico donde se desarrollan la mayor\u00eda de las situaciones y aventuras de este juego) ha sido creada a partir de estos dos contextos a medio camino entre la historia y la fantas\u00eda, en donde Arist\u00f3teles, Plat\u00f3n y S\u00f3crates podr\u00edan discutir sobre filosof\u00eda (como ocurre en el cuadro \u2018La escuela de Atenas\u2019, del pintor Rafael Sanzio), o Aspasia, Le\u00f3nidas, la Pitia, Teseo, Gorgo, Aquiles o Atalanta podr\u00edan interactuar en un debate pol\u00edtico, en los Juegos Ol\u00edmpicos o en el campo de batalla. Muchos hechos y datos hist\u00f3ricos han sido adaptados, cambiados, omitidos o sustituidos, en algunos casos por conveniencia para poder hacer \u00c1ureo m\u00e1s jugable (como cambiar el sistema duodecimal cl\u00e1sico por el actual sistema decimal) y, en otras ocasiones, por pura ignorancia de los desarrolladores del juego (desde estas l\u00edneas queremos disculparnos con los eruditos en cultura cl\u00e1sica grecolatina por todos los gazapos cometidos). \u00c1ureo no pretende ser un juego hist\u00f3rico, sino un juego inspirado en la historia que os permita crear vuestras propias historias.<\/p><p>El universo de \u00c1ureo es \u00e9pico y m\u00e1gico, donde los dioses son algo real y tangible que se aparecen a los mortales para recompensar a los que les sirven bien y castigar a los que les ofenden (como podr\u00e9is imaginar, no hay muchos ateos). La magia es algo palpable a la que todas las personas pueden acceder mediante la adoraci\u00f3n de los dioses y los Rezos, pidi\u00e9ndoles desde que los cultivos crezcan sanos a la fuerza de varios hombres durante la batalla. Adem\u00e1s, los h\u00e9roes tienen poderes innatos que los asemejan a los dioses, como la fuerza colosal de Heracles, los pies alados de Aquiles o la inteligencia sobrehumana de Odiseo. Tambi\u00e9n existen hechiceras, adivinos, m\u00e9diums, brujas, sanadoras, pitonisas, m\u00edsticos, or\u00e1culos, monstruos, gigantes, ninfas y semidioses, por lo que la magia, aunque en peque\u00f1as dosis, es algo muy cotidiano. Las tramas del juego mezclan las aventuras \u00e9picas con conspiraciones pol\u00edticas, bien aderezadas por los misteriosos deseos y acciones de los dioses. Parte de la gracia del juego consiste en intentar cumplir las distintas misiones que los Ol\u00edmpicos ponen en vuestros caminos (que para eso sois los elegidos), lo que es pr\u00e1cticamente imposible, ya que las voluntades de los dioses, a menudo, se contraponen.<\/p><p>Este juego ha sido creado para personas adultas y no es intenci\u00f3n de los dise\u00f1adores de \u00c1ureo establecer ning\u00fan juicio de valor, ni inculcar convicciones morales de ning\u00fan tipo. Algunas conductas que se fomentan en el juego en el transcurso de los distintos roles pueden parecerles amorales, como el polite\u00edsmo; la violencia y el belicismo de los espartanos; la forma de entender la sexualidad de los dioses y algunos de sus seguidores; la esclavitud; lo extendido que est\u00e1n el racismo y el machismo; las dictaduras militares o las falsas democracias basadas en el voto de los hombres nobles; el alcoholismo de los sacerdotes de Dioniso\u2026 pero todos estos elementos est\u00e1n presentes para crear una ambientaci\u00f3n ex\u00f3tica para las personas que vivimos en el siglo XXI y para ser fiel a los contextos hist\u00f3ricos y mitol\u00f3gicos en los que se basa la mayor parte del desarrollo del juego. Cada una de las personas que decida utilizar este universo para ambientar sus partidas es libre de eliminar los elementos que desee de esta ambientaci\u00f3n.<\/p><p>Por \u00faltimo, recordar a aquellos que quieran jugar a \u00c1ureo que solo se trata de un juego, y los sucesos que ocurran dentro de \u00e9l no deben trascender a la vida real de los jugadores. El contacto f\u00edsico entre los participantes en el juego est\u00e1 terminantemente prohibido, a menos que exista un consentimiento expl\u00edcito por parte de todos los que interact\u00faen. La violencia debe quedarse en los dados, en la historia y en la imaginaci\u00f3n de los jugadores, no debiendo llegar nunca a la vida real.\u00a0 En caso de cualquier duda, el director del juego o Demiurgo siempre tiene la \u00faltima palabra para interpretar las reglas del juego (si no te gusta como tu director interpreta las reglas b\u00fascate a otro, pero no le discutas tanto como para entorpecer la partida). Antes de comenzar a jugar, recomendamos que los jugadores y el Demiurgo hablen tranquilamente y sin tapujos y establezcan un contrato social sobre los l\u00edmites que est\u00e1n dispuestos a soportar durante el juego (aunque sea un mundo de ficci\u00f3n, puede que algunos jugadores hayan pasado por alguna mala experiencia personal y no quieran revivirla a trav\u00e9s de su personaje, igual que ciertas personas evitan ver pel\u00edculas con determinada tem\u00e1tica). Como anotaci\u00f3n final, daros las gracias por compartir este sue\u00f1o con nosotros, y esperamos que os lo pas\u00e9is tan bien jugando a \u00e9l como lo hemos hecho nosotros.<\/p><\/div>\n\t\t\t\t<\/div>\n\t\t\t\t<\/div>\n\t\t\t\t\t\t<\/div>\n\t\t\t\t\t<\/div>\n\t\t<\/div>\n\t\t\t\t\t\t\t\t<\/div>\n\t\t\t\t\t<\/div>\n\t\t<\/section>\n\t\t\t\t<section class=\"elementor-section elementor-top-section elementor-element elementor-element-4d5c362 elementor-section-full_width elementor-section-height-default elementor-section-height-default\" data-id=\"4d5c362\" data-element_type=\"section\" data-settings=\"{&quot;background_background&quot;:&quot;slideshow&quot;,&quot;background_slideshow_gallery&quot;:[{&quot;id&quot;:1294,&quot;url&quot;:&quot;http:\\\/\\\/aureorpg.com\\\/wp-content\\\/uploads\\\/2022\\\/06\\\/Anadir-un-subtitulo.jpg&quot;}],&quot;background_slideshow_loop&quot;:&quot;yes&quot;,&quot;background_slideshow_slide_duration&quot;:5000,&quot;background_slideshow_slide_transition&quot;:&quot;fade&quot;,&quot;background_slideshow_transition_duration&quot;:500}\">\n\t\t\t\t\t\t<div class=\"elementor-container elementor-column-gap-default\">\n\t\t\t\t\t\t\t<div class=\"elementor-row\">\n\t\t\t\t\t<div class=\"elementor-column elementor-col-33 elementor-top-column elementor-element elementor-element-6299e05\" data-id=\"6299e05\" data-element_type=\"column\">\n\t\t\t<div class=\"elementor-column-wrap elementor-element-populated\">\n\t\t\t\t\t\t\t<div class=\"elementor-widget-wrap\">\n\t\t\t\t\t\t<div class=\"elementor-element elementor-element-b41e593 elementor-align-left elementor-widget elementor-widget-button\" data-id=\"b41e593\" data-element_type=\"widget\" data-widget_type=\"button.default\">\n\t\t\t\t<div class=\"elementor-widget-container\">\n\t\t\t\t\t<div class=\"elementor-button-wrapper\">\n\t\t\t<a href=\"http:\/\/aureorpg.com\/?page_id=1176\" class=\"elementor-button-link elementor-button elementor-size-sm\" role=\"button\">\n\t\t\t\t\t\t<span class=\"elementor-button-content-wrapper\">\n\t\t\t\t\t\t<span class=\"elementor-button-text\">Accede a nuestra zona gratuita de descargas<\/span>\n\t\t<\/span>\n\t\t\t\t\t<\/a>\n\t\t<\/div>\n\t\t\t\t<\/div>\n\t\t\t\t<\/div>\n\t\t\t\t\t\t<\/div>\n\t\t\t\t\t<\/div>\n\t\t<\/div>\n\t\t\t\t<div class=\"elementor-column elementor-col-66 elementor-top-column elementor-element elementor-element-cfd60e3\" data-id=\"cfd60e3\" data-element_type=\"column\">\n\t\t\t<div class=\"elementor-column-wrap\">\n\t\t\t\t\t\t\t<div class=\"elementor-widget-wrap\">\n\t\t\t\t\t\t\t\t<\/div>\n\t\t\t\t\t<\/div>\n\t\t<\/div>\n\t\t\t\t\t\t\t\t<\/div>\n\t\t\t\t\t<\/div>\n\t\t<\/section>\n\t\t\t\t\t\t<\/div>\n\t\t\t\t\t\t<\/div>\n\t\t\t\t\t<\/div>\n\t\t","protected":false},"excerpt":{"rendered":"<p>Introducci\u00f3n a \u00c1ureo, el juego de rol \u00c1ureo es un juego de rol ambientado a medio camino entre la mitolog\u00eda griega y el Mediterr\u00e1neo de la Era Cl\u00e1sica, en el que podr\u00e1s interpretar a un h\u00e9roe que tendr\u00e1 que enfrentarse a monstruos, conspiraciones pol\u00edticas, batallas, viajes, a la caprichosa voluntad de los dioses, y a &hellip;<\/p>\n<p class=\"read-more\"> <a class=\"\" href=\"http:\/\/aureorpg.com\/?page_id=629\"> <span class=\"screen-reader-text\">Introducci\u00f3n a \u00c1ureo, el juego de rol<\/span> Read More &raquo;<\/a><\/p>\n","protected":false},"author":1,"featured_media":0,"parent":0,"menu_order":0,"comment_status":"closed","ping_status":"closed","template":"","meta":[],"yoast_head":"<!-- This site is optimized with the Yoast SEO plugin v15.1.1 - https:\/\/yoast.com\/wordpress\/plugins\/seo\/ -->\n<title>Introducci\u00f3n a \u00c1ureo, el juego de rol - aureorpg.com<\/title>\n<meta name=\"robots\" content=\"index, follow, max-snippet:-1, max-image-preview:large, max-video-preview:-1\" \/>\n<link rel=\"canonical\" href=\"http:\/\/aureorpg.com\/?page_id=629\" \/>\n<meta property=\"og:locale\" content=\"en_US\" \/>\n<meta property=\"og:type\" content=\"article\" \/>\n<meta property=\"og:title\" content=\"Introducci\u00f3n a \u00c1ureo, el juego de rol - aureorpg.com\" \/>\n<meta property=\"og:description\" content=\"Introducci\u00f3n a \u00c1ureo, el juego de rol \u00c1ureo es un juego de rol ambientado a medio camino entre la mitolog\u00eda griega y el Mediterr\u00e1neo de la Era Cl\u00e1sica, en el que podr\u00e1s interpretar a un h\u00e9roe que tendr\u00e1 que enfrentarse a monstruos, conspiraciones pol\u00edticas, batallas, viajes, a la caprichosa voluntad de los dioses, y a &hellip; Introducci\u00f3n a \u00c1ureo, el juego de rol Read More &raquo;\" \/>\n<meta property=\"og:url\" content=\"http:\/\/aureorpg.com\/?page_id=629\" \/>\n<meta property=\"og:site_name\" content=\"aureorpg.com\" \/>\n<meta property=\"article:modified_time\" content=\"2022-06-29T17:42:44+00:00\" \/>\n<meta property=\"og:image\" content=\"http:\/\/aureorpg.com\/wp-content\/uploads\/2020\/11\/Aureo-Juego-de-rol-mitologia-griega-presentacion-de-Aureo-1024x559.jpg\" \/>\n<meta name=\"twitter:card\" content=\"summary_large_image\" \/>\n<script type=\"application\/ld+json\" class=\"yoast-schema-graph\">{\"@context\":\"https:\/\/schema.org\",\"@graph\":[{\"@type\":\"WebSite\",\"@id\":\"http:\/\/aureorpg.com\/#website\",\"url\":\"http:\/\/aureorpg.com\/\",\"name\":\"aureorpg.com\",\"description\":\"Juego de rol de mitolog\\u00eda\",\"potentialAction\":[{\"@type\":\"SearchAction\",\"target\":\"http:\/\/aureorpg.com\/?s={search_term_string}\",\"query-input\":\"required name=search_term_string\"}],\"inLanguage\":\"en-US\"},{\"@type\":\"ImageObject\",\"@id\":\"http:\/\/aureorpg.com\/?page_id=629#primaryimage\",\"inLanguage\":\"en-US\",\"url\":\"http:\/\/aureorpg.com\/wp-content\/uploads\/2020\/11\/Aureo-Juego-de-rol-mitologia-griega-presentacion-de-Aureo.jpg\",\"width\":1100,\"height\":600},{\"@type\":\"WebPage\",\"@id\":\"http:\/\/aureorpg.com\/?page_id=629#webpage\",\"url\":\"http:\/\/aureorpg.com\/?page_id=629\",\"name\":\"Introducci\\u00f3n a \\u00c1ureo, el juego de rol - aureorpg.com\",\"isPartOf\":{\"@id\":\"http:\/\/aureorpg.com\/#website\"},\"primaryImageOfPage\":{\"@id\":\"http:\/\/aureorpg.com\/?page_id=629#primaryimage\"},\"datePublished\":\"2020-10-22T21:25:18+00:00\",\"dateModified\":\"2022-06-29T17:42:44+00:00\",\"inLanguage\":\"en-US\",\"potentialAction\":[{\"@type\":\"ReadAction\",\"target\":[\"http:\/\/aureorpg.com\/?page_id=629\"]}]}]}<\/script>\n<!-- \/ Yoast SEO plugin. -->","_links":{"self":[{"href":"http:\/\/aureorpg.com\/index.php?rest_route=\/wp\/v2\/pages\/629"}],"collection":[{"href":"http:\/\/aureorpg.com\/index.php?rest_route=\/wp\/v2\/pages"}],"about":[{"href":"http:\/\/aureorpg.com\/index.php?rest_route=\/wp\/v2\/types\/page"}],"author":[{"embeddable":true,"href":"http:\/\/aureorpg.com\/index.php?rest_route=\/wp\/v2\/users\/1"}],"replies":[{"embeddable":true,"href":"http:\/\/aureorpg.com\/index.php?rest_route=%2Fwp%2Fv2%2Fcomments&post=629"}],"version-history":[{"count":25,"href":"http:\/\/aureorpg.com\/index.php?rest_route=\/wp\/v2\/pages\/629\/revisions"}],"predecessor-version":[{"id":1379,"href":"http:\/\/aureorpg.com\/index.php?rest_route=\/wp\/v2\/pages\/629\/revisions\/1379"}],"wp:attachment":[{"href":"http:\/\/aureorpg.com\/index.php?rest_route=%2Fwp%2Fv2%2Fmedia&parent=629"}],"curies":[{"name":"wp","href":"https:\/\/api.w.org\/{rel}","templated":true}]}}