{"id":670,"date":"2020-10-22T23:41:50","date_gmt":"2020-10-22T23:41:50","guid":{"rendered":"http:\/\/aureorpg.com\/?page_id=670"},"modified":"2022-06-29T17:36:56","modified_gmt":"2022-06-29T17:36:56","slug":"el-inframundo","status":"publish","type":"page","link":"http:\/\/aureorpg.com\/?page_id=670","title":{"rendered":"El Inframundo"},"content":{"rendered":"\t\t<div data-elementor-type=\"wp-page\" data-elementor-id=\"670\" class=\"elementor elementor-670\" data-elementor-settings=\"[]\">\n\t\t\t\t\t\t<div class=\"elementor-inner\">\n\t\t\t\t\t\t\t<div class=\"elementor-section-wrap\">\n\t\t\t\t\t\t\t<section class=\"elementor-section elementor-top-section elementor-element elementor-element-7b9d13d elementor-section-full_width elementor-section-height-full elementor-section-height-default elementor-section-items-middle\" data-id=\"7b9d13d\" data-element_type=\"section\" data-settings=\"{&quot;background_background&quot;:&quot;gradient&quot;}\">\n\t\t\t\t\t\t<div class=\"elementor-container elementor-column-gap-default\">\n\t\t\t\t\t\t\t<div class=\"elementor-row\">\n\t\t\t\t\t<div class=\"elementor-column elementor-col-100 elementor-top-column elementor-element elementor-element-ed53d2a\" data-id=\"ed53d2a\" data-element_type=\"column\">\n\t\t\t<div class=\"elementor-column-wrap elementor-element-populated\">\n\t\t\t\t\t\t\t<div class=\"elementor-widget-wrap\">\n\t\t\t\t\t\t<div class=\"elementor-element elementor-element-fdd2d2d elementor-widget elementor-widget-image\" data-id=\"fdd2d2d\" data-element_type=\"widget\" data-widget_type=\"image.default\">\n\t\t\t\t<div class=\"elementor-widget-container\">\n\t\t\t\t\t<div class=\"elementor-image\">\n\t\t\t\t\t\t\t\t\t\t<img width=\"1024\" height=\"559\" src=\"http:\/\/aureorpg.com\/wp-content\/uploads\/2020\/10\/Aureo-Juego-de-rol-mitologia-griega-El-Inframundo-1024x559.jpg\" class=\"attachment-large size-large\" alt=\"\" loading=\"lazy\" srcset=\"http:\/\/aureorpg.com\/wp-content\/uploads\/2020\/10\/Aureo-Juego-de-rol-mitologia-griega-El-Inframundo-1024x559.jpg 1024w, http:\/\/aureorpg.com\/wp-content\/uploads\/2020\/10\/Aureo-Juego-de-rol-mitologia-griega-El-Inframundo-300x164.jpg 300w, http:\/\/aureorpg.com\/wp-content\/uploads\/2020\/10\/Aureo-Juego-de-rol-mitologia-griega-El-Inframundo-768x419.jpg 768w, http:\/\/aureorpg.com\/wp-content\/uploads\/2020\/10\/Aureo-Juego-de-rol-mitologia-griega-El-Inframundo.jpg 1100w\" sizes=\"(max-width: 1024px) 100vw, 1024px\" \/>\t\t\t\t\t\t\t\t\t\t\t<\/div>\n\t\t\t\t<\/div>\n\t\t\t\t<\/div>\n\t\t\t\t\t\t<\/div>\n\t\t\t\t\t<\/div>\n\t\t<\/div>\n\t\t\t\t\t\t\t\t<\/div>\n\t\t\t\t\t<\/div>\n\t\t<\/section>\n\t\t\t\t<section class=\"elementor-section elementor-top-section elementor-element elementor-element-bf0ad6b elementor-section-boxed elementor-section-height-default elementor-section-height-default\" data-id=\"bf0ad6b\" data-element_type=\"section\">\n\t\t\t\t\t\t<div class=\"elementor-container elementor-column-gap-default\">\n\t\t\t\t\t\t\t<div class=\"elementor-row\">\n\t\t\t\t\t<div class=\"elementor-column elementor-col-100 elementor-top-column elementor-element elementor-element-2c76aed\" data-id=\"2c76aed\" data-element_type=\"column\">\n\t\t\t<div class=\"elementor-column-wrap elementor-element-populated\">\n\t\t\t\t\t\t\t<div class=\"elementor-widget-wrap\">\n\t\t\t\t\t\t<div class=\"elementor-element elementor-element-5efffb9 elementor-widget elementor-widget-heading\" data-id=\"5efffb9\" data-element_type=\"widget\" data-widget_type=\"heading.default\">\n\t\t\t\t<div class=\"elementor-widget-container\">\n\t\t\t<h2 class=\"elementor-heading-title elementor-size-default\">El Inframundo: mapa de la otra vida<\/h2>\t\t<\/div>\n\t\t\t\t<\/div>\n\t\t\t\t\t\t<\/div>\n\t\t\t\t\t<\/div>\n\t\t<\/div>\n\t\t\t\t\t\t\t\t<\/div>\n\t\t\t\t\t<\/div>\n\t\t<\/section>\n\t\t\t\t<section class=\"elementor-section elementor-top-section elementor-element elementor-element-084aaed elementor-section-boxed elementor-section-height-default elementor-section-height-default\" data-id=\"084aaed\" data-element_type=\"section\">\n\t\t\t\t\t\t<div class=\"elementor-container elementor-column-gap-default\">\n\t\t\t\t\t\t\t<div class=\"elementor-row\">\n\t\t\t\t\t<div class=\"elementor-column elementor-col-100 elementor-top-column elementor-element elementor-element-e7c6917\" data-id=\"e7c6917\" data-element_type=\"column\">\n\t\t\t<div class=\"elementor-column-wrap elementor-element-populated\">\n\t\t\t\t\t\t\t<div class=\"elementor-widget-wrap\">\n\t\t\t\t\t\t<div class=\"elementor-element elementor-element-3ee7d1a elementor-widget elementor-widget-text-editor\" data-id=\"3ee7d1a\" data-element_type=\"widget\" data-widget_type=\"text-editor.default\">\n\t\t\t\t<div class=\"elementor-widget-container\">\n\t\t\t\t\t<div class=\"elementor-text-editor elementor-clearfix\"><p><span style=\"font-size: 16px;\">El Inframundo es uno de los cuatro Grandes Reinos en los que se divide en Universo (junto con el Cielo, el Mar y la Tierra), y es el lugar donde las almas de los muertos viven por toda la eternidad. Gobernado por el dios ol\u00edmpico Hades, se encuentra ubicado en el interior de la Tierra y m\u00e1s all\u00e1 del r\u00edo Oc\u00e9ano. Existen diversas puertas por las que las almas pueden llegar a este mundo, normalmente situadas en cuevas, grutas, pozos y hoyos. Tambi\u00e9n se puede llegar a trav\u00e9s de los r\u00edos y el mar, ya que todas las corrientes de agua comunican con algunos de los cinco r\u00edos del Inframundo. Este lugar se encuentra dividido a su vez en distintos reinos menores, cada uno de ellos regentado por uno o varios dioses. Estos lugares tienen sus propias reglas que afectan a la propia realidad y a las almas que habitan en ella. Aunque son muchos y variados, estos son los principales reinos menores del Inframundo:<\/span><\/p>\n<h3>La Laguna Estigia<\/h3>\n<p>Es el primer lugar al que acceden las almas de los difuntos cuando abandonan sus cuerpos y emprenden el viaje al m\u00e1s all\u00e1. All\u00ed encuentran un embarcadero en un lago que se pierde en el horizonte, con un cielo oscurecido por nubes que dejan pasar algo de luz y una fina niebla que impregna todo el lugar. Los muertos tienen el mismo aspecto que tuvieron en el momento de su muerte (reflejando en sus cuerpos si fue una muerte violenta o pac\u00edfica) y llevan los objetos que llevaban en el momento de ser enterrados. En este reino las almas son transl\u00facidas e insustanciales, por lo que no pueden tocarse entre s\u00ed. En el embarcadero se encuentra Caronte, el barquero, con ojos hechos de fuego, una larga y descuidada barba y ataviado con una t\u00fanica ra\u00edda. Aquellos difuntos que hayan sido correctamente enterrados podr\u00e1n pagarle el \u00f3volo (moneda de bronce) que cobra por transportar a sus pasajeros al otro lado de la laguna. Los que no puedan pagar el precio, tendr\u00e1n que recorrer a pie el camino del r\u00edo Erebo hasta llegar al siguiente reino. Esta peregrinaci\u00f3n, que suele durar 100 a\u00f1os, transcurre parte por el mundo de los muertos y parte por el mundo de los vivos, por lo que las sombras de estos difuntos se convertir\u00e1n en fantasmas que atormentar\u00e1n a los vivos hasta que alcancen la paz.<\/p>\n<h4>Los Prados Asf\u00f3delos<\/h4>\n<p>Custodiados por el gran Can Cerbero (criatura m\u00edtica con forma de perro de tres cabezas) que se encarga de que los muertos no puedan salir y de que los vivos no puedan entrar, se encuentran los Prados Asf\u00f3delos: una infinita llanura plagada de flores bajo un cielo con una eterna luna nueva negra superpuesta sobre un cielo anaranjado tenuemente iluminado. Aqu\u00ed es donde las almas esperan a ser juzgadas y donde residen de forma permanente la mayor\u00eda de las personas que han vivido. Al poco de llegar all\u00ed, ser\u00e1n juzgados por los actos realizados en vida: los malvados e imp\u00edos ser\u00e1n arrojados al T\u00e1rtaro, juntos con los monstruos y los dioses que lucharon en las Guerras Tit\u00e1n contra los ol\u00edmpicos; los benditos y bondadosos ser\u00e1n llevados a los Campos El\u00edseos, donde de la tierra emana miel, leche y vino; y los neutrales y mediocres pasar\u00e1n el resto de la eternidad en los mismos Prados Asf\u00f3delos, llevando una vida sencilla de tareas rutinarias en donde cada d\u00eda es igual al anterior. Llegados a este lugar las almas vuelven a ser corp\u00f3reas y vuelven a sentir hambre y sed. La \u00fanica comida disponible es la flor asf\u00f3delo, que crece por todas partes, y el agua del r\u00edo Lete, que produce la p\u00e9rdida total de la identidad y la memoria. Privados de sus recuerdos, su estatus en vida (ya no se acuerdan de si eran reyes o esclavos) su ingenio y su capacidad de progresar, las personas permanecen all\u00ed en una eterna monoton\u00eda. La \u00fanica excepci\u00f3n es cuando un familiar o amigo vierte vino sobre la tumba de estas personas, haciendo las correctas libaciones, que permite durante unos momentos al difunto recordar un momento de su vida en el que fueron felices.<\/p>\n<h3>El T\u00e1rtaro<\/h3>\n<p>El T\u00e1rtaro es un pozo de perpetuo sufrimiento y dolor rodeado por un r\u00edo de fuego (el Flegetonte) a donde son arrojados los imp\u00edos y los malvados. Este lugar est\u00e1 plagado de cacodaemones (esp\u00edritus malignos) que se dedican a torturar a sus residentes. En el centro de este lugar al que no llega la luz se encuentra la Isla de Bronce, en donde est\u00e1 encerrado Cronos, el padre de Zeus y del resto de la primera generaci\u00f3n de dioses ol\u00edmpicos. Aunque este reino se encuentra gobernado por el dios Primordial T\u00e1rtaro, algunos aseguran que Cronos ha conseguido escapar de su jaula y est\u00e1 reorganizando a su ej\u00e9rcito de Titanes para intentar recuperar el Trono de los 4 Grandes Reinos\u2026 pero nadie puede saberlo con seguridad, ya que nadie puede salir de este lugar para decir qu\u00e9 es lo que est\u00e1 pasando dentro.<\/p>\n<h3>Los Campos El\u00edseos<\/h3>\n<p>Considerado el lugar m\u00e1s bello de todo el universo, sumidos en un eterno atardecer de primavera, los Campos El\u00edseos son unas llanuras repletas de \u00e1rboles frutales en d\u00f3nde de las fuentes brota leche, vino y miel. All\u00ed, los que han sido juzgados dignos por los dioses comienzan su nueva vida eterna tras despojarse de todos sus recuerdos de su vida mortal (debido al efecto de las aguas del r\u00edo Lete) en un estado de paz y felicidad, donde pasar\u00e1n el d\u00eda festejando, bailando, jugando, y en general, siendo la mejor versi\u00f3n de ellos mismos, alejados del dolor y del sufrimiento del mundo. Los habitantes de los Campos El\u00edseos pueden casarse y tener relaciones sexuales, si bien no pueden tener hijos. En este lugar existe una isla llamada Bienaventurada en donde van los h\u00e9roes que han servido a los dioses con honor y alcanzaron la gloria en vida despu\u00e9s de ascender a un nuevo estado de existencia de Daimon. Desde all\u00ed, si sus tumbas son honradas correctamente, podr\u00e1n ser invocados como divinidades menores para que protejan a sus descendientes, sus tribus o sus polis.<\/p>\n<h3>Las Exequias: rituales funerarios<\/h3>\n<p>Las Exequias son un conjunto de rituales que tienen como objetivo ayudar al alma del difunto a llegar al otro mundo, y una vez all\u00ed, que pueda llegar al lugar que le corresponde y no acabe convirti\u00e9ndose en un fantasma condenado a vagar por la tierra. El ritual principal es el entierro, pero no es el \u00fanico, y suelen realizarse a lo largo de los primeros d\u00edas desde la muerte del homenajeado. Aunque con muchas variantes regionales (que oscilan desde las pla\u00f1ideras profesionales de la zona del \u00c1tica, a la costumbre de ridiculizar al muerto y re\u00edrse de \u00e9l de los tracios), los rituales funerarios de la religi\u00f3n ol\u00edmpica tienen estos elementos en com\u00fan:<\/p>\n<p>Primero el cuerpo del difunto es lavado y perfumado por las mujeres de la familia; se le visten con ropajes blancos y se le cierran los ojos y la boca. Despu\u00e9s es depositado en una habitaci\u00f3n de la casa durante tres d\u00edas, permitiendo que todo el que quiera pueda honrar el cad\u00e1ver y despedirse de \u00e9l.&nbsp;<span style=\"font-size: 16px;\">En segundo lugar, viene el cortejo f\u00fanebre, realizado durante la noche, en donde los amigos y familiares llevan el cuerpo del difunto a la necr\u00f3polis (o ciudad de los muertos, situadas extramuros de las polis a un estadio de distancia) acompa\u00f1ados con m\u00fasica. El cuerpo es transportado sobre los hombros o en un carruaje. Los hombres van delante del cuerpo, y las mujeres, detr\u00e1s. Una vez llegado al lugar, el cuerpo o la urna con las cenizas era enterrada junto con algunos de sus objetos de valor (como joyas, juguetes, armas\u2026), y un \u00f3volo para pagar a Caronte, situado bajo la lengua o sobre los ojos. Despu\u00e9s, se dicen las \u00faltimas despedidas y se hacen libaciones sobre la tumba de agua, leche, miel y vino. Por \u00faltimo, se realiza un banquete para los asistentes al funeral, como homenaje al muerto, en el que el tema principal de conversaci\u00f3n es aquello que honr\u00f3 su vida y sus virtudes. Durante todos estos rituales, el esp\u00edritu del difunto est\u00e1 presente, contemplando los homenajes de los seres queridos. Si los rituales han sido realizados correctamente, podr\u00e1 marchar en paz a la otra vida.<\/span><\/p>\n<h3>La necromancia<\/h3>\n<p>Este conocimiento ocultista se encuentra a medio camino entre la religi\u00f3n, la superstici\u00f3n, la ciencia y la magia negra, y re\u00fanen una serie de creencias, rituales, y sustancias qu\u00edmicas que se utilizan para entrar en contacto con los esp\u00edritus de los muertos. Prohibidos por algunas leyes, y considerados como actos imp\u00edos por muchos, la necromancia es un arte extremadamente dif\u00edcil de realizar, solo aptos para expertos en tanatolog\u00eda y teolog\u00eda, y para aquellos que han nacido con el don de ser clarividentes. Su peligrosidad se debe a que los \u00fanicos esp\u00edritus que pueden contactarse en el mundo de los vivos son aquellos que, al no haber sido enterrados correctamente, se han convertido en sombras y fantasmas. Estas criaturas, despojadas de gran parte de su humanidad, pueden resultar peligrosas si no son apaciguadas correctamente; quiz\u00e1s no puedan herirte f\u00edsicamente, pero pueden producirte enfermedades de la mente y el alma de todo tipo. Adem\u00e1s, cuando uno invoca a los esp\u00edritus que se encuentran a medio camino entre el mundo de los vivos y de los muertos, uno nunca sabe si atraer\u00e1 la atenci\u00f3n no deseada de un esp\u00edritu maligno como un cacodaemon o si molestar\u00e1 a Mel\u00edone, hija de Hades y diosa de los fantasmas.&nbsp;&nbsp;<\/p>\n<p>Debido a que el trauma de la muerte les hace bloquear recuerdos, la mayor\u00eda de los fantasmas no saben c\u00f3mo murieron, por lo que preguntarles por ello resulta bastante in\u00fatil; algunos de ellos ni siquiera son conscientes de que est\u00e1n muertos o de quienes fueron. Entonces, \u00bfpara qu\u00e9 sirve la necromancia? Este arte oscuro tiene m\u00faltiples usos, entre los que se encuentran principalmente maldecir a personas a trav\u00e9s de los katares (maldiciones que se enterraban en tumbas junto con ofrendas a los muertos, especialmente, de ni\u00f1os), obtener profec\u00edas del futuro (muchas personas desarrollan poderes adivinatorios al convertirse en esp\u00edritus) o ayudar a las almas errantes a alcanzar la paz. Por \u00faltimo, hay que se\u00f1alar que no hay que confundir la necromancia con la nigromancia, basada en resucitar muertos, reanimar cad\u00e1veres y encontrar formas imp\u00edas de burlar a la muerte: la nigromancia es una disciplina prohibida tanto por Hades como por el mism\u00edsimo Zeus, y aquellos que la practican, aunque intenten retrasar lo inevitable, acabar\u00e1n pasando toda la eternidad en el T\u00e1rtaro.&nbsp;<\/p><\/div>\n\t\t\t\t<\/div>\n\t\t\t\t<\/div>\n\t\t\t\t\t\t<\/div>\n\t\t\t\t\t<\/div>\n\t\t<\/div>\n\t\t\t\t\t\t\t\t<\/div>\n\t\t\t\t\t<\/div>\n\t\t<\/section>\n\t\t\t\t<section class=\"elementor-section elementor-top-section elementor-element elementor-element-09336ae elementor-section-full_width elementor-section-height-default elementor-section-height-default\" data-id=\"09336ae\" data-element_type=\"section\" data-settings=\"{&quot;background_background&quot;:&quot;slideshow&quot;,&quot;background_slideshow_gallery&quot;:[{&quot;id&quot;:1294,&quot;url&quot;:&quot;http:\\\/\\\/aureorpg.com\\\/wp-content\\\/uploads\\\/2022\\\/06\\\/Anadir-un-subtitulo.jpg&quot;}],&quot;background_slideshow_loop&quot;:&quot;yes&quot;,&quot;background_slideshow_slide_duration&quot;:5000,&quot;background_slideshow_slide_transition&quot;:&quot;fade&quot;,&quot;background_slideshow_transition_duration&quot;:500}\">\n\t\t\t\t\t\t<div class=\"elementor-container elementor-column-gap-default\">\n\t\t\t\t\t\t\t<div class=\"elementor-row\">\n\t\t\t\t\t<div class=\"elementor-column elementor-col-33 elementor-top-column elementor-element elementor-element-f4027bd\" data-id=\"f4027bd\" data-element_type=\"column\">\n\t\t\t<div class=\"elementor-column-wrap elementor-element-populated\">\n\t\t\t\t\t\t\t<div class=\"elementor-widget-wrap\">\n\t\t\t\t\t\t<div class=\"elementor-element elementor-element-c9ef846 elementor-align-left elementor-widget elementor-widget-button\" data-id=\"c9ef846\" data-element_type=\"widget\" data-widget_type=\"button.default\">\n\t\t\t\t<div class=\"elementor-widget-container\">\n\t\t\t\t\t<div class=\"elementor-button-wrapper\">\n\t\t\t<a href=\"http:\/\/aureorpg.com\/?page_id=1176\" class=\"elementor-button-link elementor-button elementor-size-sm\" role=\"button\">\n\t\t\t\t\t\t<span class=\"elementor-button-content-wrapper\">\n\t\t\t\t\t\t<span class=\"elementor-button-text\">Accede a nuestra zona gratuita de descargas<\/span>\n\t\t<\/span>\n\t\t\t\t\t<\/a>\n\t\t<\/div>\n\t\t\t\t<\/div>\n\t\t\t\t<\/div>\n\t\t\t\t\t\t<\/div>\n\t\t\t\t\t<\/div>\n\t\t<\/div>\n\t\t\t\t<div class=\"elementor-column elementor-col-66 elementor-top-column elementor-element elementor-element-74cf509\" data-id=\"74cf509\" data-element_type=\"column\">\n\t\t\t<div class=\"elementor-column-wrap\">\n\t\t\t\t\t\t\t<div class=\"elementor-widget-wrap\">\n\t\t\t\t\t\t\t\t<\/div>\n\t\t\t\t\t<\/div>\n\t\t<\/div>\n\t\t\t\t\t\t\t\t<\/div>\n\t\t\t\t\t<\/div>\n\t\t<\/section>\n\t\t\t\t\t\t<\/div>\n\t\t\t\t\t\t<\/div>\n\t\t\t\t\t<\/div>\n\t\t","protected":false},"excerpt":{"rendered":"<p>El Inframundo: mapa de la otra vida El Inframundo es uno de los cuatro Grandes Reinos en los que se divide en Universo (junto con el Cielo, el Mar y la Tierra), y es el lugar donde las almas de los muertos viven por toda la eternidad. Gobernado por el dios ol\u00edmpico Hades, se encuentra &hellip;<\/p>\n<p class=\"read-more\"> <a class=\"\" href=\"http:\/\/aureorpg.com\/?page_id=670\"> <span class=\"screen-reader-text\">El Inframundo<\/span> Read More &raquo;<\/a><\/p>\n","protected":false},"author":1,"featured_media":0,"parent":0,"menu_order":0,"comment_status":"closed","ping_status":"closed","template":"","meta":[],"yoast_head":"<!-- This site is optimized with the Yoast SEO plugin v15.1.1 - https:\/\/yoast.com\/wordpress\/plugins\/seo\/ -->\n<title>El Inframundo - aureorpg.com<\/title>\n<meta name=\"robots\" content=\"index, follow, max-snippet:-1, max-image-preview:large, max-video-preview:-1\" \/>\n<link rel=\"canonical\" href=\"http:\/\/aureorpg.com\/?page_id=670\" \/>\n<meta property=\"og:locale\" content=\"en_US\" \/>\n<meta property=\"og:type\" content=\"article\" \/>\n<meta property=\"og:title\" content=\"El Inframundo - aureorpg.com\" \/>\n<meta property=\"og:description\" content=\"El Inframundo: mapa de la otra vida El Inframundo es uno de los cuatro Grandes Reinos en los que se divide en Universo (junto con el Cielo, el Mar y la Tierra), y es el lugar donde las almas de los muertos viven por toda la eternidad. Gobernado por el dios ol\u00edmpico Hades, se encuentra &hellip; El Inframundo Read More &raquo;\" \/>\n<meta property=\"og:url\" content=\"http:\/\/aureorpg.com\/?page_id=670\" \/>\n<meta property=\"og:site_name\" content=\"aureorpg.com\" \/>\n<meta property=\"article:modified_time\" content=\"2022-06-29T17:36:56+00:00\" \/>\n<meta property=\"og:image\" content=\"http:\/\/aureorpg.com\/wp-content\/uploads\/2020\/10\/Aureo-Juego-de-rol-mitologia-griega-El-Inframundo-1024x559.jpg\" \/>\n<meta name=\"twitter:card\" content=\"summary_large_image\" \/>\n<script type=\"application\/ld+json\" class=\"yoast-schema-graph\">{\"@context\":\"https:\/\/schema.org\",\"@graph\":[{\"@type\":\"WebSite\",\"@id\":\"http:\/\/aureorpg.com\/#website\",\"url\":\"http:\/\/aureorpg.com\/\",\"name\":\"aureorpg.com\",\"description\":\"Juego de rol de mitolog\\u00eda\",\"potentialAction\":[{\"@type\":\"SearchAction\",\"target\":\"http:\/\/aureorpg.com\/?s={search_term_string}\",\"query-input\":\"required name=search_term_string\"}],\"inLanguage\":\"en-US\"},{\"@type\":\"ImageObject\",\"@id\":\"http:\/\/aureorpg.com\/?page_id=670#primaryimage\",\"inLanguage\":\"en-US\",\"url\":\"http:\/\/aureorpg.com\/wp-content\/uploads\/2020\/10\/Aureo-Juego-de-rol-mitologia-griega-El-Inframundo.jpg\",\"width\":1100,\"height\":600},{\"@type\":\"WebPage\",\"@id\":\"http:\/\/aureorpg.com\/?page_id=670#webpage\",\"url\":\"http:\/\/aureorpg.com\/?page_id=670\",\"name\":\"El Inframundo - aureorpg.com\",\"isPartOf\":{\"@id\":\"http:\/\/aureorpg.com\/#website\"},\"primaryImageOfPage\":{\"@id\":\"http:\/\/aureorpg.com\/?page_id=670#primaryimage\"},\"datePublished\":\"2020-10-22T23:41:50+00:00\",\"dateModified\":\"2022-06-29T17:36:56+00:00\",\"inLanguage\":\"en-US\",\"potentialAction\":[{\"@type\":\"ReadAction\",\"target\":[\"http:\/\/aureorpg.com\/?page_id=670\"]}]}]}<\/script>\n<!-- \/ Yoast SEO plugin. -->","_links":{"self":[{"href":"http:\/\/aureorpg.com\/index.php?rest_route=\/wp\/v2\/pages\/670"}],"collection":[{"href":"http:\/\/aureorpg.com\/index.php?rest_route=\/wp\/v2\/pages"}],"about":[{"href":"http:\/\/aureorpg.com\/index.php?rest_route=\/wp\/v2\/types\/page"}],"author":[{"embeddable":true,"href":"http:\/\/aureorpg.com\/index.php?rest_route=\/wp\/v2\/users\/1"}],"replies":[{"embeddable":true,"href":"http:\/\/aureorpg.com\/index.php?rest_route=%2Fwp%2Fv2%2Fcomments&post=670"}],"version-history":[{"count":11,"href":"http:\/\/aureorpg.com\/index.php?rest_route=\/wp\/v2\/pages\/670\/revisions"}],"predecessor-version":[{"id":1366,"href":"http:\/\/aureorpg.com\/index.php?rest_route=\/wp\/v2\/pages\/670\/revisions\/1366"}],"wp:attachment":[{"href":"http:\/\/aureorpg.com\/index.php?rest_route=%2Fwp%2Fv2%2Fmedia&parent=670"}],"curies":[{"name":"wp","href":"https:\/\/api.w.org\/{rel}","templated":true}]}}