{"id":680,"date":"2020-10-23T00:13:31","date_gmt":"2020-10-23T00:13:31","guid":{"rendered":"http:\/\/aureorpg.com\/?page_id=680"},"modified":"2022-06-29T17:36:38","modified_gmt":"2022-06-29T17:36:38","slug":"el-aureo","status":"publish","type":"page","link":"http:\/\/aureorpg.com\/?page_id=680","title":{"rendered":"El \u00e1ureo"},"content":{"rendered":"\t\t<div data-elementor-type=\"wp-page\" data-elementor-id=\"680\" class=\"elementor elementor-680\" data-elementor-settings=\"[]\">\n\t\t\t\t\t\t<div class=\"elementor-inner\">\n\t\t\t\t\t\t\t<div class=\"elementor-section-wrap\">\n\t\t\t\t\t\t\t<section class=\"elementor-section elementor-top-section elementor-element elementor-element-8f2f1ef elementor-section-full_width elementor-section-height-full elementor-section-height-default elementor-section-items-middle\" data-id=\"8f2f1ef\" data-element_type=\"section\" data-settings=\"{&quot;background_background&quot;:&quot;gradient&quot;}\">\n\t\t\t\t\t\t<div class=\"elementor-container elementor-column-gap-default\">\n\t\t\t\t\t\t\t<div class=\"elementor-row\">\n\t\t\t\t\t<div class=\"elementor-column elementor-col-100 elementor-top-column elementor-element elementor-element-2079d7f\" data-id=\"2079d7f\" data-element_type=\"column\">\n\t\t\t<div class=\"elementor-column-wrap elementor-element-populated\">\n\t\t\t\t\t\t\t<div class=\"elementor-widget-wrap\">\n\t\t\t\t\t\t<div class=\"elementor-element elementor-element-74d061b elementor-widget elementor-widget-image\" data-id=\"74d061b\" data-element_type=\"widget\" data-widget_type=\"image.default\">\n\t\t\t\t<div class=\"elementor-widget-container\">\n\t\t\t\t\t<div class=\"elementor-image\">\n\t\t\t\t\t\t\t\t\t\t<img width=\"1024\" height=\"559\" src=\"http:\/\/aureorpg.com\/wp-content\/uploads\/2020\/10\/Aureo-Juego-de-rol-mitologia-griega-El-aureo-2-1024x559.jpg\" class=\"attachment-large size-large\" alt=\"\" loading=\"lazy\" srcset=\"http:\/\/aureorpg.com\/wp-content\/uploads\/2020\/10\/Aureo-Juego-de-rol-mitologia-griega-El-aureo-2-1024x559.jpg 1024w, http:\/\/aureorpg.com\/wp-content\/uploads\/2020\/10\/Aureo-Juego-de-rol-mitologia-griega-El-aureo-2-300x164.jpg 300w, http:\/\/aureorpg.com\/wp-content\/uploads\/2020\/10\/Aureo-Juego-de-rol-mitologia-griega-El-aureo-2-768x419.jpg 768w, http:\/\/aureorpg.com\/wp-content\/uploads\/2020\/10\/Aureo-Juego-de-rol-mitologia-griega-El-aureo-2.jpg 1100w\" sizes=\"(max-width: 1024px) 100vw, 1024px\" \/>\t\t\t\t\t\t\t\t\t\t\t<\/div>\n\t\t\t\t<\/div>\n\t\t\t\t<\/div>\n\t\t\t\t\t\t<\/div>\n\t\t\t\t\t<\/div>\n\t\t<\/div>\n\t\t\t\t\t\t\t\t<\/div>\n\t\t\t\t\t<\/div>\n\t\t<\/section>\n\t\t\t\t<section class=\"elementor-section elementor-top-section elementor-element elementor-element-bf0ad6b elementor-section-boxed elementor-section-height-default elementor-section-height-default\" data-id=\"bf0ad6b\" data-element_type=\"section\">\n\t\t\t\t\t\t<div class=\"elementor-container elementor-column-gap-default\">\n\t\t\t\t\t\t\t<div class=\"elementor-row\">\n\t\t\t\t\t<div class=\"elementor-column elementor-col-100 elementor-top-column elementor-element elementor-element-2c76aed\" data-id=\"2c76aed\" data-element_type=\"column\">\n\t\t\t<div class=\"elementor-column-wrap elementor-element-populated\">\n\t\t\t\t\t\t\t<div class=\"elementor-widget-wrap\">\n\t\t\t\t\t\t<div class=\"elementor-element elementor-element-5efffb9 elementor-widget elementor-widget-heading\" data-id=\"5efffb9\" data-element_type=\"widget\" data-widget_type=\"heading.default\">\n\t\t\t\t<div class=\"elementor-widget-container\">\n\t\t\t<h2 class=\"elementor-heading-title elementor-size-default\">El \u00e1ureo: la esencia de la magia<\/h2>\t\t<\/div>\n\t\t\t\t<\/div>\n\t\t\t\t\t\t<\/div>\n\t\t\t\t\t<\/div>\n\t\t<\/div>\n\t\t\t\t\t\t\t\t<\/div>\n\t\t\t\t\t<\/div>\n\t\t<\/section>\n\t\t\t\t<section class=\"elementor-section elementor-top-section elementor-element elementor-element-084aaed elementor-section-boxed elementor-section-height-default elementor-section-height-default\" data-id=\"084aaed\" data-element_type=\"section\">\n\t\t\t\t\t\t<div class=\"elementor-container elementor-column-gap-default\">\n\t\t\t\t\t\t\t<div class=\"elementor-row\">\n\t\t\t\t\t<div class=\"elementor-column elementor-col-100 elementor-top-column elementor-element elementor-element-e7c6917\" data-id=\"e7c6917\" data-element_type=\"column\">\n\t\t\t<div class=\"elementor-column-wrap elementor-element-populated\">\n\t\t\t\t\t\t\t<div class=\"elementor-widget-wrap\">\n\t\t\t\t\t\t<div class=\"elementor-element elementor-element-3ee7d1a elementor-widget elementor-widget-text-editor\" data-id=\"3ee7d1a\" data-element_type=\"widget\" data-widget_type=\"text-editor.default\">\n\t\t\t\t<div class=\"elementor-widget-container\">\n\t\t\t\t\t<div class=\"elementor-text-editor elementor-clearfix\"><p>El \u00e1ureo es la esencia divina de los dioses: una energ\u00eda que fluye por el Universo, presente en todos los milagros. De \u00e9l extraen su poder los inmortales y lo irradian impregnando a los seres que interact\u00faan con ellos. Los h\u00e9roes tienen parte de esta esencia, al igual que algunos objetos, criaturas y lugares. Los elegidos por las deidades utilizan el \u00e1ureo para realizar proezas sobrehumanas, y los dioses, para moldear el Universo a su antojo.<\/p><h3>Tipos de \u00e1ureo<\/h3><h3><b><span style=\"font-size: 14.0pt;\">\u00c1ureo permanente<\/span><\/b><\/h3><p>El \u00e1ureo permanente representa la conexi\u00f3n del personaje con los dioses. Este \u00e1ureo se desarrolla desde el momento del nacimiento o interactuando con los dioses. El \u00e1ureo permanente puede aumentar a lo largo de las aventuras de los personajes, normalmente, como consecuencia de realizar actos heroicos. El \u00e1ureo permanente marca el m\u00e1ximo de \u00e1ureo temporal que un personaje puede acumular y con el que empiezan la aventura.<\/p><h3><b><span style=\"font-size: 14.0pt;\">\u00c1ureo temporal<\/span><\/b><\/h3><p>El \u00e1ureo temporal puede utilizarse para hacer proezas dignas de un semidi\u00f3s en momentos concretos. <b>Su uso m\u00e1s habitual es que, una vez por Turno, puede utilizarse 1 punto de \u00e1ureo temporal para obtener un bonus espec\u00edfico de +5 a una Acci\u00f3n Ofensiva, Defensiva, Pasiva o de Movimiento<\/b> (no se puede utilizar para conseguir bonus en las Acciones que activan rezos o te defienden de ellos, como son las Acciones Mentales o Especiales). Tambi\u00e9n es necesario para activar algunos rezos y dones de gran poder. El m\u00e1ximo de \u00e1ureo temporal que un personaje puede tener es igual a su \u00e1ureo permanente. Al empezar cada sesi\u00f3n de juego, todos los personajes recuperan 1 punto de \u00e1ureo temporal.<\/p><h3><b><span style=\"font-size: 14.0pt;\">Experiencia de \u00e1ureo<\/span><\/b><\/h3><p>Al realizar actos heroicos se puede ganar experiencia de \u00e1ureo. Cuando se consiguen 10 puntos de experiencia de \u00e1ureo, se aumenta en 1 nivel el \u00e1ureo permanente. En ese momento, el personaje recuperar\u00e1 todos los puntos de \u00e1ureo temporal y vivir\u00e1 una experiencia m\u00edstica que el Demiurgo debe describir: a mayor aumento de \u00e1ureo permanente, m\u00e1s espectacular debe ser la experiencia m\u00edstica, la cual puede comprender desde una aureola alrededor del personaje, un comportamiento anormal de los astros celestes (como que se haga de d\u00eda en plena noche o viceversa), que el agua se petrifique o empiece a caer de la tierra al cielo, que una escultura que representa al personaje en una postura heroica emane de la tierra\u2026<\/p><h3 style=\"font-size: 1.55556rem; font-style: normal;\">Actos heroicos para conseguir experiencia de \u00e1ureo<\/h3><p>Los actos heroicos son proezas que marcan la diferencia en el destino del Universo y por los que los h\u00e9roes aumentan su conexi\u00f3n con los dioses y se acercan a la inmortalidad. Cuando m\u00e1s \u00e1ureo tiene un personaje, m\u00e1s dif\u00edcil le resulta seguir ganando experiencia de \u00e1ureo para aumentar su poder. Cuando termina una sesi\u00f3n de juego, el Demiurgo y cada uno de los jugadores deben repasar las haza\u00f1as de cada personaje, y determinar si alguna de ellas podr\u00eda considerarse como un acto heroico, seg\u00fan la tabla que aparece a continuaci\u00f3n. De ser as\u00ed, el personaje ganar\u00e1 1 punto de experiencia de \u00e1ureo. Algunos de estos actos son:<\/p><p>\u2022 Matar sin ayuda a una criatura o h\u00e9roe que tenga \u00e1ureo permanente igual al del PJ.<\/p><p>\u2022 Matar con o sin ayuda a una criatura o h\u00e9roe que tenga \u00e1ureo permanente superior al del PJ.\u00a0<\/p><p>\u2022 Sacar un doble 10 en los dados (solo una vez por sesi\u00f3n).<\/p><p>\u2022 Salvarle la vida a una persona cuyo destino era ser una pieza importante en el plan del Universo (a criterio del Demiurgo).<\/p><p>\u2022 Hacer sangrar a un dios.<\/p><p>\u2022 Mantener relaciones sexuales con un dios.<\/p><p>\u2022 Hacer huir de un combate a una criatura legendaria de \u00e1ureo 9.<\/p><p>\u2022 Ser coronado rey o reina.<\/p><p>\u2022 Ser ordenado alto sacerdote o sacerdotisa.<\/p><p>\u2022 Conquistar un Estado o su polis principal.<\/p><p>\u2022 Ser uno de los protagonistas del bando ganador de una guerra.<\/p><p>\u2022 Vencer a un dios en un combate, un duelo de ingenio o una competici\u00f3n deportiva o art\u00edstica.<\/p><p>Esta lista debe entenderse como una gu\u00eda general y se aconseja que sea usada de forma razonable y flexible. Si en una sola partida un jugador mata a doce enemigos o criaturas que deben hacer ganar experiencia de \u00e1ureo, dale 1 punto, 2 a lo sumo, pero no 1 por cada enemigo. Puedes ser m\u00e1s ben\u00e9volo con los personajes que tengan \u00e1ureo permanente bajo en relaci\u00f3n al resto del grupo, y darles experiencia por haza\u00f1as parecidas a las de la lista (tener una charla interesante con un dios; hacer huir a una criatura de \u00e1ureo permanente alto, perder una competici\u00f3n con un dios habi\u00e9ndolo hecho muy bien\u2026). Por el contrario, hay que ser especialmente exigente con aquellos que tengan \u00e1ureo permanente 9, ya que est\u00e1n cerca de convertirse en dioses. Por eso, solo debe darse experiencia de \u00e1ureo a las proezas m\u00e1s impresionantes (puedes utilizar como ejemplo los doce trabajos de Heracles).<\/p><h3>Entrar en &#8220;modo dios&#8221;<\/h3><p>Existen dos principales diferencias entre los dioses y los mortales: el \u00e1ureo permanente (todos los dioses tienen, al menos, 10 puntos) y la forma de utilizar el \u00e1ureo temporal. Los dioses no solo pueden gastar esta energ\u00eda para obtener bonus a algunas tiradas (como hacen normalmente los protagonistas), sino que han aprendido a utilizar el \u00e1ureo para potenciar sus dones naturales y sus poderes m\u00e1gicos, y as\u00ed dominar las fuerzas del Universo y moldear la realidad a su antojo. En ocasiones puntuales (como mucho, una vez por partida), y siempre que lo autorice el Demiurgo, los PJ pueden acceder a su naturaleza divina y utilizar el \u00e1ureo de la misma forma en la que la usan los dioses. Esta es una forma libre de juego en la que, bas\u00e1ndonos en unos par\u00e1metros establecidos, el Demiurgo debe decidir c\u00f3mo influyen los poderes del h\u00e9roe en el entorno que les rodea. La mec\u00e1nica b\u00e1sica es que se utiliza el \u00e1ureo temporal para hacer m\u00e1s poderosos los efectos de los rezos y de los dones divinos de los personajes. A continuaci\u00f3n, citaremos algunos criterios para que sirvan de gu\u00eda:<\/p><p><b>1 punto de \u00e1ureo<\/b>: +2 Acci\u00f3n Mental o Acci\u00f3n Especial o duplicar el n\u00famero de personas a las que deber\u00eda afectar el rezo o don.<\/p><p><b>2 puntos de \u00e1ureo<\/b>: Duplicar los efectos del rezo o don (bonus o malus) o duplicar la duraci\u00f3n de un rezo o don.<\/p><p><b>3 puntos de \u00e1ureo<\/b>: Duplicar los efectos de un rezo o don que necesiten \u00e1ureo para funcionar o el personaje puede transmitir los efectos de un rezo o don que deber\u00eda afectarle solo a \u00e9l mismo para que tambi\u00e9n afecte a otra persona.<\/p><p><b>4 puntos de \u00e1ureo<\/b>: El personaje puede transmitir los efectos de un rezo o don que deber\u00eda afectar solo a un personaje para que afecte a toda un \u00e1rea o puede hacer que los efectos de un rezo o don pasen de durar 1 Turno o una Escena a todo un d\u00eda.<\/p><p><b>5 puntos de \u00e1ureo<\/b>: El personaje puede hacer que un rezo o don funcionen de forma mucho m\u00e1s potente de como estaban concebidos, tales como crear criaturas de la nada (en vez de invocarlas), crecer hasta medir 20 codos (en vez de los 4 que permite el don divino <i>Sangre de <ins cite=\"mailto:Juan\" datetime=\"2021-03-23T10:03\">gigante<\/ins><\/i>), viajar a la velocidad del sonido (en vez del doble de r\u00e1pido con el don divino <i><ins cite=\"mailto:Juan\" datetime=\"2021-03-17T09:42\">P<\/ins>ies alados<\/i>\u2026) o puede hacer que un rezo o don funcionen de una forma alternativa y parecida a como estaba pensado, tales como hacer llover vino en vez de agua, en vez de controlar criaturas, convertir a alguien en una de ellas\u2026 Si se quiere que alguno de estos poderes afecte de forma negativa a otro protagonista, habr\u00e1 que hacer una tirada enfrentada de \u00e1ureo permanente contra \u00e1ureo permanente.<\/p><\/div>\n\t\t\t\t<\/div>\n\t\t\t\t<\/div>\n\t\t\t\t\t\t<\/div>\n\t\t\t\t\t<\/div>\n\t\t<\/div>\n\t\t\t\t\t\t\t\t<\/div>\n\t\t\t\t\t<\/div>\n\t\t<\/section>\n\t\t\t\t<section class=\"elementor-section elementor-top-section elementor-element elementor-element-64a0191 elementor-section-full_width elementor-section-height-default elementor-section-height-default\" data-id=\"64a0191\" data-element_type=\"section\" data-settings=\"{&quot;background_background&quot;:&quot;slideshow&quot;,&quot;background_slideshow_gallery&quot;:[{&quot;id&quot;:1294,&quot;url&quot;:&quot;http:\\\/\\\/aureorpg.com\\\/wp-content\\\/uploads\\\/2022\\\/06\\\/Anadir-un-subtitulo.jpg&quot;}],&quot;background_slideshow_loop&quot;:&quot;yes&quot;,&quot;background_slideshow_slide_duration&quot;:5000,&quot;background_slideshow_slide_transition&quot;:&quot;fade&quot;,&quot;background_slideshow_transition_duration&quot;:500}\">\n\t\t\t\t\t\t<div class=\"elementor-container elementor-column-gap-default\">\n\t\t\t\t\t\t\t<div class=\"elementor-row\">\n\t\t\t\t\t<div class=\"elementor-column elementor-col-33 elementor-top-column elementor-element elementor-element-d979210\" data-id=\"d979210\" data-element_type=\"column\">\n\t\t\t<div class=\"elementor-column-wrap elementor-element-populated\">\n\t\t\t\t\t\t\t<div class=\"elementor-widget-wrap\">\n\t\t\t\t\t\t<div class=\"elementor-element elementor-element-ded650c elementor-align-left elementor-widget elementor-widget-button\" data-id=\"ded650c\" data-element_type=\"widget\" data-widget_type=\"button.default\">\n\t\t\t\t<div class=\"elementor-widget-container\">\n\t\t\t\t\t<div class=\"elementor-button-wrapper\">\n\t\t\t<a href=\"http:\/\/aureorpg.com\/?page_id=1176\" class=\"elementor-button-link elementor-button elementor-size-sm\" role=\"button\">\n\t\t\t\t\t\t<span class=\"elementor-button-content-wrapper\">\n\t\t\t\t\t\t<span class=\"elementor-button-text\">Accede a nuestra zona gratuita de descargas<\/span>\n\t\t<\/span>\n\t\t\t\t\t<\/a>\n\t\t<\/div>\n\t\t\t\t<\/div>\n\t\t\t\t<\/div>\n\t\t\t\t\t\t<\/div>\n\t\t\t\t\t<\/div>\n\t\t<\/div>\n\t\t\t\t<div class=\"elementor-column elementor-col-66 elementor-top-column elementor-element elementor-element-451ea68\" data-id=\"451ea68\" data-element_type=\"column\">\n\t\t\t<div class=\"elementor-column-wrap\">\n\t\t\t\t\t\t\t<div class=\"elementor-widget-wrap\">\n\t\t\t\t\t\t\t\t<\/div>\n\t\t\t\t\t<\/div>\n\t\t<\/div>\n\t\t\t\t\t\t\t\t<\/div>\n\t\t\t\t\t<\/div>\n\t\t<\/section>\n\t\t\t\t\t\t<\/div>\n\t\t\t\t\t\t<\/div>\n\t\t\t\t\t<\/div>\n\t\t","protected":false},"excerpt":{"rendered":"<p>El \u00e1ureo: la esencia de la magia El \u00e1ureo es la esencia divina de los dioses: una energ\u00eda que fluye por el Universo, presente en todos los milagros. De \u00e9l extraen su poder los inmortales y lo irradian impregnando a los seres que interact\u00faan con ellos. Los h\u00e9roes tienen parte de esta esencia, al igual &hellip;<\/p>\n<p class=\"read-more\"> <a class=\"\" href=\"http:\/\/aureorpg.com\/?page_id=680\"> <span class=\"screen-reader-text\">El \u00e1ureo<\/span> Read More &raquo;<\/a><\/p>\n","protected":false},"author":1,"featured_media":0,"parent":0,"menu_order":0,"comment_status":"closed","ping_status":"closed","template":"","meta":[],"yoast_head":"<!-- This site is optimized with the Yoast SEO plugin v15.1.1 - https:\/\/yoast.com\/wordpress\/plugins\/seo\/ -->\n<title>El \u00e1ureo - aureorpg.com<\/title>\n<meta name=\"robots\" content=\"index, follow, max-snippet:-1, max-image-preview:large, max-video-preview:-1\" \/>\n<link rel=\"canonical\" href=\"http:\/\/aureorpg.com\/?page_id=680\" \/>\n<meta property=\"og:locale\" content=\"en_US\" \/>\n<meta property=\"og:type\" content=\"article\" \/>\n<meta property=\"og:title\" content=\"El \u00e1ureo - aureorpg.com\" \/>\n<meta property=\"og:description\" content=\"El \u00e1ureo: la esencia de la magia El \u00e1ureo es la esencia divina de los dioses: una energ\u00eda que fluye por el Universo, presente en todos los milagros. De \u00e9l extraen su poder los inmortales y lo irradian impregnando a los seres que interact\u00faan con ellos. Los h\u00e9roes tienen parte de esta esencia, al igual &hellip; El \u00e1ureo Read More &raquo;\" \/>\n<meta property=\"og:url\" content=\"http:\/\/aureorpg.com\/?page_id=680\" \/>\n<meta property=\"og:site_name\" content=\"aureorpg.com\" \/>\n<meta property=\"article:modified_time\" content=\"2022-06-29T17:36:38+00:00\" \/>\n<meta property=\"og:image\" content=\"http:\/\/aureorpg.com\/wp-content\/uploads\/2020\/10\/Aureo-Juego-de-rol-mitologia-griega-El-aureo-2-1024x559.jpg\" \/>\n<meta name=\"twitter:card\" content=\"summary_large_image\" \/>\n<script type=\"application\/ld+json\" class=\"yoast-schema-graph\">{\"@context\":\"https:\/\/schema.org\",\"@graph\":[{\"@type\":\"WebSite\",\"@id\":\"http:\/\/aureorpg.com\/#website\",\"url\":\"http:\/\/aureorpg.com\/\",\"name\":\"aureorpg.com\",\"description\":\"Juego de rol de mitolog\\u00eda\",\"potentialAction\":[{\"@type\":\"SearchAction\",\"target\":\"http:\/\/aureorpg.com\/?s={search_term_string}\",\"query-input\":\"required name=search_term_string\"}],\"inLanguage\":\"en-US\"},{\"@type\":\"ImageObject\",\"@id\":\"http:\/\/aureorpg.com\/?page_id=680#primaryimage\",\"inLanguage\":\"en-US\",\"url\":\"http:\/\/aureorpg.com\/wp-content\/uploads\/2020\/10\/Aureo-Juego-de-rol-mitologia-griega-El-aureo-2.jpg\",\"width\":1100,\"height\":600},{\"@type\":\"WebPage\",\"@id\":\"http:\/\/aureorpg.com\/?page_id=680#webpage\",\"url\":\"http:\/\/aureorpg.com\/?page_id=680\",\"name\":\"El \\u00e1ureo - aureorpg.com\",\"isPartOf\":{\"@id\":\"http:\/\/aureorpg.com\/#website\"},\"primaryImageOfPage\":{\"@id\":\"http:\/\/aureorpg.com\/?page_id=680#primaryimage\"},\"datePublished\":\"2020-10-23T00:13:31+00:00\",\"dateModified\":\"2022-06-29T17:36:38+00:00\",\"inLanguage\":\"en-US\",\"potentialAction\":[{\"@type\":\"ReadAction\",\"target\":[\"http:\/\/aureorpg.com\/?page_id=680\"]}]}]}<\/script>\n<!-- \/ Yoast SEO plugin. -->","_links":{"self":[{"href":"http:\/\/aureorpg.com\/index.php?rest_route=\/wp\/v2\/pages\/680"}],"collection":[{"href":"http:\/\/aureorpg.com\/index.php?rest_route=\/wp\/v2\/pages"}],"about":[{"href":"http:\/\/aureorpg.com\/index.php?rest_route=\/wp\/v2\/types\/page"}],"author":[{"embeddable":true,"href":"http:\/\/aureorpg.com\/index.php?rest_route=\/wp\/v2\/users\/1"}],"replies":[{"embeddable":true,"href":"http:\/\/aureorpg.com\/index.php?rest_route=%2Fwp%2Fv2%2Fcomments&post=680"}],"version-history":[{"count":17,"href":"http:\/\/aureorpg.com\/index.php?rest_route=\/wp\/v2\/pages\/680\/revisions"}],"predecessor-version":[{"id":1365,"href":"http:\/\/aureorpg.com\/index.php?rest_route=\/wp\/v2\/pages\/680\/revisions\/1365"}],"wp:attachment":[{"href":"http:\/\/aureorpg.com\/index.php?rest_route=%2Fwp%2Fv2%2Fmedia&parent=680"}],"curies":[{"name":"wp","href":"https:\/\/api.w.org\/{rel}","templated":true}]}}