{"id":687,"date":"2020-10-23T00:28:00","date_gmt":"2020-10-23T00:28:00","guid":{"rendered":"http:\/\/aureorpg.com\/?page_id=687"},"modified":"2022-06-29T17:43:22","modified_gmt":"2022-06-29T17:43:22","slug":"el-hibris","status":"publish","type":"page","link":"http:\/\/aureorpg.com\/?page_id=687","title":{"rendered":"La Hibris"},"content":{"rendered":"\t\t<div data-elementor-type=\"wp-page\" data-elementor-id=\"687\" class=\"elementor elementor-687\" data-elementor-settings=\"[]\">\n\t\t\t\t\t\t<div class=\"elementor-inner\">\n\t\t\t\t\t\t\t<div class=\"elementor-section-wrap\">\n\t\t\t\t\t\t\t<section class=\"elementor-section elementor-top-section elementor-element elementor-element-5ed63ed elementor-section-full_width elementor-section-height-full elementor-section-height-default elementor-section-items-middle\" data-id=\"5ed63ed\" data-element_type=\"section\" data-settings=\"{&quot;background_background&quot;:&quot;gradient&quot;}\">\n\t\t\t\t\t\t<div class=\"elementor-container elementor-column-gap-default\">\n\t\t\t\t\t\t\t<div class=\"elementor-row\">\n\t\t\t\t\t<div class=\"elementor-column elementor-col-100 elementor-top-column elementor-element elementor-element-ed62493\" data-id=\"ed62493\" data-element_type=\"column\">\n\t\t\t<div class=\"elementor-column-wrap elementor-element-populated\">\n\t\t\t\t\t\t\t<div class=\"elementor-widget-wrap\">\n\t\t\t\t\t\t<div class=\"elementor-element elementor-element-b39f5e5 elementor-widget elementor-widget-image\" data-id=\"b39f5e5\" data-element_type=\"widget\" data-widget_type=\"image.default\">\n\t\t\t\t<div class=\"elementor-widget-container\">\n\t\t\t\t\t<div class=\"elementor-image\">\n\t\t\t\t\t\t\t\t\t\t<img width=\"1024\" height=\"559\" src=\"http:\/\/aureorpg.com\/wp-content\/uploads\/2020\/10\/Aureo-Juego-de-rol-mitologia-griega-la-hibris-2-1024x559.jpg\" class=\"attachment-large size-large\" alt=\"\" loading=\"lazy\" srcset=\"http:\/\/aureorpg.com\/wp-content\/uploads\/2020\/10\/Aureo-Juego-de-rol-mitologia-griega-la-hibris-2-1024x559.jpg 1024w, http:\/\/aureorpg.com\/wp-content\/uploads\/2020\/10\/Aureo-Juego-de-rol-mitologia-griega-la-hibris-2-300x164.jpg 300w, http:\/\/aureorpg.com\/wp-content\/uploads\/2020\/10\/Aureo-Juego-de-rol-mitologia-griega-la-hibris-2-768x419.jpg 768w, http:\/\/aureorpg.com\/wp-content\/uploads\/2020\/10\/Aureo-Juego-de-rol-mitologia-griega-la-hibris-2.jpg 1100w\" sizes=\"(max-width: 1024px) 100vw, 1024px\" \/>\t\t\t\t\t\t\t\t\t\t\t<\/div>\n\t\t\t\t<\/div>\n\t\t\t\t<\/div>\n\t\t\t\t\t\t<\/div>\n\t\t\t\t\t<\/div>\n\t\t<\/div>\n\t\t\t\t\t\t\t\t<\/div>\n\t\t\t\t\t<\/div>\n\t\t<\/section>\n\t\t\t\t<section class=\"elementor-section elementor-top-section elementor-element elementor-element-bf0ad6b elementor-section-boxed elementor-section-height-default elementor-section-height-default\" data-id=\"bf0ad6b\" data-element_type=\"section\">\n\t\t\t\t\t\t<div class=\"elementor-container elementor-column-gap-default\">\n\t\t\t\t\t\t\t<div class=\"elementor-row\">\n\t\t\t\t\t<div class=\"elementor-column elementor-col-100 elementor-top-column elementor-element elementor-element-2c76aed\" data-id=\"2c76aed\" data-element_type=\"column\">\n\t\t\t<div class=\"elementor-column-wrap elementor-element-populated\">\n\t\t\t\t\t\t\t<div class=\"elementor-widget-wrap\">\n\t\t\t\t\t\t<div class=\"elementor-element elementor-element-5efffb9 elementor-widget elementor-widget-heading\" data-id=\"5efffb9\" data-element_type=\"widget\" data-widget_type=\"heading.default\">\n\t\t\t\t<div class=\"elementor-widget-container\">\n\t\t\t<h2 class=\"elementor-heading-title elementor-size-default\">La Hibris: la maldici\u00f3n de los h\u00e9roes<\/h2>\t\t<\/div>\n\t\t\t\t<\/div>\n\t\t\t\t\t\t<\/div>\n\t\t\t\t\t<\/div>\n\t\t<\/div>\n\t\t\t\t\t\t\t\t<\/div>\n\t\t\t\t\t<\/div>\n\t\t<\/section>\n\t\t\t\t<section class=\"elementor-section elementor-top-section elementor-element elementor-element-084aaed elementor-section-boxed elementor-section-height-default elementor-section-height-default\" data-id=\"084aaed\" data-element_type=\"section\">\n\t\t\t\t\t\t<div class=\"elementor-container elementor-column-gap-default\">\n\t\t\t\t\t\t\t<div class=\"elementor-row\">\n\t\t\t\t\t<div class=\"elementor-column elementor-col-100 elementor-top-column elementor-element elementor-element-e7c6917\" data-id=\"e7c6917\" data-element_type=\"column\">\n\t\t\t<div class=\"elementor-column-wrap elementor-element-populated\">\n\t\t\t\t\t\t\t<div class=\"elementor-widget-wrap\">\n\t\t\t\t\t\t<div class=\"elementor-element elementor-element-3ee7d1a elementor-widget elementor-widget-text-editor\" data-id=\"3ee7d1a\" data-element_type=\"widget\" data-widget_type=\"text-editor.default\">\n\t\t\t\t<div class=\"elementor-widget-container\">\n\t\t\t\t\t<div class=\"elementor-text-editor elementor-clearfix\"><p>La Hibris representa lucha que libra cada h\u00e9roe por alcanzar la inmortalidad y el castigo que le dan los dioses por su soberbia. En el fondo de su ser, lo reconozcan o no, todo h\u00e9roe tocado por la esencia de los inmortales aspira a convertirse en un dios, como hizo Heracles. Todos ellos tienen el potencial, pero los dioses no est\u00e1n dispuestos a consentir que m\u00e1s mortales se unan a su selecto grupo, por lo que los usan mientras les son \u00fatiles, pero cuando se vuelven demasiado poderosos o han burlado demasiadas veces a la muerte, les hacen padecer la Maldici\u00f3n de la Hibris, que poco a poco los va volviendo arrogantes y desmesurados, luego locos, y finalmente, permite a la diosa Moira reunir a los h\u00e9roes con su destino final en el Inframundo.<\/p>\n<h3>La Hibris y la capacidad de los h\u00e9roes de eludir la muerte<\/h3>\n<p>Sean conscientes de ello o no, los h\u00e9roes son los peones que utilizan los dioses para librar sus batallas y luchas de poder. Su legendaria capacidad para burlar la muerte una y otra vez no es casualidad: los dioses cuidan de ellos de una forma especial, llegando incluso a intervenir ante la Moira Destino para que postergue su fin y les permita seguir luchando. Es por eso por lo que, mientras un personaje que sea un h\u00e9roe tenga menos de Hibris 10, no podr\u00e1 morir. Cuando un personaje pase por una situaci\u00f3n por la que deber\u00eda de haber muerto (porque pierda todos sus Puntos de Vida, o por una Herida Cr\u00edtica, o por una situaci\u00f3n narrativa que suponga una muerte directa, como ser engullido por las fauces de un monstruo, o entrar en un edificio que colapse por un incendio) se producir\u00e1 una intercesi\u00f3n divina que le dejar\u00e1 fuera de juego hasta el final de la Escena y con solo 5PVs, pero vivo. Estos milagros pueden ser desde un hecho que parezca totalmente fortuito (la flecha que parec\u00eda haberme traspasado el coraz\u00f3n rebot\u00f3 contra el broche con el escudo her\u00e1ldico de mi familia y solo roz\u00f3 mi pecho, aunque me hizo golpearme la cabeza y quedar inconsciente) a un deus ex machina en toda regla, en donde el personaje desaparezca ante los ojos de sus atacantes y sea teletransportado m\u00e1gicamente a un lugar en el que est\u00e9 a salvo. Cada vez que un personaje burle a la muerte gracias a una intervenci\u00f3n divina, aumentar\u00e1 en 1 Punto su Hibris.<\/p>\n<h3>Calculando la Hibris Inicial<\/h3>\n<p>Cada personaje empieza con una puntuaci\u00f3n inicial en su Hibris, dependiendo de su Rango de Edad y de su \u00c1ureo Permanente:<\/p>\n<table>\n<tbody>\n<tr>\n<td width=\"211\">\n<p>Edades<\/p>\n<\/td>\n<td width=\"120\">\n<p>Hibris<\/p>\n<\/td>\n<td width=\"140\">\n<p>\u00c1ureo Permanente<\/p>\n<\/td>\n<td width=\"95\">\n<p>Hibris<\/p>\n<\/td>\n<\/tr>\n<tr>\n<td width=\"211\">\n<p>Ni\u00f1os (9 \/ 12 a\u00f1os)<\/p>\n<\/td>\n<td width=\"120\">\n<p>+0 Puntos<\/p>\n<\/td>\n<td width=\"140\">\n<p>1<\/p>\n<\/td>\n<td width=\"95\">\n<p>+1 Punto<\/p>\n<\/td>\n<\/tr>\n<tr>\n<td width=\"211\">\n<p>Adolescentes (13 \/ 20 a\u00f1os)<\/p>\n<\/td>\n<td width=\"120\">\n<p>+1 Punto<\/p>\n<\/td>\n<td width=\"140\">\n<p>2<\/p>\n<\/td>\n<td width=\"95\">\n<p>+2 Puntos<\/p>\n<\/td>\n<\/tr>\n<tr>\n<td width=\"211\">\n<p>J\u00f3venes (21 \/ 30 a\u00f1os)<\/p>\n<\/td>\n<td width=\"120\">\n<p>+2 Puntos<\/p>\n<\/td>\n<td width=\"140\">\n<p>3<\/p>\n<\/td>\n<td width=\"95\">\n<p>+3 Puntos<\/p>\n<\/td>\n<\/tr>\n<tr>\n<td width=\"211\">\n<p>Mediana edad (31\/59 a\u00f1os)<\/p>\n<\/td>\n<td width=\"120\">\n<p>+3 Puntos<\/p>\n<\/td>\n<td width=\"140\">\n<p>4<\/p>\n<\/td>\n<td width=\"95\">\n<p>+4 Puntos<\/p>\n<\/td>\n<\/tr>\n<tr>\n<td width=\"211\">\n<p>Senectud (60 a\u00f1os \u00f3 +)<\/p>\n<\/td>\n<td width=\"120\">\n<p>+4 Puntos<\/p>\n<\/td>\n<td width=\"140\">\n<p>5<\/p>\n<\/td>\n<td width=\"95\">\n<p>+5 Puntos<\/p>\n<\/td>\n<\/tr>\n<\/tbody>\n<\/table>\n<h3>Efectos secundarios de la Hibris<\/h3>\n<p>Como dice el proverbio, \u201caquellos a los que los dioses quieren destruir, primero lo vuelven loco\u201d. De esta manera, la Hibris es una semilla de autodestrucci\u00f3n que los dioses plantan en el alma de los h\u00e9roes, y cuyas ra\u00edces van creciendo conforme se hacen m\u00e1s poderosos, devastando todo lo que encuentran a su paso. Los personajes cuya Hibris aumenta, tendr\u00e1n estos efectos secundarios:<\/p>\n<p>Hibris 7: Elije una faceta de tu personalidad y apl\u00edcale un -2 Templanza&#8230; empieza a faltarte la comisura, aumenta tu gusto por el exceso y te cuesta resistirte a dejarte llevar por la furia, la comida, la bebida o el sexo. | Hibris 8: \u2026 y -2 Comunicaci\u00f3n con todo aqu\u00e9l que no tenga \u00c1ureo. Empiezas a pensar que todos aquellos que no han sido tocados por la esencia de los dioses son poco m\u00e1s que ganado, mientras que t\u00fa perteneces a otra estirpe y eres un ser superior. | Hibris 9: \u2026 y -1 Acciones Mentales para rezar a los dioses. Empiezas a pensar que no deber\u00edas tener que suplicar a los inmortales porque te cedan parte de su poder, sino que deber\u00edan conced\u00e9rtelos como un favor de igual a igual. | Hibris 10: \u2026 y tu ansia de inmortalidad te ciega hasta el punto de que te crees un dios y estar\u00edas dispuesto a ir al propio Olimpo a reclamar tu inmortalidad y tu puesto junto a los dioses (tal y como hizo Belerofonte). Ya no podr\u00e1s volver a burlar a la Moira del Destino: la pr\u00f3xima vez que mueras, lo har\u00e1s para siempre.<\/p>\n<h3>C\u00f3mo aumenta la Hibris<\/h3>\n<p>La Maldici\u00f3n de Hibris puede aumentar por varios motivos:<\/p>\n<h5><strong>Eludir la muerte <\/strong><\/h5>\n<p>Cada vez que un personaje deber\u00eda morir seg\u00fan la reglas, pero sobrevive gracias a una intervenci\u00f3n divina que reescribe la historia, gana +1 Punto Hibris.<\/p>\n<h5><strong>Aumentar el poder <\/strong><\/h5>\n<p>Cada vez que un personaje Aumenta en 1 Punto su \u00c1ureo Permanente, gana +1 Punto Hibris.<\/p>\n<h5><strong>Ira de los dioses <\/strong><\/h5>\n<p>La primera vez que un personaje llega nivel 0 de Afinidad con cada uno de los dioses Ol\u00edmpicos, gana +1 Punto Hibris (marca con una I al lado de los dioses que ya te han dado +1 Punto de Hibris).<\/p>\n<h5><strong>Envejecimiento<\/strong><\/h5>\n<p>Cada vez que se ascienda a un nuevo Grupo de Edad (como pasar de Adolescente a Joven) se ganar\u00e1 +1 Punto de Hibris.<\/p>\n<h5><strong>Exceso de Ego<\/strong><\/h5>\n<p>El Demiurgo puede asignar autom\u00e1ticamente Puntos de Hibris a los personajes que desaf\u00eden a los dioses Ol\u00edmpicos de forma activa (o a todos ellos o a Zeus, pero no por desafiar a un solo dios de forma concreta), o a aquellos que finjan ser dioses, o que se autoproclamen dioses, o que se hagan adorar como a dioses por otros mortales.<\/p>\n<p>No existe un m\u00e1ximo de Hibris que puede tener un personaje: 12, 20, 30&#8230; solo debe tener en cuenta que, una vez llegue al 10, la pr\u00f3xima vez que muera los dioses lo dejar\u00e1n ir al Inframundo. Disminuir la Hibris de un personaje es pr\u00e1cticamente imposible: Zeus puede otorgarlo como recompensa a una haza\u00f1a realizada de forma extraordinaria, o el Demiurgo puede dar este premio al final de una Campa\u00f1a a alg\u00fan personaje que haya demostrado una gran humildad hacia los dioses a la hora de realizar las misiones que les encomiendan y que haya desempe\u00f1ado a la perfecci\u00f3n el papel que los Ol\u00edmpicos esperaban de \u00e9l.<\/p><\/div>\n\t\t\t\t<\/div>\n\t\t\t\t<\/div>\n\t\t\t\t\t\t<\/div>\n\t\t\t\t\t<\/div>\n\t\t<\/div>\n\t\t\t\t\t\t\t\t<\/div>\n\t\t\t\t\t<\/div>\n\t\t<\/section>\n\t\t\t\t<section class=\"elementor-section elementor-top-section elementor-element elementor-element-0b6ebc7 elementor-section-full_width elementor-section-height-default elementor-section-height-default\" data-id=\"0b6ebc7\" data-element_type=\"section\" data-settings=\"{&quot;background_background&quot;:&quot;slideshow&quot;,&quot;background_slideshow_gallery&quot;:[{&quot;id&quot;:1294,&quot;url&quot;:&quot;http:\\\/\\\/aureorpg.com\\\/wp-content\\\/uploads\\\/2022\\\/06\\\/Anadir-un-subtitulo.jpg&quot;}],&quot;background_slideshow_loop&quot;:&quot;yes&quot;,&quot;background_slideshow_slide_duration&quot;:5000,&quot;background_slideshow_slide_transition&quot;:&quot;fade&quot;,&quot;background_slideshow_transition_duration&quot;:500}\">\n\t\t\t\t\t\t<div class=\"elementor-container elementor-column-gap-default\">\n\t\t\t\t\t\t\t<div class=\"elementor-row\">\n\t\t\t\t\t<div class=\"elementor-column elementor-col-33 elementor-top-column elementor-element elementor-element-c97f83d\" data-id=\"c97f83d\" data-element_type=\"column\">\n\t\t\t<div class=\"elementor-column-wrap elementor-element-populated\">\n\t\t\t\t\t\t\t<div class=\"elementor-widget-wrap\">\n\t\t\t\t\t\t<div class=\"elementor-element elementor-element-09bfb19 elementor-align-left elementor-widget elementor-widget-button\" data-id=\"09bfb19\" data-element_type=\"widget\" data-widget_type=\"button.default\">\n\t\t\t\t<div class=\"elementor-widget-container\">\n\t\t\t\t\t<div class=\"elementor-button-wrapper\">\n\t\t\t<a href=\"http:\/\/aureorpg.com\/?page_id=1176\" class=\"elementor-button-link elementor-button elementor-size-sm\" role=\"button\">\n\t\t\t\t\t\t<span class=\"elementor-button-content-wrapper\">\n\t\t\t\t\t\t<span class=\"elementor-button-text\">Accede a nuestra zona gratuita de descargas<\/span>\n\t\t<\/span>\n\t\t\t\t\t<\/a>\n\t\t<\/div>\n\t\t\t\t<\/div>\n\t\t\t\t<\/div>\n\t\t\t\t\t\t<\/div>\n\t\t\t\t\t<\/div>\n\t\t<\/div>\n\t\t\t\t<div class=\"elementor-column elementor-col-66 elementor-top-column elementor-element elementor-element-6fa00f5\" data-id=\"6fa00f5\" data-element_type=\"column\">\n\t\t\t<div class=\"elementor-column-wrap\">\n\t\t\t\t\t\t\t<div class=\"elementor-widget-wrap\">\n\t\t\t\t\t\t\t\t<\/div>\n\t\t\t\t\t<\/div>\n\t\t<\/div>\n\t\t\t\t\t\t\t\t<\/div>\n\t\t\t\t\t<\/div>\n\t\t<\/section>\n\t\t\t\t\t\t<\/div>\n\t\t\t\t\t\t<\/div>\n\t\t\t\t\t<\/div>\n\t\t","protected":false},"excerpt":{"rendered":"<p>La Hibris: la maldici\u00f3n de los h\u00e9roes La Hibris representa lucha que libra cada h\u00e9roe por alcanzar la inmortalidad y el castigo que le dan los dioses por su soberbia. En el fondo de su ser, lo reconozcan o no, todo h\u00e9roe tocado por la esencia de los inmortales aspira a convertirse en un dios, &hellip;<\/p>\n<p class=\"read-more\"> <a class=\"\" href=\"http:\/\/aureorpg.com\/?page_id=687\"> <span class=\"screen-reader-text\">La Hibris<\/span> Read More &raquo;<\/a><\/p>\n","protected":false},"author":1,"featured_media":0,"parent":0,"menu_order":0,"comment_status":"closed","ping_status":"closed","template":"","meta":[],"yoast_head":"<!-- This site is optimized with the Yoast SEO plugin v15.1.1 - https:\/\/yoast.com\/wordpress\/plugins\/seo\/ -->\n<title>La Hibris - aureorpg.com<\/title>\n<meta name=\"robots\" content=\"index, follow, max-snippet:-1, max-image-preview:large, max-video-preview:-1\" \/>\n<link rel=\"canonical\" href=\"http:\/\/aureorpg.com\/?page_id=687\" \/>\n<meta property=\"og:locale\" content=\"en_US\" \/>\n<meta property=\"og:type\" content=\"article\" \/>\n<meta property=\"og:title\" content=\"La Hibris - aureorpg.com\" \/>\n<meta property=\"og:description\" content=\"La Hibris: la maldici\u00f3n de los h\u00e9roes La Hibris representa lucha que libra cada h\u00e9roe por alcanzar la inmortalidad y el castigo que le dan los dioses por su soberbia. En el fondo de su ser, lo reconozcan o no, todo h\u00e9roe tocado por la esencia de los inmortales aspira a convertirse en un dios, &hellip; La Hibris Read More &raquo;\" \/>\n<meta property=\"og:url\" content=\"http:\/\/aureorpg.com\/?page_id=687\" \/>\n<meta property=\"og:site_name\" content=\"aureorpg.com\" \/>\n<meta property=\"article:modified_time\" content=\"2022-06-29T17:43:22+00:00\" \/>\n<meta property=\"og:image\" content=\"http:\/\/aureorpg.com\/wp-content\/uploads\/2020\/10\/Aureo-Juego-de-rol-mitologia-griega-la-hibris-2-1024x559.jpg\" \/>\n<meta name=\"twitter:card\" content=\"summary_large_image\" \/>\n<script type=\"application\/ld+json\" class=\"yoast-schema-graph\">{\"@context\":\"https:\/\/schema.org\",\"@graph\":[{\"@type\":\"WebSite\",\"@id\":\"http:\/\/aureorpg.com\/#website\",\"url\":\"http:\/\/aureorpg.com\/\",\"name\":\"aureorpg.com\",\"description\":\"Juego de rol de mitolog\\u00eda\",\"potentialAction\":[{\"@type\":\"SearchAction\",\"target\":\"http:\/\/aureorpg.com\/?s={search_term_string}\",\"query-input\":\"required name=search_term_string\"}],\"inLanguage\":\"en-US\"},{\"@type\":\"ImageObject\",\"@id\":\"http:\/\/aureorpg.com\/?page_id=687#primaryimage\",\"inLanguage\":\"en-US\",\"url\":\"http:\/\/aureorpg.com\/wp-content\/uploads\/2020\/10\/Aureo-Juego-de-rol-mitologia-griega-la-hibris-2.jpg\",\"width\":1100,\"height\":600},{\"@type\":\"WebPage\",\"@id\":\"http:\/\/aureorpg.com\/?page_id=687#webpage\",\"url\":\"http:\/\/aureorpg.com\/?page_id=687\",\"name\":\"La Hibris - aureorpg.com\",\"isPartOf\":{\"@id\":\"http:\/\/aureorpg.com\/#website\"},\"primaryImageOfPage\":{\"@id\":\"http:\/\/aureorpg.com\/?page_id=687#primaryimage\"},\"datePublished\":\"2020-10-23T00:28:00+00:00\",\"dateModified\":\"2022-06-29T17:43:22+00:00\",\"inLanguage\":\"en-US\",\"potentialAction\":[{\"@type\":\"ReadAction\",\"target\":[\"http:\/\/aureorpg.com\/?page_id=687\"]}]}]}<\/script>\n<!-- \/ Yoast SEO plugin. -->","_links":{"self":[{"href":"http:\/\/aureorpg.com\/index.php?rest_route=\/wp\/v2\/pages\/687"}],"collection":[{"href":"http:\/\/aureorpg.com\/index.php?rest_route=\/wp\/v2\/pages"}],"about":[{"href":"http:\/\/aureorpg.com\/index.php?rest_route=\/wp\/v2\/types\/page"}],"author":[{"embeddable":true,"href":"http:\/\/aureorpg.com\/index.php?rest_route=\/wp\/v2\/users\/1"}],"replies":[{"embeddable":true,"href":"http:\/\/aureorpg.com\/index.php?rest_route=%2Fwp%2Fv2%2Fcomments&post=687"}],"version-history":[{"count":17,"href":"http:\/\/aureorpg.com\/index.php?rest_route=\/wp\/v2\/pages\/687\/revisions"}],"predecessor-version":[{"id":1381,"href":"http:\/\/aureorpg.com\/index.php?rest_route=\/wp\/v2\/pages\/687\/revisions\/1381"}],"wp:attachment":[{"href":"http:\/\/aureorpg.com\/index.php?rest_route=%2Fwp%2Fv2%2Fmedia&parent=687"}],"curies":[{"name":"wp","href":"https:\/\/api.w.org\/{rel}","templated":true}]}}