{"id":692,"date":"2020-10-23T00:40:32","date_gmt":"2020-10-23T00:40:32","guid":{"rendered":"http:\/\/aureorpg.com\/?page_id=692"},"modified":"2022-06-29T17:43:36","modified_gmt":"2022-06-29T17:43:36","slug":"los-heroes","status":"publish","type":"page","link":"http:\/\/aureorpg.com\/?page_id=692","title":{"rendered":"Los H\u00e9roes"},"content":{"rendered":"\t\t<div data-elementor-type=\"wp-page\" data-elementor-id=\"692\" class=\"elementor elementor-692\" data-elementor-settings=\"[]\">\n\t\t\t\t\t\t<div class=\"elementor-inner\">\n\t\t\t\t\t\t\t<div class=\"elementor-section-wrap\">\n\t\t\t\t\t\t\t<section class=\"elementor-section elementor-top-section elementor-element elementor-element-5657043 elementor-section-full_width elementor-section-height-full elementor-section-height-default elementor-section-items-middle\" data-id=\"5657043\" data-element_type=\"section\" data-settings=\"{&quot;background_background&quot;:&quot;gradient&quot;}\">\n\t\t\t\t\t\t<div class=\"elementor-container elementor-column-gap-default\">\n\t\t\t\t\t\t\t<div class=\"elementor-row\">\n\t\t\t\t\t<div class=\"elementor-column elementor-col-100 elementor-top-column elementor-element elementor-element-4390fa8\" data-id=\"4390fa8\" data-element_type=\"column\">\n\t\t\t<div class=\"elementor-column-wrap elementor-element-populated\">\n\t\t\t\t\t\t\t<div class=\"elementor-widget-wrap\">\n\t\t\t\t\t\t<div class=\"elementor-element elementor-element-1f74e61 elementor-widget elementor-widget-image\" data-id=\"1f74e61\" data-element_type=\"widget\" data-widget_type=\"image.default\">\n\t\t\t\t<div class=\"elementor-widget-container\">\n\t\t\t\t\t<div class=\"elementor-image\">\n\t\t\t\t\t\t\t\t\t\t<img width=\"1024\" height=\"559\" src=\"http:\/\/aureorpg.com\/wp-content\/uploads\/2020\/10\/Aureo-Juego-de-rol-mitologia-griega-Heroes-2-1024x559.jpg\" class=\"attachment-large size-large\" alt=\"\" loading=\"lazy\" srcset=\"http:\/\/aureorpg.com\/wp-content\/uploads\/2020\/10\/Aureo-Juego-de-rol-mitologia-griega-Heroes-2-1024x559.jpg 1024w, http:\/\/aureorpg.com\/wp-content\/uploads\/2020\/10\/Aureo-Juego-de-rol-mitologia-griega-Heroes-2-300x164.jpg 300w, http:\/\/aureorpg.com\/wp-content\/uploads\/2020\/10\/Aureo-Juego-de-rol-mitologia-griega-Heroes-2-768x419.jpg 768w, http:\/\/aureorpg.com\/wp-content\/uploads\/2020\/10\/Aureo-Juego-de-rol-mitologia-griega-Heroes-2.jpg 1100w\" sizes=\"(max-width: 1024px) 100vw, 1024px\" \/>\t\t\t\t\t\t\t\t\t\t\t<\/div>\n\t\t\t\t<\/div>\n\t\t\t\t<\/div>\n\t\t\t\t\t\t<\/div>\n\t\t\t\t\t<\/div>\n\t\t<\/div>\n\t\t\t\t\t\t\t\t<\/div>\n\t\t\t\t\t<\/div>\n\t\t<\/section>\n\t\t\t\t<section class=\"elementor-section elementor-top-section elementor-element elementor-element-bf0ad6b elementor-section-boxed elementor-section-height-default elementor-section-height-default\" data-id=\"bf0ad6b\" data-element_type=\"section\">\n\t\t\t\t\t\t<div class=\"elementor-container elementor-column-gap-default\">\n\t\t\t\t\t\t\t<div class=\"elementor-row\">\n\t\t\t\t\t<div class=\"elementor-column elementor-col-100 elementor-top-column elementor-element elementor-element-2c76aed\" data-id=\"2c76aed\" data-element_type=\"column\">\n\t\t\t<div class=\"elementor-column-wrap elementor-element-populated\">\n\t\t\t\t\t\t\t<div class=\"elementor-widget-wrap\">\n\t\t\t\t\t\t<div class=\"elementor-element elementor-element-5efffb9 elementor-widget elementor-widget-heading\" data-id=\"5efffb9\" data-element_type=\"widget\" data-widget_type=\"heading.default\">\n\t\t\t\t<div class=\"elementor-widget-container\">\n\t\t\t<h2 class=\"elementor-heading-title elementor-size-default\">H\u00e9roes: protagonistas del destino<\/h2>\t\t<\/div>\n\t\t\t\t<\/div>\n\t\t\t\t\t\t<\/div>\n\t\t\t\t\t<\/div>\n\t\t<\/div>\n\t\t\t\t\t\t\t\t<\/div>\n\t\t\t\t\t<\/div>\n\t\t<\/section>\n\t\t\t\t<section class=\"elementor-section elementor-top-section elementor-element elementor-element-084aaed elementor-section-boxed elementor-section-height-default elementor-section-height-default\" data-id=\"084aaed\" data-element_type=\"section\">\n\t\t\t\t\t\t<div class=\"elementor-container elementor-column-gap-default\">\n\t\t\t\t\t\t\t<div class=\"elementor-row\">\n\t\t\t\t\t<div class=\"elementor-column elementor-col-100 elementor-top-column elementor-element elementor-element-e7c6917\" data-id=\"e7c6917\" data-element_type=\"column\">\n\t\t\t<div class=\"elementor-column-wrap elementor-element-populated\">\n\t\t\t\t\t\t\t<div class=\"elementor-widget-wrap\">\n\t\t\t\t\t\t<div class=\"elementor-element elementor-element-3ee7d1a elementor-widget elementor-widget-text-editor\" data-id=\"3ee7d1a\" data-element_type=\"widget\" data-widget_type=\"text-editor.default\">\n\t\t\t\t<div class=\"elementor-widget-container\">\n\t\t\t\t\t<div class=\"elementor-text-editor elementor-clearfix\"><p>En la antig\u00fcedad, los dioses libraban sus propias batallas, lo que les hizo ganar mucha experiencia y sabidur\u00eda, pero tambi\u00e9n les ocasion\u00f3 muchos problemas y muchas enemistades, sin contar que en ocasiones llegaron a verse en serios apuros. Por ello, en este periodo del mundo, los dioses prefieren que sean los h\u00e9roes los que libren sus batallas por ellos, llegando a interferir personalmente en ocasiones puntuales. Ya sea por seguridad o por comodidad, ya que utilizar h\u00e9roes en los tejemanejes pol\u00edticos que se llevan entre manos los dioses resulta muy discreto, los inmortales se valen de sus hijos, descendientes cercanos y campeones para llevar a cabo sus deseos, lo que les permite eludir confrontaciones directas con otros dioses.<\/p><h3>Tipos de h\u00e9roe<\/h3><p>Cuando crees un personaje deber\u00e1s seleccionar que tipo de h\u00e9roe es (te aconsejamos elegir uno que sea acorde con el rol de tu personaje). De todas formas, si resulta que todos los jugadores quieren ser hijos de Zeus, o si no consigues llegar a un acuerdo con el Demiurgo, siempre puedes lanzar 1D10 y decidir que el resultado determine c\u00f3mo de cerca est\u00e1s del Trono del Olimpo.<\/p><h5>Elegidos<\/h5><p>(1D10 = 1\/3) No naciste siendo familiar directo de un inmortal, pero uno de los dioses Ol\u00edmpicos te ha nombrado uno de sus campeones o protegidos.<\/p><h5>H\u00e9roes de segunda generaci\u00f3n \u00a0<\/h5><p>(1D10 = 4\/5) Tu padre o madre era el hijo de un dios, y todav\u00eda corre algo de sangre divina por tus venas.<\/p><h5>Hijos de un dios menor<\/h5><p>(1D10 = 6\/7) Eres hijo de un dios no Ol\u00edmpico que est\u00e1 al servicio de un dios Ol\u00edmpico.<\/p><h5>Hijo de un dios Ol\u00edmpico<\/h5><p>(1D10 = 8\/9) Eres el fruto de una relaci\u00f3n extramatrimonial de un dios Ol\u00edmpico o el hijo de otro ser sobrenatural que ha sido adoptado o apadrinado por un dios.<\/p><h5>Hijo de un dios Primordial<\/h5><p>(1D10 = 0) Eres hijo de Zeus o de alguno de los dioses Arcanos, lo que quiere decir que uno de tus progenitores es una de las criaturas m\u00e1s poderosas del universo.<\/p><\/div>\n\t\t\t\t<\/div>\n\t\t\t\t<\/div>\n\t\t\t\t\t\t<\/div>\n\t\t\t\t\t<\/div>\n\t\t<\/div>\n\t\t\t\t\t\t\t\t<\/div>\n\t\t\t\t\t<\/div>\n\t\t<\/section>\n\t\t\t\t<section class=\"elementor-section elementor-top-section elementor-element elementor-element-3247f61 elementor-section-full_width elementor-section-height-default elementor-section-height-default\" data-id=\"3247f61\" data-element_type=\"section\" data-settings=\"{&quot;background_background&quot;:&quot;slideshow&quot;,&quot;background_slideshow_gallery&quot;:[{&quot;id&quot;:1294,&quot;url&quot;:&quot;http:\\\/\\\/aureorpg.com\\\/wp-content\\\/uploads\\\/2022\\\/06\\\/Anadir-un-subtitulo.jpg&quot;}],&quot;background_slideshow_loop&quot;:&quot;yes&quot;,&quot;background_slideshow_slide_duration&quot;:5000,&quot;background_slideshow_slide_transition&quot;:&quot;fade&quot;,&quot;background_slideshow_transition_duration&quot;:500}\">\n\t\t\t\t\t\t<div class=\"elementor-container elementor-column-gap-default\">\n\t\t\t\t\t\t\t<div class=\"elementor-row\">\n\t\t\t\t\t<div class=\"elementor-column elementor-col-33 elementor-top-column elementor-element elementor-element-e4f0134\" data-id=\"e4f0134\" data-element_type=\"column\">\n\t\t\t<div class=\"elementor-column-wrap elementor-element-populated\">\n\t\t\t\t\t\t\t<div class=\"elementor-widget-wrap\">\n\t\t\t\t\t\t<div class=\"elementor-element elementor-element-3002edc elementor-align-left elementor-widget elementor-widget-button\" data-id=\"3002edc\" data-element_type=\"widget\" data-widget_type=\"button.default\">\n\t\t\t\t<div class=\"elementor-widget-container\">\n\t\t\t\t\t<div class=\"elementor-button-wrapper\">\n\t\t\t<a href=\"http:\/\/aureorpg.com\/?page_id=1176\" class=\"elementor-button-link elementor-button elementor-size-sm\" role=\"button\">\n\t\t\t\t\t\t<span class=\"elementor-button-content-wrapper\">\n\t\t\t\t\t\t<span class=\"elementor-button-text\">Accede a nuestra zona gratuita de descargas<\/span>\n\t\t<\/span>\n\t\t\t\t\t<\/a>\n\t\t<\/div>\n\t\t\t\t<\/div>\n\t\t\t\t<\/div>\n\t\t\t\t\t\t<\/div>\n\t\t\t\t\t<\/div>\n\t\t<\/div>\n\t\t\t\t<div class=\"elementor-column elementor-col-66 elementor-top-column elementor-element elementor-element-f3b36a4\" data-id=\"f3b36a4\" data-element_type=\"column\">\n\t\t\t<div class=\"elementor-column-wrap\">\n\t\t\t\t\t\t\t<div class=\"elementor-widget-wrap\">\n\t\t\t\t\t\t\t\t<\/div>\n\t\t\t\t\t<\/div>\n\t\t<\/div>\n\t\t\t\t\t\t\t\t<\/div>\n\t\t\t\t\t<\/div>\n\t\t<\/section>\n\t\t\t\t\t\t<\/div>\n\t\t\t\t\t\t<\/div>\n\t\t\t\t\t<\/div>\n\t\t","protected":false},"excerpt":{"rendered":"<p>H\u00e9roes: protagonistas del destino En la antig\u00fcedad, los dioses libraban sus propias batallas, lo que les hizo ganar mucha experiencia y sabidur\u00eda, pero tambi\u00e9n les ocasion\u00f3 muchos problemas y muchas enemistades, sin contar que en ocasiones llegaron a verse en serios apuros. Por ello, en este periodo del mundo, los dioses prefieren que sean los &hellip;<\/p>\n<p class=\"read-more\"> <a class=\"\" href=\"http:\/\/aureorpg.com\/?page_id=692\"> <span class=\"screen-reader-text\">Los H\u00e9roes<\/span> Read More &raquo;<\/a><\/p>\n","protected":false},"author":1,"featured_media":0,"parent":0,"menu_order":0,"comment_status":"closed","ping_status":"closed","template":"","meta":[],"yoast_head":"<!-- This site is optimized with the Yoast SEO plugin v15.1.1 - https:\/\/yoast.com\/wordpress\/plugins\/seo\/ -->\n<title>Los H\u00e9roes - aureorpg.com<\/title>\n<meta name=\"robots\" content=\"index, follow, max-snippet:-1, max-image-preview:large, max-video-preview:-1\" \/>\n<link rel=\"canonical\" href=\"http:\/\/aureorpg.com\/?page_id=692\" \/>\n<meta property=\"og:locale\" content=\"en_US\" \/>\n<meta property=\"og:type\" content=\"article\" \/>\n<meta property=\"og:title\" content=\"Los H\u00e9roes - aureorpg.com\" \/>\n<meta property=\"og:description\" content=\"H\u00e9roes: protagonistas del destino En la antig\u00fcedad, los dioses libraban sus propias batallas, lo que les hizo ganar mucha experiencia y sabidur\u00eda, pero tambi\u00e9n les ocasion\u00f3 muchos problemas y muchas enemistades, sin contar que en ocasiones llegaron a verse en serios apuros. Por ello, en este periodo del mundo, los dioses prefieren que sean los &hellip; Los H\u00e9roes Read More &raquo;\" \/>\n<meta property=\"og:url\" content=\"http:\/\/aureorpg.com\/?page_id=692\" \/>\n<meta property=\"og:site_name\" content=\"aureorpg.com\" \/>\n<meta property=\"article:modified_time\" content=\"2022-06-29T17:43:36+00:00\" \/>\n<meta property=\"og:image\" content=\"http:\/\/aureorpg.com\/wp-content\/uploads\/2020\/10\/Aureo-Juego-de-rol-mitologia-griega-Heroes-2-1024x559.jpg\" \/>\n<meta name=\"twitter:card\" content=\"summary_large_image\" \/>\n<script type=\"application\/ld+json\" class=\"yoast-schema-graph\">{\"@context\":\"https:\/\/schema.org\",\"@graph\":[{\"@type\":\"WebSite\",\"@id\":\"http:\/\/aureorpg.com\/#website\",\"url\":\"http:\/\/aureorpg.com\/\",\"name\":\"aureorpg.com\",\"description\":\"Juego de rol de mitolog\\u00eda\",\"potentialAction\":[{\"@type\":\"SearchAction\",\"target\":\"http:\/\/aureorpg.com\/?s={search_term_string}\",\"query-input\":\"required name=search_term_string\"}],\"inLanguage\":\"en-US\"},{\"@type\":\"ImageObject\",\"@id\":\"http:\/\/aureorpg.com\/?page_id=692#primaryimage\",\"inLanguage\":\"en-US\",\"url\":\"http:\/\/aureorpg.com\/wp-content\/uploads\/2020\/10\/Aureo-Juego-de-rol-mitologia-griega-Heroes-2.jpg\",\"width\":1100,\"height\":600},{\"@type\":\"WebPage\",\"@id\":\"http:\/\/aureorpg.com\/?page_id=692#webpage\",\"url\":\"http:\/\/aureorpg.com\/?page_id=692\",\"name\":\"Los H\\u00e9roes - aureorpg.com\",\"isPartOf\":{\"@id\":\"http:\/\/aureorpg.com\/#website\"},\"primaryImageOfPage\":{\"@id\":\"http:\/\/aureorpg.com\/?page_id=692#primaryimage\"},\"datePublished\":\"2020-10-23T00:40:32+00:00\",\"dateModified\":\"2022-06-29T17:43:36+00:00\",\"inLanguage\":\"en-US\",\"potentialAction\":[{\"@type\":\"ReadAction\",\"target\":[\"http:\/\/aureorpg.com\/?page_id=692\"]}]}]}<\/script>\n<!-- \/ Yoast SEO plugin. -->","_links":{"self":[{"href":"http:\/\/aureorpg.com\/index.php?rest_route=\/wp\/v2\/pages\/692"}],"collection":[{"href":"http:\/\/aureorpg.com\/index.php?rest_route=\/wp\/v2\/pages"}],"about":[{"href":"http:\/\/aureorpg.com\/index.php?rest_route=\/wp\/v2\/types\/page"}],"author":[{"embeddable":true,"href":"http:\/\/aureorpg.com\/index.php?rest_route=\/wp\/v2\/users\/1"}],"replies":[{"embeddable":true,"href":"http:\/\/aureorpg.com\/index.php?rest_route=%2Fwp%2Fv2%2Fcomments&post=692"}],"version-history":[{"count":11,"href":"http:\/\/aureorpg.com\/index.php?rest_route=\/wp\/v2\/pages\/692\/revisions"}],"predecessor-version":[{"id":1382,"href":"http:\/\/aureorpg.com\/index.php?rest_route=\/wp\/v2\/pages\/692\/revisions\/1382"}],"wp:attachment":[{"href":"http:\/\/aureorpg.com\/index.php?rest_route=%2Fwp%2Fv2%2Fmedia&parent=692"}],"curies":[{"name":"wp","href":"https:\/\/api.w.org\/{rel}","templated":true}]}}