{"id":770,"date":"2020-10-23T11:54:01","date_gmt":"2020-10-23T11:54:01","guid":{"rendered":"http:\/\/aureorpg.com\/?page_id=770"},"modified":"2022-06-29T17:32:45","modified_gmt":"2022-06-29T17:32:45","slug":"ares","status":"publish","type":"page","link":"http:\/\/aureorpg.com\/?page_id=770","title":{"rendered":"Ares"},"content":{"rendered":"\t\t<div data-elementor-type=\"wp-page\" data-elementor-id=\"770\" class=\"elementor elementor-770\" data-elementor-settings=\"[]\">\n\t\t\t\t\t\t<div class=\"elementor-inner\">\n\t\t\t\t\t\t\t<div class=\"elementor-section-wrap\">\n\t\t\t\t\t\t\t<section class=\"elementor-section elementor-top-section elementor-element elementor-element-b7bfdad elementor-section-boxed elementor-section-height-default elementor-section-height-default\" data-id=\"b7bfdad\" data-element_type=\"section\" data-settings=\"{&quot;background_background&quot;:&quot;gradient&quot;}\">\n\t\t\t\t\t\t<div class=\"elementor-container elementor-column-gap-default\">\n\t\t\t\t\t\t\t<div class=\"elementor-row\">\n\t\t\t\t\t<div class=\"elementor-column elementor-col-100 elementor-top-column elementor-element elementor-element-5a7b29f\" data-id=\"5a7b29f\" data-element_type=\"column\">\n\t\t\t<div class=\"elementor-column-wrap elementor-element-populated\">\n\t\t\t\t\t\t\t<div class=\"elementor-widget-wrap\">\n\t\t\t\t\t\t<div class=\"elementor-element elementor-element-68b8dc6 elementor-widget elementor-widget-image\" data-id=\"68b8dc6\" data-element_type=\"widget\" data-widget_type=\"image.default\">\n\t\t\t\t<div class=\"elementor-widget-container\">\n\t\t\t\t\t<div class=\"elementor-image\">\n\t\t\t\t\t\t\t\t\t\t<img width=\"1024\" height=\"559\" src=\"http:\/\/aureorpg.com\/wp-content\/uploads\/2020\/10\/Aureo-Juego-de-rol-mitologia-griega-Ares-1024x559.jpg\" class=\"attachment-large size-large\" alt=\"\" loading=\"lazy\" srcset=\"http:\/\/aureorpg.com\/wp-content\/uploads\/2020\/10\/Aureo-Juego-de-rol-mitologia-griega-Ares-1024x559.jpg 1024w, http:\/\/aureorpg.com\/wp-content\/uploads\/2020\/10\/Aureo-Juego-de-rol-mitologia-griega-Ares-300x164.jpg 300w, http:\/\/aureorpg.com\/wp-content\/uploads\/2020\/10\/Aureo-Juego-de-rol-mitologia-griega-Ares-768x419.jpg 768w, http:\/\/aureorpg.com\/wp-content\/uploads\/2020\/10\/Aureo-Juego-de-rol-mitologia-griega-Ares.jpg 1100w\" sizes=\"(max-width: 1024px) 100vw, 1024px\" \/>\t\t\t\t\t\t\t\t\t\t\t<\/div>\n\t\t\t\t<\/div>\n\t\t\t\t<\/div>\n\t\t\t\t\t\t<\/div>\n\t\t\t\t\t<\/div>\n\t\t<\/div>\n\t\t\t\t\t\t\t\t<\/div>\n\t\t\t\t\t<\/div>\n\t\t<\/section>\n\t\t\t\t<section class=\"elementor-section elementor-top-section elementor-element elementor-element-bf0ad6b elementor-section-boxed elementor-section-height-default elementor-section-height-default\" data-id=\"bf0ad6b\" data-element_type=\"section\">\n\t\t\t\t\t\t<div class=\"elementor-container elementor-column-gap-default\">\n\t\t\t\t\t\t\t<div class=\"elementor-row\">\n\t\t\t\t\t<div class=\"elementor-column elementor-col-100 elementor-top-column elementor-element elementor-element-2c76aed\" data-id=\"2c76aed\" data-element_type=\"column\">\n\t\t\t<div class=\"elementor-column-wrap elementor-element-populated\">\n\t\t\t\t\t\t\t<div class=\"elementor-widget-wrap\">\n\t\t\t\t\t\t<div class=\"elementor-element elementor-element-5efffb9 elementor-widget elementor-widget-heading\" data-id=\"5efffb9\" data-element_type=\"widget\" data-widget_type=\"heading.default\">\n\t\t\t\t<div class=\"elementor-widget-container\">\n\t\t\t<h2 class=\"elementor-heading-title elementor-size-default\">Culto a Ares: 'El manchado de sangre'<\/h2>\t\t<\/div>\n\t\t\t\t<\/div>\n\t\t\t\t\t\t<\/div>\n\t\t\t\t\t<\/div>\n\t\t<\/div>\n\t\t\t\t\t\t\t\t<\/div>\n\t\t\t\t\t<\/div>\n\t\t<\/section>\n\t\t\t\t<section class=\"elementor-section elementor-top-section elementor-element elementor-element-084aaed elementor-section-boxed elementor-section-height-default elementor-section-height-default\" data-id=\"084aaed\" data-element_type=\"section\">\n\t\t\t\t\t\t<div class=\"elementor-container elementor-column-gap-default\">\n\t\t\t\t\t\t\t<div class=\"elementor-row\">\n\t\t\t\t\t<div class=\"elementor-column elementor-col-100 elementor-top-column elementor-element elementor-element-e7c6917\" data-id=\"e7c6917\" data-element_type=\"column\">\n\t\t\t<div class=\"elementor-column-wrap elementor-element-populated\">\n\t\t\t\t\t\t\t<div class=\"elementor-widget-wrap\">\n\t\t\t\t\t\t<div class=\"elementor-element elementor-element-3ee7d1a elementor-widget elementor-widget-text-editor\" data-id=\"3ee7d1a\" data-element_type=\"widget\" data-widget_type=\"text-editor.default\">\n\t\t\t\t<div class=\"elementor-widget-container\">\n\t\t\t\t\t<div class=\"elementor-text-editor elementor-clearfix\"><h3>Historia de Ares<\/h3><p>Ares es el dios Ol\u00edmpico de la guerra, la fuerza bruta, la violencia, y los horrores de las batallas, como el tumulto y la confusi\u00f3n, as\u00ed como las hambrunas, las plagas y otras miserias derivadas de los conflictos b\u00e9licos. Es hijo de Zeus y Hera, pero su apetito por la destrucci\u00f3n ha conseguido granjearse el odio de casi todos los Ol\u00edmpicos, incluidos sus propios padres. Solo Afrodita (la diosa del amor), que lo tiene por su amante predilecto, y Hades (el dios de la muerte), que se beneficia de las muchas almas que acaban en la otra vida por las guerras, sienten aprecio por su persona. La mayor\u00eda de los hombres desconf\u00edan de \u00e9l, pues incluso en las guerras que patrocina no simpatiza con ning\u00fan contendiente o polis, y acostumbra a cambiar de bando seg\u00fan su conveniencia, mientras se abandona al frenes\u00ed de la destrucci\u00f3n y el saqueo de las ciudades. Aunque es un gran guerrero, ha perdido multitud de combates contra otros dioses, y es especialmente conocida su enemistad con su hermanastra Atenea (la diosa de la batalla y la estrategia) que siempre consigue derrotarlo con facilidad. En una ocasi\u00f3n, Ares perdi\u00f3 incluso contra Heracles cuando todav\u00eda no hab\u00eda alcanzado la inmortalidad, lo que podr\u00eda considerarse la mayor deshonra posible para un dios, especialmente, si simboliza la guerra. Ares es representado por sus armas (una lanza y una espada) su coraza de bronce, casco y escudo. Sus animales predilectos son el buitre y los perros negros de presa, como los molosos.<\/p><h3>Descripci\u00f3n de Ares<\/h3><p>Ares es hermoso, de casi 4 codos (2 metros) de altura, y cubierto de m\u00fasculos por todas partes. De rasgos severos, tiene el pelo y la barba del color del fuego. Aparenta tener unos 25 a\u00f1os de edad. Va siempre vestido con armadura compuesta y armado hasta los dientes. Por diversos motivos, Ares est\u00e1 considerado como la deidad m\u00e1s est\u00fapida de todo el Olimpo. Brabuc\u00f3n, impulsivo y pendenciero, solo parece encontrar diversi\u00f3n en la destrucci\u00f3n de la civilizaci\u00f3n de los hombres.<\/p><h3>Seguidores de Ares<\/h3><p>Los seguidores de Ares viven en un eterno estado de tedio del que solo les puede sacar una ocasional pelea o la noticia de una guerra pr\u00f3xima. Aunque algunos de ellos son veteranos y expertos guerreros, capaces de pararse un segundo a pensar antes de actuar, muchos son impulsivos y no miden las consecuencias de sus actos. Tambi\u00e9n son famosos por ser los que menos respeto muestran ante las leyes de los otros dioses Ol\u00edmpicos. Por este motivo y por su afici\u00f3n de matarse los unos a otros, los seguidores de Ares son el grupo con menor esperanza de vida dentro de la H\u00e9lade. Se les suele reconocer por ir fuertemente armados y con grandes armaduras. Brabucones y pendencieros, suelen tomar todo lo que quieren y golpear a todos aquellos que se les oponen, aunque tambi\u00e9n pueden mostrarse como gente muy afable con otras personas, especialmente, si est\u00e1n borrachos y acaban de vencer un combate o una batalla.<\/p><p>Los sacerdotes de Ares son famosos por ser los menos comedidos, pol\u00edticos y maquiav\u00e9licos de entre todos los cl\u00e9rigos. Van vestidos con t\u00fanicas rojas rematadas por s\u00edmbolos realizados con sangre. Normalmente son excombatientes que han quedado demasiado viejos o deteriorados para volver a las primeras filas de los campos de batalla, y deciden quedarse en la retaguardia realizando sacrificios y tratando de que no se desangren los numerosos heridos. Mientras que la mayor\u00eda de los sacerdotes suelen rehuir los combates, llegando a invocar los poderes del Olimpo si fuera necesario para disuadir a los agresores, los sacerdotes de Ares aman la pelea como cualquier otro de su culto, y disfrutan de una buena batalla como el que m\u00e1s.<\/p><h5>Atributos t\u00edpicos en los seguidores de Ares<\/h5><p>Caracter\u00edsticas altas: FUE, RES, AGI | Habilidades: Armas CC [Todas], Pelea [Pancracio], Armas D [Lanzar], Evitar [Todas], Batalla [Terreno], Intimidar [Amenazar], Liderazgo [Militar] y Dureza [Fondo] | Rasgos Sociales: Equipo, Seguidores.\u00a0<\/p><h5>Arquetipos comunes en los seguidores de Ares<\/h5><p><strong>Mercenarios<\/strong>: hombres libres que se contratan a sueldo para las contiendas militares (una cantidad fija semanal + un porcentaje del bot\u00edn de la victoria). Suelen llevar equipos de calidad media. Existen versiones femeninas, aunque escasas.<\/p><p><strong>Levas<\/strong>: algunos ej\u00e9rcitos utilizan esclavos y campesinos reclutados forzosamente que, equipados con armas y armaduras de mala calidad, son lanzados contra el enemigo en las primeras oleadas para tantear el terreno. Suelen ser los primeros en morir.<\/p><p><strong>Hoplitas<\/strong>: Ciudadanos nobles bien armados y equipados. Suelen ser el grueso de los ej\u00e9rcitos de los distintos Estados que conforman la H\u00e9lade. Como arma principal la lanza, como secundaria la espada, y en la mano izquierda un gran escudo conocido como hopl\u00f3n.<\/p><p><strong>Veteranos<\/strong>: hombres de cualquier clase social que han participado en alguna guerra. A menudo atormentados por los recuerdos de la batalla y diezmados por sus consecuencias f\u00edsicas, no suelen adaptarse bien a los tiempos de paz, y ans\u00edan volver al combate para poder morir con el arma en la mano.<\/p><p><strong>Estrategos<\/strong>: poderosos generales que comandando sus ej\u00e9rcitos han conseguido hacerse con el control de un territorio, e incluso en ocasiones, robarle su corona a alg\u00fan que otro rey. Algunas mujeres tambi\u00e9n ostentan estos puestos.<\/p><p><strong>Comandantes<\/strong>: nobles ciudadanos a los que su rey o su \u00c1gora les ha encomendado la dif\u00edcil misi\u00f3n de liderar a las tropas de un pa\u00eds en una guerra. Mientras que en las monarqu\u00edas absolutistas suelen ser hermanos o hijos del rey, en las democracias elijen por votaci\u00f3n popular a los mejores de entre los suyos, lo que suele generar un mejor resultado.<\/p><p><strong>Escolta<\/strong>: soldados de clase social libre o noble que se encargan de mantener el orden en la Polis y los poblados de los distintos reinos. Suelen ser corruptos y mantener la paz a trav\u00e9s de la fuerza bruta.<\/p><p><strong>Amazonas<\/strong>: aunque muchas de ellas adoren a Artemisa, otras tantas tribus de estas mujeres guerreras, especialmente las tracianas, adoran principalmente Ares, al que tienen como dios, l\u00edder, general, padre y amante predilecto.<\/p><p><strong>Guardaespaldas<\/strong>: desde esclavos a nobles, son los encargados de proteger la vida de alguien importante, normalmente, perteneciente a la familia real.<\/p><p><strong>Salteadores<\/strong>: gente que se gana la vida arrasando peque\u00f1as aldeas desprotegidas o a grupos de viajeros, matando a todos los que le oponen resistencia y robando todo lo que encuentran de valor. Mientras que el resto de los ladrones (pertenecientes al culto a Hermes) consideran estas pr\u00e1cticas aberrantes, los salteadores aseguran que no roban, ya que solo toman lo que les pertenece como \u201cbot\u00edn de guerra\u201d.<\/p><\/div>\n\t\t\t\t<\/div>\n\t\t\t\t<\/div>\n\t\t\t\t\t\t<\/div>\n\t\t\t\t\t<\/div>\n\t\t<\/div>\n\t\t\t\t\t\t\t\t<\/div>\n\t\t\t\t\t<\/div>\n\t\t<\/section>\n\t\t\t\t<section class=\"elementor-section elementor-top-section elementor-element elementor-element-517d874 elementor-section-full_width elementor-section-height-default elementor-section-height-default\" data-id=\"517d874\" data-element_type=\"section\" data-settings=\"{&quot;background_background&quot;:&quot;slideshow&quot;,&quot;background_slideshow_gallery&quot;:[{&quot;id&quot;:1294,&quot;url&quot;:&quot;http:\\\/\\\/aureorpg.com\\\/wp-content\\\/uploads\\\/2022\\\/06\\\/Anadir-un-subtitulo.jpg&quot;}],&quot;background_slideshow_loop&quot;:&quot;yes&quot;,&quot;background_slideshow_slide_duration&quot;:5000,&quot;background_slideshow_slide_transition&quot;:&quot;fade&quot;,&quot;background_slideshow_transition_duration&quot;:500}\">\n\t\t\t\t\t\t<div class=\"elementor-container elementor-column-gap-default\">\n\t\t\t\t\t\t\t<div class=\"elementor-row\">\n\t\t\t\t\t<div class=\"elementor-column elementor-col-33 elementor-top-column elementor-element elementor-element-cf821a4\" data-id=\"cf821a4\" data-element_type=\"column\">\n\t\t\t<div class=\"elementor-column-wrap elementor-element-populated\">\n\t\t\t\t\t\t\t<div class=\"elementor-widget-wrap\">\n\t\t\t\t\t\t<div class=\"elementor-element elementor-element-1e782b0 elementor-align-left elementor-widget elementor-widget-button\" data-id=\"1e782b0\" data-element_type=\"widget\" data-widget_type=\"button.default\">\n\t\t\t\t<div class=\"elementor-widget-container\">\n\t\t\t\t\t<div class=\"elementor-button-wrapper\">\n\t\t\t<a href=\"http:\/\/aureorpg.com\/?page_id=1176\" class=\"elementor-button-link elementor-button elementor-size-sm\" role=\"button\">\n\t\t\t\t\t\t<span class=\"elementor-button-content-wrapper\">\n\t\t\t\t\t\t<span class=\"elementor-button-text\">Accede a nuestra zona gratuita de descargas<\/span>\n\t\t<\/span>\n\t\t\t\t\t<\/a>\n\t\t<\/div>\n\t\t\t\t<\/div>\n\t\t\t\t<\/div>\n\t\t\t\t\t\t<\/div>\n\t\t\t\t\t<\/div>\n\t\t<\/div>\n\t\t\t\t<div class=\"elementor-column elementor-col-66 elementor-top-column elementor-element elementor-element-34698dc\" data-id=\"34698dc\" data-element_type=\"column\">\n\t\t\t<div class=\"elementor-column-wrap\">\n\t\t\t\t\t\t\t<div class=\"elementor-widget-wrap\">\n\t\t\t\t\t\t\t\t<\/div>\n\t\t\t\t\t<\/div>\n\t\t<\/div>\n\t\t\t\t\t\t\t\t<\/div>\n\t\t\t\t\t<\/div>\n\t\t<\/section>\n\t\t\t\t\t\t<\/div>\n\t\t\t\t\t\t<\/div>\n\t\t\t\t\t<\/div>\n\t\t","protected":false},"excerpt":{"rendered":"<p>Culto a Ares: &#8216;El manchado de sangre&#8217; Historia de Ares Ares es el dios Ol\u00edmpico de la guerra, la fuerza bruta, la violencia, y los horrores de las batallas, como el tumulto y la confusi\u00f3n, as\u00ed como las hambrunas, las plagas y otras miserias derivadas de los conflictos b\u00e9licos. Es hijo de Zeus y Hera, &hellip;<\/p>\n<p class=\"read-more\"> <a class=\"\" href=\"http:\/\/aureorpg.com\/?page_id=770\"> <span class=\"screen-reader-text\">Ares<\/span> Read More &raquo;<\/a><\/p>\n","protected":false},"author":1,"featured_media":0,"parent":0,"menu_order":0,"comment_status":"closed","ping_status":"closed","template":"","meta":[],"yoast_head":"<!-- This site is optimized with the Yoast SEO plugin v15.1.1 - https:\/\/yoast.com\/wordpress\/plugins\/seo\/ -->\n<title>Ares - aureorpg.com<\/title>\n<meta name=\"robots\" content=\"index, follow, max-snippet:-1, max-image-preview:large, max-video-preview:-1\" \/>\n<link rel=\"canonical\" href=\"http:\/\/aureorpg.com\/?page_id=770\" \/>\n<meta property=\"og:locale\" content=\"en_US\" \/>\n<meta property=\"og:type\" content=\"article\" \/>\n<meta property=\"og:title\" content=\"Ares - aureorpg.com\" \/>\n<meta property=\"og:description\" content=\"Culto a Ares: &#8216;El manchado de sangre&#8217; Historia de Ares Ares es el dios Ol\u00edmpico de la guerra, la fuerza bruta, la violencia, y los horrores de las batallas, como el tumulto y la confusi\u00f3n, as\u00ed como las hambrunas, las plagas y otras miserias derivadas de los conflictos b\u00e9licos. Es hijo de Zeus y Hera, &hellip; Ares Read More &raquo;\" \/>\n<meta property=\"og:url\" content=\"http:\/\/aureorpg.com\/?page_id=770\" \/>\n<meta property=\"og:site_name\" content=\"aureorpg.com\" \/>\n<meta property=\"article:modified_time\" content=\"2022-06-29T17:32:45+00:00\" \/>\n<meta property=\"og:image\" content=\"http:\/\/aureorpg.com\/wp-content\/uploads\/2020\/10\/Aureo-Juego-de-rol-mitologia-griega-Ares-1024x559.jpg\" \/>\n<meta name=\"twitter:card\" content=\"summary_large_image\" \/>\n<script type=\"application\/ld+json\" class=\"yoast-schema-graph\">{\"@context\":\"https:\/\/schema.org\",\"@graph\":[{\"@type\":\"WebSite\",\"@id\":\"http:\/\/aureorpg.com\/#website\",\"url\":\"http:\/\/aureorpg.com\/\",\"name\":\"aureorpg.com\",\"description\":\"Juego de rol de mitolog\\u00eda\",\"potentialAction\":[{\"@type\":\"SearchAction\",\"target\":\"http:\/\/aureorpg.com\/?s={search_term_string}\",\"query-input\":\"required name=search_term_string\"}],\"inLanguage\":\"en-US\"},{\"@type\":\"ImageObject\",\"@id\":\"http:\/\/aureorpg.com\/?page_id=770#primaryimage\",\"inLanguage\":\"en-US\",\"url\":\"http:\/\/aureorpg.com\/wp-content\/uploads\/2020\/10\/Aureo-Juego-de-rol-mitologia-griega-Ares.jpg\",\"width\":1100,\"height\":600},{\"@type\":\"WebPage\",\"@id\":\"http:\/\/aureorpg.com\/?page_id=770#webpage\",\"url\":\"http:\/\/aureorpg.com\/?page_id=770\",\"name\":\"Ares - aureorpg.com\",\"isPartOf\":{\"@id\":\"http:\/\/aureorpg.com\/#website\"},\"primaryImageOfPage\":{\"@id\":\"http:\/\/aureorpg.com\/?page_id=770#primaryimage\"},\"datePublished\":\"2020-10-23T11:54:01+00:00\",\"dateModified\":\"2022-06-29T17:32:45+00:00\",\"inLanguage\":\"en-US\",\"potentialAction\":[{\"@type\":\"ReadAction\",\"target\":[\"http:\/\/aureorpg.com\/?page_id=770\"]}]}]}<\/script>\n<!-- \/ Yoast SEO plugin. -->","_links":{"self":[{"href":"http:\/\/aureorpg.com\/index.php?rest_route=\/wp\/v2\/pages\/770"}],"collection":[{"href":"http:\/\/aureorpg.com\/index.php?rest_route=\/wp\/v2\/pages"}],"about":[{"href":"http:\/\/aureorpg.com\/index.php?rest_route=\/wp\/v2\/types\/page"}],"author":[{"embeddable":true,"href":"http:\/\/aureorpg.com\/index.php?rest_route=\/wp\/v2\/users\/1"}],"replies":[{"embeddable":true,"href":"http:\/\/aureorpg.com\/index.php?rest_route=%2Fwp%2Fv2%2Fcomments&post=770"}],"version-history":[{"count":11,"href":"http:\/\/aureorpg.com\/index.php?rest_route=\/wp\/v2\/pages\/770\/revisions"}],"predecessor-version":[{"id":1350,"href":"http:\/\/aureorpg.com\/index.php?rest_route=\/wp\/v2\/pages\/770\/revisions\/1350"}],"wp:attachment":[{"href":"http:\/\/aureorpg.com\/index.php?rest_route=%2Fwp%2Fv2%2Fmedia&parent=770"}],"curies":[{"name":"wp","href":"https:\/\/api.w.org\/{rel}","templated":true}]}}