{"id":780,"date":"2020-10-23T14:16:09","date_gmt":"2020-10-23T14:16:09","guid":{"rendered":"http:\/\/aureorpg.com\/?page_id=780"},"modified":"2022-06-29T17:33:03","modified_gmt":"2022-06-29T17:33:03","slug":"artemisa","status":"publish","type":"page","link":"http:\/\/aureorpg.com\/?page_id=780","title":{"rendered":"Artemisa"},"content":{"rendered":"\t\t<div data-elementor-type=\"wp-page\" data-elementor-id=\"780\" class=\"elementor elementor-780\" data-elementor-settings=\"[]\">\n\t\t\t\t\t\t<div class=\"elementor-inner\">\n\t\t\t\t\t\t\t<div class=\"elementor-section-wrap\">\n\t\t\t\t\t\t\t<section class=\"elementor-section elementor-top-section elementor-element elementor-element-b7bfdad elementor-section-boxed elementor-section-height-default elementor-section-height-default\" data-id=\"b7bfdad\" data-element_type=\"section\" data-settings=\"{&quot;background_background&quot;:&quot;gradient&quot;}\">\n\t\t\t\t\t\t<div class=\"elementor-container elementor-column-gap-default\">\n\t\t\t\t\t\t\t<div class=\"elementor-row\">\n\t\t\t\t\t<div class=\"elementor-column elementor-col-100 elementor-top-column elementor-element elementor-element-5a7b29f\" data-id=\"5a7b29f\" data-element_type=\"column\">\n\t\t\t<div class=\"elementor-column-wrap elementor-element-populated\">\n\t\t\t\t\t\t\t<div class=\"elementor-widget-wrap\">\n\t\t\t\t\t\t<div class=\"elementor-element elementor-element-68b8dc6 elementor-widget elementor-widget-image\" data-id=\"68b8dc6\" data-element_type=\"widget\" data-widget_type=\"image.default\">\n\t\t\t\t<div class=\"elementor-widget-container\">\n\t\t\t\t\t<div class=\"elementor-image\">\n\t\t\t\t\t\t\t\t\t\t<img width=\"1024\" height=\"559\" src=\"http:\/\/aureorpg.com\/wp-content\/uploads\/2020\/10\/Aureo-Juego-de-rol-mitologia-griega-Artemisa-1024x559.jpg\" class=\"attachment-large size-large\" alt=\"\" loading=\"lazy\" srcset=\"http:\/\/aureorpg.com\/wp-content\/uploads\/2020\/10\/Aureo-Juego-de-rol-mitologia-griega-Artemisa-1024x559.jpg 1024w, http:\/\/aureorpg.com\/wp-content\/uploads\/2020\/10\/Aureo-Juego-de-rol-mitologia-griega-Artemisa-300x164.jpg 300w, http:\/\/aureorpg.com\/wp-content\/uploads\/2020\/10\/Aureo-Juego-de-rol-mitologia-griega-Artemisa-768x419.jpg 768w, http:\/\/aureorpg.com\/wp-content\/uploads\/2020\/10\/Aureo-Juego-de-rol-mitologia-griega-Artemisa.jpg 1100w\" sizes=\"(max-width: 1024px) 100vw, 1024px\" \/>\t\t\t\t\t\t\t\t\t\t\t<\/div>\n\t\t\t\t<\/div>\n\t\t\t\t<\/div>\n\t\t\t\t\t\t<\/div>\n\t\t\t\t\t<\/div>\n\t\t<\/div>\n\t\t\t\t\t\t\t\t<\/div>\n\t\t\t\t\t<\/div>\n\t\t<\/section>\n\t\t\t\t<section class=\"elementor-section elementor-top-section elementor-element elementor-element-bf0ad6b elementor-section-boxed elementor-section-height-default elementor-section-height-default\" data-id=\"bf0ad6b\" data-element_type=\"section\">\n\t\t\t\t\t\t<div class=\"elementor-container elementor-column-gap-default\">\n\t\t\t\t\t\t\t<div class=\"elementor-row\">\n\t\t\t\t\t<div class=\"elementor-column elementor-col-100 elementor-top-column elementor-element elementor-element-2c76aed\" data-id=\"2c76aed\" data-element_type=\"column\">\n\t\t\t<div class=\"elementor-column-wrap elementor-element-populated\">\n\t\t\t\t\t\t\t<div class=\"elementor-widget-wrap\">\n\t\t\t\t\t\t<div class=\"elementor-element elementor-element-5efffb9 elementor-widget elementor-widget-heading\" data-id=\"5efffb9\" data-element_type=\"widget\" data-widget_type=\"heading.default\">\n\t\t\t\t<div class=\"elementor-widget-container\">\n\t\t\t<h2 class=\"elementor-heading-title elementor-size-default\">Culto a Artemisa: 'La Cazadora'<\/h2>\t\t<\/div>\n\t\t\t\t<\/div>\n\t\t\t\t\t\t<\/div>\n\t\t\t\t\t<\/div>\n\t\t<\/div>\n\t\t\t\t\t\t\t\t<\/div>\n\t\t\t\t\t<\/div>\n\t\t<\/section>\n\t\t\t\t<section class=\"elementor-section elementor-top-section elementor-element elementor-element-084aaed elementor-section-boxed elementor-section-height-default elementor-section-height-default\" data-id=\"084aaed\" data-element_type=\"section\">\n\t\t\t\t\t\t<div class=\"elementor-container elementor-column-gap-default\">\n\t\t\t\t\t\t\t<div class=\"elementor-row\">\n\t\t\t\t\t<div class=\"elementor-column elementor-col-100 elementor-top-column elementor-element elementor-element-e7c6917\" data-id=\"e7c6917\" data-element_type=\"column\">\n\t\t\t<div class=\"elementor-column-wrap elementor-element-populated\">\n\t\t\t\t\t\t\t<div class=\"elementor-widget-wrap\">\n\t\t\t\t\t\t<div class=\"elementor-element elementor-element-3ee7d1a elementor-widget elementor-widget-text-editor\" data-id=\"3ee7d1a\" data-element_type=\"widget\" data-widget_type=\"text-editor.default\">\n\t\t\t\t<div class=\"elementor-widget-container\">\n\t\t\t\t\t<div class=\"elementor-text-editor elementor-clearfix\"><h3>Historia de Artemisa<\/h3>\n<p>Artemisa es hermana gemela de Apolo e hija de los dioses Zeus y Leto. Artemisa es la diosa de la caza, los bosques y las monta\u00f1as. En cuanto a sus relaciones sentimentales, Artemisa ha jurado ser siempre virgen, aunque mantiene relaciones sexuales con las ninfas que est\u00e1n a su cargo. Artemisa aborrece las ciudades y vive en los bosques y campos de los que es protectora. Es famosa por sus venganzas, especialmente, contra aquellos hombres que se atreven a agraviarla. Artemisa tiene un arco, hecho de plata, que simboliza su conexi\u00f3n con la luna. Tambi\u00e9n la representan sus animales predilectos: el ciervo (al que gusta de cazar) y sus jaur\u00edas, compuestas por galgos (que persiguen a sus presas) y sabuesos (que son capaces de seguirlas sin perder nunca su rastro).<\/p>\n<h3>Descripci\u00f3n de Artemisa<\/h3>\n<p>Guapa, esbelta y atl\u00e9tica, aparenta entre 16 y 18 a\u00f1os. Tienen los ojos como el cielo despejado y sus cabellos son del color del oro, largos (hasta la cintura) y lacios. Artemisa acostumbra a llevar un vestido de campesina hasta las rodillas, con un peque\u00f1o escote cruzado y ce\u00f1ido con un cintur\u00f3n (ropa c\u00f3moda que le permite moverse con libertad y agilidad cuando va de caza o corre por los campos). La personalidad de Artemisa es impulsiva, libre y salvaje, aunque probablemente el rasgo que m\u00e1s la identifique es su androginia.&nbsp;<\/p>\n<h3>Seguidores de Artemisa<\/h3>\n<p>&nbsp;Las chicas que siguen a Artemisa suelen ser mujeres fuertes y valerosas que han decidido llevar una vida at\u00edpica e independiente de los hombres. Libres y salvajes, prefieren vivir en los bosques o en peque\u00f1as aldeas rurales antes que en las ciudades. Suelen ser de trato dif\u00edcil, ya que no aceptan que los hombres las cataloguen como inferiores o sean condescendientes con ellas (algo muy habitual la H\u00e9lade). Por otra parte, aunque su relaci\u00f3n con el sexo femenino suele ser mejor, tambi\u00e9n tienen conflictos con aquellas mujeres que han decidido adquirir roles t\u00edpicamente de su g\u00e9nero, cas\u00e1ndose o dependiendo de los hombres.&nbsp; Las sacerdotisas de Artemisa suelen vivir recluidas en los templos procurando tener el menor contacto posible con hombres, para evitar romper su voto de castidad obligatorio. Ingresan como ac\u00f3litas siendo muy ni\u00f1as y se les exige permanecer siempre v\u00edrgenes (entendido como no poder practicar sexo con hombres, pero s\u00ed con mujeres). Por supuesto, esto implica que no pueden casarse. Su funci\u00f3n social se reduce a las procesiones que realizan en las festividades anuales de Artemisa, donde exhiben sus habilidades relacionadas con la diosa (tiro con arco, danza, m\u00fasica\u2026) Tambi\u00e9n es habitual encontrar sacerdotisas de Artemisa dedicadas al cuidado de los bosques, especialmente de aquellos que son considerados sagrados para la diosa.<\/p>\n<p>Aunque sea un tema tab\u00fa y lo hagan a escondidas de sus maridos y padres, muchas mujeres de todas las edades y grupos sociales corren a los bosques las noches de luna creciente para participar en los rituales de fertilidad consagrados a Artemisa, los cuales incluyen sacrificios y bailes que, en ocasiones, derivan en org\u00edas. Solo las mujeres pueden acudir a estos lugares, y la ley sagrada de la diosa exige que, cualquier hombre que sea sorprendido en los alrededores, sea muerto, sin importar de si se trata de un esclavo o un rey.<\/p>\n<h5>Atributos t\u00edpicos en las seguidoras de Artemisa <\/h5>\n<p>Caracter\u00edsticas altas: AGI, APA y SEN | Habilidades: Herbolaria [Todas], Atletismo [Todas], Armas D [Arco], Supervivencia [Todas], Intuici\u00f3n [Adivinaci\u00f3n], Artes [Todas], Cosmolog\u00eda [Todas] | Rasgo Social: Ep\u00edteto.<\/p>\n<h5>Arquetipos t\u00edpicos de las seguidoras de Artemisa <\/h5>\n<p><strong>Cazadoras<\/strong>: mujeres libres que rivalizan con los hombres por cazar las mejores presas, ayudadas por sus jaur\u00edas. Aunque poco reconocidas por los egos de los hombres, cumplen una gran funci\u00f3n peleando contra los monstruos que habitan en los terrenos salvajes.<\/p><p><strong>Vengadoras<\/strong>: mujeres libres que han decidido consagrar su vida a la defensa de otras mujeres. Suelen vengar la tiran\u00eda de los hombres, bien a cambio de una justa recompensa por parte de las mujeres agraviadas, bien por mero placer. En ocasiones llevan a los culpables de delitos como violaciones ante la justicia\u2026 otras veces, la ejecutan ellas mismas d\u00e1ndoles muerte.<\/p><p><strong>Artistas<\/strong>: mujeres, tanto de clase noble como libres, consagradas a la m\u00fasica y a la danza.<\/p><p><strong>Profetisas<\/strong>: mujeres nobles que han sido bendecidas con el don de la adivinaci\u00f3n. Aunque generalmente ignoradas por las sociedades patriarcales en las que viven, algunas de ellas llegan a obtener una gran fama (como La Pitia, la famosa or\u00e1culo de Delfos) y otras son usadas por hombres que se adue\u00f1an de sus profec\u00edas para llevarse el m\u00e9rito de sus visiones.<\/p><p><strong>Curanderas<\/strong>: mujeres libres que viven apartadas de la sociedad en la naturaleza, de la que han aprendido a extraer la aut\u00e9ntica sabidur\u00eda y a restaurar los males que acechan al cuerpo humano a trav\u00e9s de las plantas.<\/p><p><strong>Ermita\u00f1as<\/strong>: Mujeres libres que viven en soledad o en peque\u00f1os grupos en bosques sagrados consagrados a la diosa Artemisa. Sin el yugo de la sociedad y de los hombres, han conseguido alcanzar la verdadera libertad.<\/p><p><strong>Amazonas<\/strong>: mujeres nobles de todas las edades que han creado una sociedad totalmente distinta a la del resto de la H\u00e9lade. En sus poblados los hombres son subyugados a los deseos de las mujeres. Suelen vivir en bosques sagrados protegidos por la diosa.<\/p><\/div>\n\t\t\t\t<\/div>\n\t\t\t\t<\/div>\n\t\t\t\t\t\t<\/div>\n\t\t\t\t\t<\/div>\n\t\t<\/div>\n\t\t\t\t\t\t\t\t<\/div>\n\t\t\t\t\t<\/div>\n\t\t<\/section>\n\t\t\t\t<section class=\"elementor-section elementor-top-section elementor-element elementor-element-b94af67 elementor-section-full_width elementor-section-height-default elementor-section-height-default\" data-id=\"b94af67\" data-element_type=\"section\" data-settings=\"{&quot;background_background&quot;:&quot;slideshow&quot;,&quot;background_slideshow_gallery&quot;:[{&quot;id&quot;:1294,&quot;url&quot;:&quot;http:\\\/\\\/aureorpg.com\\\/wp-content\\\/uploads\\\/2022\\\/06\\\/Anadir-un-subtitulo.jpg&quot;}],&quot;background_slideshow_loop&quot;:&quot;yes&quot;,&quot;background_slideshow_slide_duration&quot;:5000,&quot;background_slideshow_slide_transition&quot;:&quot;fade&quot;,&quot;background_slideshow_transition_duration&quot;:500}\">\n\t\t\t\t\t\t<div class=\"elementor-container elementor-column-gap-default\">\n\t\t\t\t\t\t\t<div class=\"elementor-row\">\n\t\t\t\t\t<div class=\"elementor-column elementor-col-33 elementor-top-column elementor-element elementor-element-64f3b52\" data-id=\"64f3b52\" data-element_type=\"column\">\n\t\t\t<div class=\"elementor-column-wrap elementor-element-populated\">\n\t\t\t\t\t\t\t<div class=\"elementor-widget-wrap\">\n\t\t\t\t\t\t<div class=\"elementor-element elementor-element-a4dc80f elementor-align-left elementor-widget elementor-widget-button\" data-id=\"a4dc80f\" data-element_type=\"widget\" data-widget_type=\"button.default\">\n\t\t\t\t<div class=\"elementor-widget-container\">\n\t\t\t\t\t<div class=\"elementor-button-wrapper\">\n\t\t\t<a href=\"http:\/\/aureorpg.com\/?page_id=1176\" class=\"elementor-button-link elementor-button elementor-size-sm\" role=\"button\">\n\t\t\t\t\t\t<span class=\"elementor-button-content-wrapper\">\n\t\t\t\t\t\t<span class=\"elementor-button-text\">Accede a nuestra zona gratuita de descargas<\/span>\n\t\t<\/span>\n\t\t\t\t\t<\/a>\n\t\t<\/div>\n\t\t\t\t<\/div>\n\t\t\t\t<\/div>\n\t\t\t\t\t\t<\/div>\n\t\t\t\t\t<\/div>\n\t\t<\/div>\n\t\t\t\t<div class=\"elementor-column elementor-col-66 elementor-top-column elementor-element elementor-element-8654ae8\" data-id=\"8654ae8\" data-element_type=\"column\">\n\t\t\t<div class=\"elementor-column-wrap\">\n\t\t\t\t\t\t\t<div class=\"elementor-widget-wrap\">\n\t\t\t\t\t\t\t\t<\/div>\n\t\t\t\t\t<\/div>\n\t\t<\/div>\n\t\t\t\t\t\t\t\t<\/div>\n\t\t\t\t\t<\/div>\n\t\t<\/section>\n\t\t\t\t\t\t<\/div>\n\t\t\t\t\t\t<\/div>\n\t\t\t\t\t<\/div>\n\t\t","protected":false},"excerpt":{"rendered":"<p>Culto a Artemisa: &#8216;La Cazadora&#8217; Historia de Artemisa Artemisa es hermana gemela de Apolo e hija de los dioses Zeus y Leto. Artemisa es la diosa de la caza, los bosques y las monta\u00f1as. En cuanto a sus relaciones sentimentales, Artemisa ha jurado ser siempre virgen, aunque mantiene relaciones sexuales con las ninfas que est\u00e1n &hellip;<\/p>\n<p class=\"read-more\"> <a class=\"\" href=\"http:\/\/aureorpg.com\/?page_id=780\"> <span class=\"screen-reader-text\">Artemisa<\/span> Read More &raquo;<\/a><\/p>\n","protected":false},"author":1,"featured_media":0,"parent":0,"menu_order":0,"comment_status":"closed","ping_status":"closed","template":"","meta":[],"yoast_head":"<!-- This site is optimized with the Yoast SEO plugin v15.1.1 - https:\/\/yoast.com\/wordpress\/plugins\/seo\/ -->\n<title>Artemisa - aureorpg.com<\/title>\n<meta name=\"robots\" content=\"index, follow, max-snippet:-1, max-image-preview:large, max-video-preview:-1\" \/>\n<link rel=\"canonical\" href=\"http:\/\/aureorpg.com\/?page_id=780\" \/>\n<meta property=\"og:locale\" content=\"en_US\" \/>\n<meta property=\"og:type\" content=\"article\" \/>\n<meta property=\"og:title\" content=\"Artemisa - aureorpg.com\" \/>\n<meta property=\"og:description\" content=\"Culto a Artemisa: &#8216;La Cazadora&#8217; Historia de Artemisa Artemisa es hermana gemela de Apolo e hija de los dioses Zeus y Leto. Artemisa es la diosa de la caza, los bosques y las monta\u00f1as. En cuanto a sus relaciones sentimentales, Artemisa ha jurado ser siempre virgen, aunque mantiene relaciones sexuales con las ninfas que est\u00e1n &hellip; Artemisa Read More &raquo;\" \/>\n<meta property=\"og:url\" content=\"http:\/\/aureorpg.com\/?page_id=780\" \/>\n<meta property=\"og:site_name\" content=\"aureorpg.com\" \/>\n<meta property=\"article:modified_time\" content=\"2022-06-29T17:33:03+00:00\" \/>\n<meta property=\"og:image\" content=\"http:\/\/aureorpg.com\/wp-content\/uploads\/2020\/10\/Aureo-Juego-de-rol-mitologia-griega-Artemisa-1024x559.jpg\" \/>\n<meta name=\"twitter:card\" content=\"summary_large_image\" \/>\n<script type=\"application\/ld+json\" class=\"yoast-schema-graph\">{\"@context\":\"https:\/\/schema.org\",\"@graph\":[{\"@type\":\"WebSite\",\"@id\":\"http:\/\/aureorpg.com\/#website\",\"url\":\"http:\/\/aureorpg.com\/\",\"name\":\"aureorpg.com\",\"description\":\"Juego de rol de mitolog\\u00eda\",\"potentialAction\":[{\"@type\":\"SearchAction\",\"target\":\"http:\/\/aureorpg.com\/?s={search_term_string}\",\"query-input\":\"required name=search_term_string\"}],\"inLanguage\":\"en-US\"},{\"@type\":\"ImageObject\",\"@id\":\"http:\/\/aureorpg.com\/?page_id=780#primaryimage\",\"inLanguage\":\"en-US\",\"url\":\"http:\/\/aureorpg.com\/wp-content\/uploads\/2020\/10\/Aureo-Juego-de-rol-mitologia-griega-Artemisa.jpg\",\"width\":1100,\"height\":600},{\"@type\":\"WebPage\",\"@id\":\"http:\/\/aureorpg.com\/?page_id=780#webpage\",\"url\":\"http:\/\/aureorpg.com\/?page_id=780\",\"name\":\"Artemisa - aureorpg.com\",\"isPartOf\":{\"@id\":\"http:\/\/aureorpg.com\/#website\"},\"primaryImageOfPage\":{\"@id\":\"http:\/\/aureorpg.com\/?page_id=780#primaryimage\"},\"datePublished\":\"2020-10-23T14:16:09+00:00\",\"dateModified\":\"2022-06-29T17:33:03+00:00\",\"inLanguage\":\"en-US\",\"potentialAction\":[{\"@type\":\"ReadAction\",\"target\":[\"http:\/\/aureorpg.com\/?page_id=780\"]}]}]}<\/script>\n<!-- \/ Yoast SEO plugin. -->","_links":{"self":[{"href":"http:\/\/aureorpg.com\/index.php?rest_route=\/wp\/v2\/pages\/780"}],"collection":[{"href":"http:\/\/aureorpg.com\/index.php?rest_route=\/wp\/v2\/pages"}],"about":[{"href":"http:\/\/aureorpg.com\/index.php?rest_route=\/wp\/v2\/types\/page"}],"author":[{"embeddable":true,"href":"http:\/\/aureorpg.com\/index.php?rest_route=\/wp\/v2\/users\/1"}],"replies":[{"embeddable":true,"href":"http:\/\/aureorpg.com\/index.php?rest_route=%2Fwp%2Fv2%2Fcomments&post=780"}],"version-history":[{"count":9,"href":"http:\/\/aureorpg.com\/index.php?rest_route=\/wp\/v2\/pages\/780\/revisions"}],"predecessor-version":[{"id":1351,"href":"http:\/\/aureorpg.com\/index.php?rest_route=\/wp\/v2\/pages\/780\/revisions\/1351"}],"wp:attachment":[{"href":"http:\/\/aureorpg.com\/index.php?rest_route=%2Fwp%2Fv2%2Fmedia&parent=780"}],"curies":[{"name":"wp","href":"https:\/\/api.w.org\/{rel}","templated":true}]}}