{"id":785,"date":"2020-10-23T14:44:52","date_gmt":"2020-10-23T14:44:52","guid":{"rendered":"http:\/\/aureorpg.com\/?page_id=785"},"modified":"2022-06-29T17:33:19","modified_gmt":"2022-06-29T17:33:19","slug":"atenea","status":"publish","type":"page","link":"http:\/\/aureorpg.com\/?page_id=785","title":{"rendered":"Atenea"},"content":{"rendered":"\t\t<div data-elementor-type=\"wp-page\" data-elementor-id=\"785\" class=\"elementor elementor-785\" data-elementor-settings=\"[]\">\n\t\t\t\t\t\t<div class=\"elementor-inner\">\n\t\t\t\t\t\t\t<div class=\"elementor-section-wrap\">\n\t\t\t\t\t\t\t<section class=\"elementor-section elementor-top-section elementor-element elementor-element-b7bfdad elementor-section-boxed elementor-section-height-default elementor-section-height-default\" data-id=\"b7bfdad\" data-element_type=\"section\" data-settings=\"{&quot;background_background&quot;:&quot;gradient&quot;}\">\n\t\t\t\t\t\t<div class=\"elementor-container elementor-column-gap-default\">\n\t\t\t\t\t\t\t<div class=\"elementor-row\">\n\t\t\t\t\t<div class=\"elementor-column elementor-col-100 elementor-top-column elementor-element elementor-element-5a7b29f\" data-id=\"5a7b29f\" data-element_type=\"column\">\n\t\t\t<div class=\"elementor-column-wrap elementor-element-populated\">\n\t\t\t\t\t\t\t<div class=\"elementor-widget-wrap\">\n\t\t\t\t\t\t<div class=\"elementor-element elementor-element-68b8dc6 elementor-widget elementor-widget-image\" data-id=\"68b8dc6\" data-element_type=\"widget\" data-widget_type=\"image.default\">\n\t\t\t\t<div class=\"elementor-widget-container\">\n\t\t\t\t\t<div class=\"elementor-image\">\n\t\t\t\t\t\t\t\t\t\t<img width=\"1024\" height=\"559\" src=\"http:\/\/aureorpg.com\/wp-content\/uploads\/2020\/10\/Aureo-Juego-de-rol-mitologia-griega-Atenea-1024x559.jpg\" class=\"attachment-large size-large\" alt=\"\" loading=\"lazy\" srcset=\"http:\/\/aureorpg.com\/wp-content\/uploads\/2020\/10\/Aureo-Juego-de-rol-mitologia-griega-Atenea-1024x559.jpg 1024w, http:\/\/aureorpg.com\/wp-content\/uploads\/2020\/10\/Aureo-Juego-de-rol-mitologia-griega-Atenea-300x164.jpg 300w, http:\/\/aureorpg.com\/wp-content\/uploads\/2020\/10\/Aureo-Juego-de-rol-mitologia-griega-Atenea-768x419.jpg 768w, http:\/\/aureorpg.com\/wp-content\/uploads\/2020\/10\/Aureo-Juego-de-rol-mitologia-griega-Atenea.jpg 1100w\" sizes=\"(max-width: 1024px) 100vw, 1024px\" \/>\t\t\t\t\t\t\t\t\t\t\t<\/div>\n\t\t\t\t<\/div>\n\t\t\t\t<\/div>\n\t\t\t\t\t\t<\/div>\n\t\t\t\t\t<\/div>\n\t\t<\/div>\n\t\t\t\t\t\t\t\t<\/div>\n\t\t\t\t\t<\/div>\n\t\t<\/section>\n\t\t\t\t<section class=\"elementor-section elementor-top-section elementor-element elementor-element-bf0ad6b elementor-section-boxed elementor-section-height-default elementor-section-height-default\" data-id=\"bf0ad6b\" data-element_type=\"section\">\n\t\t\t\t\t\t<div class=\"elementor-container elementor-column-gap-default\">\n\t\t\t\t\t\t\t<div class=\"elementor-row\">\n\t\t\t\t\t<div class=\"elementor-column elementor-col-100 elementor-top-column elementor-element elementor-element-2c76aed\" data-id=\"2c76aed\" data-element_type=\"column\">\n\t\t\t<div class=\"elementor-column-wrap elementor-element-populated\">\n\t\t\t\t\t\t\t<div class=\"elementor-widget-wrap\">\n\t\t\t\t\t\t<div class=\"elementor-element elementor-element-5efffb9 elementor-widget elementor-widget-heading\" data-id=\"5efffb9\" data-element_type=\"widget\" data-widget_type=\"heading.default\">\n\t\t\t\t<div class=\"elementor-widget-container\">\n\t\t\t<h2 class=\"elementor-heading-title elementor-size-default\">Culto a Atenea: 'La de ojos de lechuza'<\/h2>\t\t<\/div>\n\t\t\t\t<\/div>\n\t\t\t\t\t\t<\/div>\n\t\t\t\t\t<\/div>\n\t\t<\/div>\n\t\t\t\t\t\t\t\t<\/div>\n\t\t\t\t\t<\/div>\n\t\t<\/section>\n\t\t\t\t<section class=\"elementor-section elementor-top-section elementor-element elementor-element-084aaed elementor-section-boxed elementor-section-height-default elementor-section-height-default\" data-id=\"084aaed\" data-element_type=\"section\">\n\t\t\t\t\t\t<div class=\"elementor-container elementor-column-gap-default\">\n\t\t\t\t\t\t\t<div class=\"elementor-row\">\n\t\t\t\t\t<div class=\"elementor-column elementor-col-100 elementor-top-column elementor-element elementor-element-e7c6917\" data-id=\"e7c6917\" data-element_type=\"column\">\n\t\t\t<div class=\"elementor-column-wrap elementor-element-populated\">\n\t\t\t\t\t\t\t<div class=\"elementor-widget-wrap\">\n\t\t\t\t\t\t<div class=\"elementor-element elementor-element-3ee7d1a elementor-widget elementor-widget-text-editor\" data-id=\"3ee7d1a\" data-element_type=\"widget\" data-widget_type=\"text-editor.default\">\n\t\t\t\t<div class=\"elementor-widget-container\">\n\t\t\t\t\t<div class=\"elementor-text-editor elementor-clearfix\"><h3>Historia de Atenea<\/h3><p>Atenea es la diosa Ol\u00edmpica de la estrategia en la batalla, la justicia, las leyes, la sabidur\u00eda, la civilizaci\u00f3n, el olivo, la rueca y otros inventos que mejoran el artesanado.\u00a0 Es hija de Zeus y Metis (la diosa del pensamiento astuto). Cuando Zeus se enter\u00f3 de que su madre estaba embarazada, por miedo a que su hijo fuera m\u00e1s poderoso que \u00e9l y le arrebatara el trono del Olimpo, convirti\u00f3 a Metis en mosca y se la trag\u00f3. Unos meses m\u00e1s tarde Atenea naci\u00f3 de la cabeza de su padre, adulta, equipada con armas y armadura y lista para la batalla. No solo no se convirti\u00f3 en el temido enemigo que asustaba a Zeus, sino que pronto ocup\u00f3 el puesto de hija predilecta, debido a su gran inteligencia y buen hacer. Debido a su astucia ha vencido a muchas deidades Ol\u00edmpicas en diversas competiciones, incluso, a algunas de ellas presuntamente m\u00e1s poderosas. Este es el caso de cuando gan\u00f3 el protectorado de Atenas a Poseid\u00f3n. Su enemigo ac\u00e9rrimo es Ares, el dios de la guerra, al que siempre consigue derrotar. Debido a que es una de las deidades que m\u00e1s ha beneficiado a la humanidad con los distintos regalos que les ha otorgado, Atenea es una de las diosas m\u00e1s queridas y con m\u00e1s seguidores en la H\u00e9lade. Como el or\u00e1culo vaticin\u00f3 que si ten\u00eda un hijo var\u00f3n \u00e9ste derrotar\u00eda a Zeus, Atenea jur\u00f3 ser por siempre virgen y no mantener relaciones sexuales con ning\u00fan otro ser. A pesar de no haber tenido nunca hijos, ha amadrinado a muchos grandes h\u00e9roes, reyes, e incluso a otros dioses o criaturas inmortales, como Herecteo o a los Hombres de Oro. Atenea est\u00e1 representada por sus armas (lanza y cetro) y su armadura (la famosa \u00e9gida hecha con escamas de drag\u00f3n e indestructible), pero tambi\u00e9n por la lechuza y el olivo.<\/p><h3>Descripci\u00f3n de Atenea<\/h3><p>Atenea es famosa por su belleza inocente. Aparenta tener unos 16 a\u00f1os y es alta para ser mujer. Tiene la piel blanca como la luna, pelo negro azabache y largo, y ojos pardos y grandes como los de un ave nocturna. Suele vestir armadura con casco, y va siempre armada con una lanza o con un cetro. En su aspecto psicol\u00f3gico, Atenea es famosa por su gran sentido de la justicia y su sabidur\u00eda. Acostumbra a aconsejar a mortales relevantes (como h\u00e9roes y reyes) disfrazada de amigos humanos, con la intenci\u00f3n de guiarles por el buen camino, pero sin imponerles expl\u00edcitamente su voluntad. No destaca ni por su simpat\u00eda ni por su sentido del humor.<\/p><h3>Seguidores de Atenea<\/h3><p>Los seguidores de Atenea, que se cuentan en gran n\u00famero tanto entre hombres y mujeres, suelen ser personas comedidas temerosas de los dioses y las leyes. Es f\u00e1cil reconocerlos porque est\u00e1n obsesionados con hacer lo correcto (desde un punto de vista c\u00edvico, no moral), y es com\u00fan que se paren a analizar cualquier situaci\u00f3n de forma minuciosa para tratar de no incurrir en ning\u00fan delito. Esta manera tan cuadriculada de ver el mundo suele molestar a las otras personas que rinden culto a dioses menos dictatoriales.\u00a0 No es extra\u00f1o que los seguidores de Atenea denuncien a sus amigos ante las autoridades si piensan que han cometido alg\u00fan delito, lo que hace dif\u00edcil mantener una amistad con ellos.<\/p><p>La vida social de los seguidores de Atenea gira alrededor de las \u00e1goras, donde los hombres se re\u00fanen para discutir de filosof\u00eda y pol\u00edtica. Aunque amantes de su individualidad, estas personas estar\u00e1n dispuestas a hacer cualquier cosa que se decida de forma democr\u00e1tica por el bien de su estado. Suelen ser buenos guerreros, pero sus principales armas son la pol\u00edtica y la oratoria.<\/p><p>Las Parateneas son sacerdotisas de Atenea virginales que viven enclaustradas en sus templos. Visten t\u00fanicas blancas muy sencillas con bordados azules. No acostumbran a relacionarse en la vida p\u00fablica de sus estados, y su interacci\u00f3n con el resto de los ciudadanos suele limitare a cuando visitan sus templos para hacer sacrificios y honrar a la diosa. Las Parateneas tienen que permanecer v\u00edrgenes y no pueden contraer matrimonio durante los 20 a\u00f1os que dura su servicio; luego pueden decidir volver a una vida normal o seguir en el Templo hasta su muerte.<\/p><h5>Atributos t\u00edpicos en los seguidores de Atenea<\/h5><p>Caracter\u00edsticas altas: MEN, SEN y COM | Habilidades: Pol\u00edtica [\u00c1gora, Leyes], Filosof\u00eda [Todas], Batalla [Fortificaci\u00f3n], Arte [Literatura, Artesanado], Armas CC [Lanza], Evitar [Escudo], Oratoria [Inspirar] | Rasgos Sociales: Equipo, Posesiones.\u00a0<\/p><h5>Arquetipos comunes en los seguidores de Atenea<\/h5><p><strong>Estrategas<\/strong>: Ciudadanos versados en el arte de la guerra que tienen la responsabilidad de guiar a sus conciudadanos a la batalla.<\/p><p><strong>Guardianes<\/strong>: Son un cuerpo militar formado por hombres libres y nobles encargado de mantener el orden en las polis y otros territorios civilizados en tiempos de paz.<\/p><p><strong>Cazarrecompensas<\/strong>: Cuando una persona que tiene pendiente un juicio o que ya ha sido condenada huye de una ciudad para eludir su responsabilidad para con la justicia, estos representantes de Atenea son los encargados de llevarlos ante los arcontes. Esta profesi\u00f3n suele ser ejercida por hombres y mujeres libres.<\/p><p><strong>Fil\u00f3sofos<\/strong>: grandes maestros que adoctrinan a las futuras generaciones en clases que realizan o bien de forma gratuita en las \u00e1goras o bien por una justa retribuci\u00f3n en las academias. Adem\u00e1s, suelen tener un gran peso pol\u00edtico en las sociedades que se rigen por asambleas de ciudadanos. Aunque el perfil t\u00edpico de un fil\u00f3sofo es un hombre noble de edad avanzada, puede encontrarse a gente inspirada por la diosa de la sabidur\u00eda en cualquier sexo y estrato social.<\/p><p><strong>Hoplitas<\/strong>: Ciudadanos nobles bien armados, entrenados y equipados, suelen ser el grueso de los ej\u00e9rcitos de la H\u00e9lade. Como arma principal la lanza, como secundaria la espada, y en la mano izquierda un gran escudo conocido como hopl\u00f3n.<\/p><p><strong>Guardaespaldas<\/strong>: desde esclavos a nobles, son los encargados de proteger la vida de alguien importante, normalmente, perteneciente a la familia real.<\/p><p><strong>Artesanos<\/strong>: trabajadores de la madera, las telas, el cuero o la cer\u00e1mica, se organizan en barrios gremiales y tienen buena consideraci\u00f3n social. Esta profesi\u00f3n suele estar ejercida por hombres y mujeres libres.<\/p><p><strong>Bur\u00f3cratas<\/strong>: son funcionarios que trabajan para sus respectivos estados realizando funciones de peque\u00f1a o mediana importancia (normalmente de administrativos o escribas). Suelen ser ciudadanos, aunque pueden encontrarse a siervos (esclavos del estado) muy cualificados ejerciendo puestos de muy bajo rango.\u00a0<\/p><p><strong>Arcontes<\/strong>: puestos p\u00fablicos de alto rango que ocupan puestos de importancia en la vida diaria de su polis. Suelen ejercer como jueces, legisladores o capitanes de la guardia o del ej\u00e9rcito. Estos cargos est\u00e1n exclusivamente copados por ciudadanos.<\/p><p><strong>Basileos<\/strong>: profesionales de la vida p\u00fablica de sus correspondientes estados, ejercen puestos designados de gran importancia y son figuras de gran relevancia social, especialmente, en las democracias. Estos cargos son para ciudadanos que pertenecen a familias nobles importantes. Suelen ejercer puestos de generales, de administradores locales o embajadores.<\/p><\/div>\n\t\t\t\t<\/div>\n\t\t\t\t<\/div>\n\t\t\t\t\t\t<\/div>\n\t\t\t\t\t<\/div>\n\t\t<\/div>\n\t\t\t\t\t\t\t\t<\/div>\n\t\t\t\t\t<\/div>\n\t\t<\/section>\n\t\t\t\t<section class=\"elementor-section elementor-top-section elementor-element elementor-element-4ad4758 elementor-section-full_width elementor-section-height-default elementor-section-height-default\" data-id=\"4ad4758\" data-element_type=\"section\" data-settings=\"{&quot;background_background&quot;:&quot;slideshow&quot;,&quot;background_slideshow_gallery&quot;:[{&quot;id&quot;:1294,&quot;url&quot;:&quot;http:\\\/\\\/aureorpg.com\\\/wp-content\\\/uploads\\\/2022\\\/06\\\/Anadir-un-subtitulo.jpg&quot;}],&quot;background_slideshow_loop&quot;:&quot;yes&quot;,&quot;background_slideshow_slide_duration&quot;:5000,&quot;background_slideshow_slide_transition&quot;:&quot;fade&quot;,&quot;background_slideshow_transition_duration&quot;:500}\">\n\t\t\t\t\t\t<div class=\"elementor-container elementor-column-gap-default\">\n\t\t\t\t\t\t\t<div class=\"elementor-row\">\n\t\t\t\t\t<div class=\"elementor-column elementor-col-33 elementor-top-column elementor-element elementor-element-2a455fc\" data-id=\"2a455fc\" data-element_type=\"column\">\n\t\t\t<div class=\"elementor-column-wrap elementor-element-populated\">\n\t\t\t\t\t\t\t<div class=\"elementor-widget-wrap\">\n\t\t\t\t\t\t<div class=\"elementor-element elementor-element-ca40fb5 elementor-align-left elementor-widget elementor-widget-button\" data-id=\"ca40fb5\" data-element_type=\"widget\" data-widget_type=\"button.default\">\n\t\t\t\t<div class=\"elementor-widget-container\">\n\t\t\t\t\t<div class=\"elementor-button-wrapper\">\n\t\t\t<a href=\"http:\/\/aureorpg.com\/?page_id=1176\" class=\"elementor-button-link elementor-button elementor-size-sm\" role=\"button\">\n\t\t\t\t\t\t<span class=\"elementor-button-content-wrapper\">\n\t\t\t\t\t\t<span class=\"elementor-button-text\">Accede a nuestra zona gratuita de descargas<\/span>\n\t\t<\/span>\n\t\t\t\t\t<\/a>\n\t\t<\/div>\n\t\t\t\t<\/div>\n\t\t\t\t<\/div>\n\t\t\t\t\t\t<\/div>\n\t\t\t\t\t<\/div>\n\t\t<\/div>\n\t\t\t\t<div class=\"elementor-column elementor-col-66 elementor-top-column elementor-element elementor-element-3f8983b\" data-id=\"3f8983b\" data-element_type=\"column\">\n\t\t\t<div class=\"elementor-column-wrap\">\n\t\t\t\t\t\t\t<div class=\"elementor-widget-wrap\">\n\t\t\t\t\t\t\t\t<\/div>\n\t\t\t\t\t<\/div>\n\t\t<\/div>\n\t\t\t\t\t\t\t\t<\/div>\n\t\t\t\t\t<\/div>\n\t\t<\/section>\n\t\t\t\t\t\t<\/div>\n\t\t\t\t\t\t<\/div>\n\t\t\t\t\t<\/div>\n\t\t","protected":false},"excerpt":{"rendered":"<p>Culto a Atenea: &#8216;La de ojos de lechuza&#8217; Historia de Atenea Atenea es la diosa Ol\u00edmpica de la estrategia en la batalla, la justicia, las leyes, la sabidur\u00eda, la civilizaci\u00f3n, el olivo, la rueca y otros inventos que mejoran el artesanado.\u00a0 Es hija de Zeus y Metis (la diosa del pensamiento astuto). Cuando Zeus se &hellip;<\/p>\n<p class=\"read-more\"> <a class=\"\" href=\"http:\/\/aureorpg.com\/?page_id=785\"> <span class=\"screen-reader-text\">Atenea<\/span> Read More &raquo;<\/a><\/p>\n","protected":false},"author":1,"featured_media":0,"parent":0,"menu_order":0,"comment_status":"closed","ping_status":"closed","template":"","meta":[],"yoast_head":"<!-- This site is optimized with the Yoast SEO plugin v15.1.1 - https:\/\/yoast.com\/wordpress\/plugins\/seo\/ -->\n<title>Atenea - aureorpg.com<\/title>\n<meta name=\"robots\" content=\"index, follow, max-snippet:-1, max-image-preview:large, max-video-preview:-1\" \/>\n<link rel=\"canonical\" href=\"http:\/\/aureorpg.com\/?page_id=785\" \/>\n<meta property=\"og:locale\" content=\"en_US\" \/>\n<meta property=\"og:type\" content=\"article\" \/>\n<meta property=\"og:title\" content=\"Atenea - aureorpg.com\" \/>\n<meta property=\"og:description\" content=\"Culto a Atenea: &#8216;La de ojos de lechuza&#8217; Historia de Atenea Atenea es la diosa Ol\u00edmpica de la estrategia en la batalla, la justicia, las leyes, la sabidur\u00eda, la civilizaci\u00f3n, el olivo, la rueca y otros inventos que mejoran el artesanado.\u00a0 Es hija de Zeus y Metis (la diosa del pensamiento astuto). Cuando Zeus se &hellip; Atenea Read More &raquo;\" \/>\n<meta property=\"og:url\" content=\"http:\/\/aureorpg.com\/?page_id=785\" \/>\n<meta property=\"og:site_name\" content=\"aureorpg.com\" \/>\n<meta property=\"article:modified_time\" content=\"2022-06-29T17:33:19+00:00\" \/>\n<meta property=\"og:image\" content=\"http:\/\/aureorpg.com\/wp-content\/uploads\/2020\/10\/Aureo-Juego-de-rol-mitologia-griega-Atenea-1024x559.jpg\" \/>\n<meta name=\"twitter:card\" content=\"summary_large_image\" \/>\n<script type=\"application\/ld+json\" class=\"yoast-schema-graph\">{\"@context\":\"https:\/\/schema.org\",\"@graph\":[{\"@type\":\"WebSite\",\"@id\":\"http:\/\/aureorpg.com\/#website\",\"url\":\"http:\/\/aureorpg.com\/\",\"name\":\"aureorpg.com\",\"description\":\"Juego de rol de mitolog\\u00eda\",\"potentialAction\":[{\"@type\":\"SearchAction\",\"target\":\"http:\/\/aureorpg.com\/?s={search_term_string}\",\"query-input\":\"required name=search_term_string\"}],\"inLanguage\":\"en-US\"},{\"@type\":\"ImageObject\",\"@id\":\"http:\/\/aureorpg.com\/?page_id=785#primaryimage\",\"inLanguage\":\"en-US\",\"url\":\"http:\/\/aureorpg.com\/wp-content\/uploads\/2020\/10\/Aureo-Juego-de-rol-mitologia-griega-Atenea.jpg\",\"width\":1100,\"height\":600},{\"@type\":\"WebPage\",\"@id\":\"http:\/\/aureorpg.com\/?page_id=785#webpage\",\"url\":\"http:\/\/aureorpg.com\/?page_id=785\",\"name\":\"Atenea - aureorpg.com\",\"isPartOf\":{\"@id\":\"http:\/\/aureorpg.com\/#website\"},\"primaryImageOfPage\":{\"@id\":\"http:\/\/aureorpg.com\/?page_id=785#primaryimage\"},\"datePublished\":\"2020-10-23T14:44:52+00:00\",\"dateModified\":\"2022-06-29T17:33:19+00:00\",\"inLanguage\":\"en-US\",\"potentialAction\":[{\"@type\":\"ReadAction\",\"target\":[\"http:\/\/aureorpg.com\/?page_id=785\"]}]}]}<\/script>\n<!-- \/ Yoast SEO plugin. -->","_links":{"self":[{"href":"http:\/\/aureorpg.com\/index.php?rest_route=\/wp\/v2\/pages\/785"}],"collection":[{"href":"http:\/\/aureorpg.com\/index.php?rest_route=\/wp\/v2\/pages"}],"about":[{"href":"http:\/\/aureorpg.com\/index.php?rest_route=\/wp\/v2\/types\/page"}],"author":[{"embeddable":true,"href":"http:\/\/aureorpg.com\/index.php?rest_route=\/wp\/v2\/users\/1"}],"replies":[{"embeddable":true,"href":"http:\/\/aureorpg.com\/index.php?rest_route=%2Fwp%2Fv2%2Fcomments&post=785"}],"version-history":[{"count":9,"href":"http:\/\/aureorpg.com\/index.php?rest_route=\/wp\/v2\/pages\/785\/revisions"}],"predecessor-version":[{"id":1352,"href":"http:\/\/aureorpg.com\/index.php?rest_route=\/wp\/v2\/pages\/785\/revisions\/1352"}],"wp:attachment":[{"href":"http:\/\/aureorpg.com\/index.php?rest_route=%2Fwp%2Fv2%2Fmedia&parent=785"}],"curies":[{"name":"wp","href":"https:\/\/api.w.org\/{rel}","templated":true}]}}