{"id":809,"date":"2020-10-24T21:08:28","date_gmt":"2020-10-24T21:08:28","guid":{"rendered":"http:\/\/aureorpg.com\/?page_id=809"},"modified":"2022-06-29T17:38:52","modified_gmt":"2022-06-29T17:38:52","slug":"hades","status":"publish","type":"page","link":"http:\/\/aureorpg.com\/?page_id=809","title":{"rendered":"Hades"},"content":{"rendered":"\t\t<div data-elementor-type=\"wp-page\" data-elementor-id=\"809\" class=\"elementor elementor-809\" data-elementor-settings=\"[]\">\n\t\t\t\t\t\t<div class=\"elementor-inner\">\n\t\t\t\t\t\t\t<div class=\"elementor-section-wrap\">\n\t\t\t\t\t\t\t<section class=\"elementor-section elementor-top-section elementor-element elementor-element-b7bfdad elementor-section-boxed elementor-section-height-default elementor-section-height-default\" data-id=\"b7bfdad\" data-element_type=\"section\" data-settings=\"{&quot;background_background&quot;:&quot;gradient&quot;}\">\n\t\t\t\t\t\t<div class=\"elementor-container elementor-column-gap-default\">\n\t\t\t\t\t\t\t<div class=\"elementor-row\">\n\t\t\t\t\t<div class=\"elementor-column elementor-col-100 elementor-top-column elementor-element elementor-element-5a7b29f\" data-id=\"5a7b29f\" data-element_type=\"column\">\n\t\t\t<div class=\"elementor-column-wrap elementor-element-populated\">\n\t\t\t\t\t\t\t<div class=\"elementor-widget-wrap\">\n\t\t\t\t\t\t<div class=\"elementor-element elementor-element-68b8dc6 elementor-widget elementor-widget-image\" data-id=\"68b8dc6\" data-element_type=\"widget\" data-widget_type=\"image.default\">\n\t\t\t\t<div class=\"elementor-widget-container\">\n\t\t\t\t\t<div class=\"elementor-image\">\n\t\t\t\t\t\t\t\t\t\t<img width=\"1024\" height=\"559\" src=\"http:\/\/aureorpg.com\/wp-content\/uploads\/2020\/10\/Aureo-Juego-de-rol-mitologia-griega-Hades-1024x559.jpg\" class=\"attachment-large size-large\" alt=\"\" loading=\"lazy\" srcset=\"http:\/\/aureorpg.com\/wp-content\/uploads\/2020\/10\/Aureo-Juego-de-rol-mitologia-griega-Hades-1024x559.jpg 1024w, http:\/\/aureorpg.com\/wp-content\/uploads\/2020\/10\/Aureo-Juego-de-rol-mitologia-griega-Hades-300x164.jpg 300w, http:\/\/aureorpg.com\/wp-content\/uploads\/2020\/10\/Aureo-Juego-de-rol-mitologia-griega-Hades-768x419.jpg 768w, http:\/\/aureorpg.com\/wp-content\/uploads\/2020\/10\/Aureo-Juego-de-rol-mitologia-griega-Hades.jpg 1100w\" sizes=\"(max-width: 1024px) 100vw, 1024px\" \/>\t\t\t\t\t\t\t\t\t\t\t<\/div>\n\t\t\t\t<\/div>\n\t\t\t\t<\/div>\n\t\t\t\t\t\t<\/div>\n\t\t\t\t\t<\/div>\n\t\t<\/div>\n\t\t\t\t\t\t\t\t<\/div>\n\t\t\t\t\t<\/div>\n\t\t<\/section>\n\t\t\t\t<section class=\"elementor-section elementor-top-section elementor-element elementor-element-bf0ad6b elementor-section-boxed elementor-section-height-default elementor-section-height-default\" data-id=\"bf0ad6b\" data-element_type=\"section\">\n\t\t\t\t\t\t<div class=\"elementor-container elementor-column-gap-default\">\n\t\t\t\t\t\t\t<div class=\"elementor-row\">\n\t\t\t\t\t<div class=\"elementor-column elementor-col-100 elementor-top-column elementor-element elementor-element-2c76aed\" data-id=\"2c76aed\" data-element_type=\"column\">\n\t\t\t<div class=\"elementor-column-wrap elementor-element-populated\">\n\t\t\t\t\t\t\t<div class=\"elementor-widget-wrap\">\n\t\t\t\t\t\t<div class=\"elementor-element elementor-element-5efffb9 elementor-widget elementor-widget-heading\" data-id=\"5efffb9\" data-element_type=\"widget\" data-widget_type=\"heading.default\">\n\t\t\t\t<div class=\"elementor-widget-container\">\n\t\t\t<h2 class=\"elementor-heading-title elementor-size-default\">Culto a Hades: 'El invisible'<\/h2>\t\t<\/div>\n\t\t\t\t<\/div>\n\t\t\t\t\t\t<\/div>\n\t\t\t\t\t<\/div>\n\t\t<\/div>\n\t\t\t\t\t\t\t\t<\/div>\n\t\t\t\t\t<\/div>\n\t\t<\/section>\n\t\t\t\t<section class=\"elementor-section elementor-top-section elementor-element elementor-element-084aaed elementor-section-boxed elementor-section-height-default elementor-section-height-default\" data-id=\"084aaed\" data-element_type=\"section\">\n\t\t\t\t\t\t<div class=\"elementor-container elementor-column-gap-default\">\n\t\t\t\t\t\t\t<div class=\"elementor-row\">\n\t\t\t\t\t<div class=\"elementor-column elementor-col-100 elementor-top-column elementor-element elementor-element-e7c6917\" data-id=\"e7c6917\" data-element_type=\"column\">\n\t\t\t<div class=\"elementor-column-wrap elementor-element-populated\">\n\t\t\t\t\t\t\t<div class=\"elementor-widget-wrap\">\n\t\t\t\t\t\t<div class=\"elementor-element elementor-element-3ee7d1a elementor-widget elementor-widget-text-editor\" data-id=\"3ee7d1a\" data-element_type=\"widget\" data-widget_type=\"text-editor.default\">\n\t\t\t\t<div class=\"elementor-widget-container\">\n\t\t\t\t\t<div class=\"elementor-text-editor elementor-clearfix\"><h3>Historia de Hades<\/h3>\n<p>Hijo de Cronos y Rea, Hades es el dios de los muertos, se\u00f1or del Inframundo y de todos los reinos que lo comprenden, como el T\u00e1rtaro (Infierno) o el El\u00edseo (Para\u00edso). Debido a que en muy raras ocasiones sale de sus dominios, y que sus cultistas son muy celosos de los secretos que guarda la otra vida, es la deidad m\u00e1s desconocida para los humanos. Aunque temido y odiado por muchos, hasta el punto de que se considera que trae mala suerte mencionar su nombre en vano, aquellos versados en el conocimiento del Inframundo saben que es una persona justa y severa, pero no malvada. Cuando Hades, Poseid\u00f3n y Zeus derrotaron a los Titanes, se echaron a suerte los tres Reinos (Inframundo, Oc\u00e9ano y Cielo) dejando el cuarto, la Tierra, para todos. El hermano mayor, Hades, se llev\u00f3 el Inframundo, y aunque a menudo considera que sali\u00f3 perdiendo y que como primog\u00e9nito deber\u00eda haberle correspondido el trono del Olimpo, acepta su destino como guardi\u00e1n de los muertos. El papel que jug\u00f3 Hades en las Guerras Tit\u00e1n result\u00f3 decisivo para la victoria de su bando ya que, equipado con su yelmo m\u00e1gico que lo hac\u00eda invisible, destruy\u00f3 las armas de los Titanes antes de que comenzara la batalla final.<\/p>\n<p>Su historia m\u00e1s famosa narra c\u00f3mo rapt\u00f3 a Cor\u00e9, hija de Dem\u00e9ter, para que se convirtiera en su esposa. Cuando este hecho fue descubierto, Hades anunci\u00f3 a Zeus que Cor\u00e9 se hab\u00eda casado con \u00e9l y hab\u00eda recibido un nuevo nombre como reina del Inframundo: Pers\u00e9fone. Tambi\u00e9n le dijo que, como ya hab\u00eda comido unos granos de granada procedentes de su reino, ya no podr\u00eda volver a salir de all\u00ed. Finalmente, Zeus decret\u00f3 que pasar\u00eda seis meses al a\u00f1o con su madre bajo el sobrenombre de Cor\u00e9 como diosa de la primavera, y otros seis meses en el Inframundo como Pers\u00e9fone, reina del Inframundo. De esta forma, quedaron establecidas las estaciones.&nbsp; Los principales s\u00edmbolos de Hades son su yelmo, que le proporciona el poder de la invisibilidad, y el \u00e1rbol del \u00e1lamo. Tambi\u00e9n lo son los narcisos, y su trono oscuro de \u00e9bano, sobre el que reina en el Inframundo.<\/p>\n<h3>Descripci\u00f3n de Hades<\/h3>\n<p>Hades es un hombre atractivo, de rostro triste sempiterno. Piel blanca y ojos claros, aparenta tener unos 35 a\u00f1os. Su personalidad es taciturna, ya que lamenta su destino como rey de los muertos. Va siempre vestido con una t\u00fanica negra y larga, a menudo, coronada con su yelmo de la invisibilidad. Tambi\u00e9n es conocido por su perseverancia y paciencia, (ya que tarde o temprano todos acabamos en sus manos). Hades se toma muy en serio la misi\u00f3n que le ha sido encomendada de mantener el equilibrio entre la vida y la muerte, y proporcionar justicia en el m\u00e1s all\u00e1 a todos los seres que han vivido, aunque a menudo se vea abrumado por semejante carga.<\/p>\n<h3>Seguidores de Hades<\/h3>\n<p>Los disc\u00edpulos de Hades se caracterizan principalmente por no temer a la muerte. Su color representativo es el negro. Consideran que la vida es un mero tr\u00e1mite, y que su siguiente estado ser\u00e1 el definitivo. Es por ello por lo que pasan sus d\u00edas en el reino de los vivos tratando de ganarse el benepl\u00e1cito de Hades, para cuando sean juzgados en la otra vida, los considere dignos de ir al El\u00edseo, o al menos, les deje servirle de alg\u00fan modo, ya que las otras opciones son terribles (el eterno tedio del Asf\u00f3delos y la p\u00e9rdida total de memoria o el tormento del T\u00e1rtaro). Estas personas tienden a ser reservadas y a permanecer apartados del resto de los mortales. No les gusta mucho relacionarse con otras personas, y suelen recurrir a la intimidaci\u00f3n y a sus poderes sobrenaturales para conseguir la paz que tanto desean. La gente suele rehuirles de buena gana, ya que la muerte les persigue literalmente, y ya sean asesinos, sacerdotes o enterradores, aqu\u00e9l que porte los s\u00edmbolos del dios de la muerte es temido all\u00ed donde vaya.<\/p>\n<p>Los sacerdotes visten t\u00fanicas negras con narcisos blancos bordados. Son extremadamente escasos y respetados. Debido a los pocos templos que hay de Hades, muchos de ellos son personas errantes, que viajan por la H\u00e9lade buscando donde pueden servir hasta que llegue el d\u00eda de su muerte. Los sacerdotes pueden casarse si lo desean, aunque no suelen hacerlo por su estilo de vida itinerante.&nbsp;<\/p>\n<h5>Atributos t\u00edpicos en los seguidores de Hades<\/h5>\n<p>Caracter\u00edsticas altas: ALM, MEN, y COM | Habilidades habituales: Tanatolog\u00eda [Todas], Teolog\u00eda [Oscuros, Arcanos], Intimidar [Solitario], Medicina [Tortura], Herbolaria [venenos], Intuici\u00f3n [Daimon].<\/p>\n<h5>Arquetipos comunes en los seguidores de Hades<\/h5>\n<p><strong>Malditos<\/strong>: personas de cualquier estrato social que opinan que la muerte tiene que ser necesariamente mejor que el mundo, por lo que proclaman continuamente su deseo de pasar a la otra vida despreciando esta. Curiosamente, muchos de ellos pasan la eternidad en los Asf\u00f3delos, junto con el resto de los mediocres.<\/p><p><strong>Fan\u00e1ticos<\/strong>: personas de todo tipo de condici\u00f3n social que viven obsesionadas con servir correctamente al dios de la muerte, ya que todos acabaremos siendo sus s\u00fabditos.<\/p><p><strong>Asesinos<\/strong>: Profesionales que se dedican a matar a sus v\u00edctimas a cambio de dinero. Normalmente su estilo no es la confrontaci\u00f3n, sino el utilizar venenos y preparar trampas y emboscadas. Suelen ser hombres y mujeres libres.<\/p><p><strong>Clarividentes<\/strong>: Personas que ponen en contacto a aquellos que est\u00e1n en el mundo de los vivos con otras que se encuentran en el reino de los muertos. Suelen ser ritualistas.<\/p><p><strong>Espiritistas<\/strong>: encargadas de contactar con los esp\u00edritus de difuntos que han quedado atrapados en el mundo de los vivos. Suelen ser ritualistas.<\/p><p><strong>Enterrador<\/strong>: persona que se dedica principalmente a enterrar a los fallecidos, bien sea mediante el rito de cremaci\u00f3n o del mausoleo. Lo normal es que estas personas viajen errantes por la H\u00e9lade. Esta profesi\u00f3n es ejercida desde por ritualistas a sacerdotes.<\/p><p><strong>Pastor de esp\u00edritus<\/strong>: seguidores de Hades que se dedican a capturar a fantasmas, \u00e1nimas, espectros, y otras manifestaciones sobrenaturales propias de aquellas almas que no han conseguido cruzar al otro lado.&nbsp;<\/p><p><strong>Toxic\u00f3logo<\/strong>: Experto en crear venenos y remedios a estos, consideran el estudio de la parte m\u00e1s oscura de la herbolaria como una forma de honrar al dios de la muerte.<\/p><p><strong>Dikanikos<\/strong>: Persona Especialista en determinar c\u00f3mo han muerto otras personas a trav\u00e9s de algunos Rezos a Hades. Estos profesionales suelen ser consultados por particulares, pero su opini\u00f3n no se tiene en cuenta en los juicios y algunas personas opinan que aciertan tanto como fallan.<\/p><p><strong>Verdugo<\/strong>: Encargado de ajusticiar a las personas que son condenadas en una polis, normalmente, con la sentencia de muerte. Solo act\u00faan con el respaldo del sistema legal.<\/p><\/div>\n\t\t\t\t<\/div>\n\t\t\t\t<\/div>\n\t\t\t\t\t\t<\/div>\n\t\t\t\t\t<\/div>\n\t\t<\/div>\n\t\t\t\t\t\t\t\t<\/div>\n\t\t\t\t\t<\/div>\n\t\t<\/section>\n\t\t\t\t<section class=\"elementor-section elementor-top-section elementor-element elementor-element-9d2ca3f elementor-section-full_width elementor-section-height-default elementor-section-height-default\" data-id=\"9d2ca3f\" data-element_type=\"section\" data-settings=\"{&quot;background_background&quot;:&quot;slideshow&quot;,&quot;background_slideshow_gallery&quot;:[{&quot;id&quot;:1294,&quot;url&quot;:&quot;http:\\\/\\\/aureorpg.com\\\/wp-content\\\/uploads\\\/2022\\\/06\\\/Anadir-un-subtitulo.jpg&quot;}],&quot;background_slideshow_loop&quot;:&quot;yes&quot;,&quot;background_slideshow_slide_duration&quot;:5000,&quot;background_slideshow_slide_transition&quot;:&quot;fade&quot;,&quot;background_slideshow_transition_duration&quot;:500}\">\n\t\t\t\t\t\t<div class=\"elementor-container elementor-column-gap-default\">\n\t\t\t\t\t\t\t<div class=\"elementor-row\">\n\t\t\t\t\t<div class=\"elementor-column elementor-col-33 elementor-top-column elementor-element elementor-element-f2666a6\" data-id=\"f2666a6\" data-element_type=\"column\">\n\t\t\t<div class=\"elementor-column-wrap elementor-element-populated\">\n\t\t\t\t\t\t\t<div class=\"elementor-widget-wrap\">\n\t\t\t\t\t\t<div class=\"elementor-element elementor-element-a688959 elementor-align-left elementor-widget elementor-widget-button\" data-id=\"a688959\" data-element_type=\"widget\" data-widget_type=\"button.default\">\n\t\t\t\t<div class=\"elementor-widget-container\">\n\t\t\t\t\t<div class=\"elementor-button-wrapper\">\n\t\t\t<a href=\"http:\/\/aureorpg.com\/?page_id=1176\" class=\"elementor-button-link elementor-button elementor-size-sm\" role=\"button\">\n\t\t\t\t\t\t<span class=\"elementor-button-content-wrapper\">\n\t\t\t\t\t\t<span class=\"elementor-button-text\">Accede a nuestra zona gratuita de descargas<\/span>\n\t\t<\/span>\n\t\t\t\t\t<\/a>\n\t\t<\/div>\n\t\t\t\t<\/div>\n\t\t\t\t<\/div>\n\t\t\t\t\t\t<\/div>\n\t\t\t\t\t<\/div>\n\t\t<\/div>\n\t\t\t\t<div class=\"elementor-column elementor-col-66 elementor-top-column elementor-element elementor-element-defab71\" data-id=\"defab71\" data-element_type=\"column\">\n\t\t\t<div class=\"elementor-column-wrap\">\n\t\t\t\t\t\t\t<div class=\"elementor-widget-wrap\">\n\t\t\t\t\t\t\t\t<\/div>\n\t\t\t\t\t<\/div>\n\t\t<\/div>\n\t\t\t\t\t\t\t\t<\/div>\n\t\t\t\t\t<\/div>\n\t\t<\/section>\n\t\t\t\t\t\t<\/div>\n\t\t\t\t\t\t<\/div>\n\t\t\t\t\t<\/div>\n\t\t","protected":false},"excerpt":{"rendered":"<p>Culto a Hades: &#8216;El invisible&#8217; Historia de Hades Hijo de Cronos y Rea, Hades es el dios de los muertos, se\u00f1or del Inframundo y de todos los reinos que lo comprenden, como el T\u00e1rtaro (Infierno) o el El\u00edseo (Para\u00edso). Debido a que en muy raras ocasiones sale de sus dominios, y que sus cultistas son &hellip;<\/p>\n<p class=\"read-more\"> <a class=\"\" href=\"http:\/\/aureorpg.com\/?page_id=809\"> <span class=\"screen-reader-text\">Hades<\/span> Read More &raquo;<\/a><\/p>\n","protected":false},"author":1,"featured_media":0,"parent":0,"menu_order":0,"comment_status":"closed","ping_status":"closed","template":"","meta":[],"yoast_head":"<!-- This site is optimized with the Yoast SEO plugin v15.1.1 - https:\/\/yoast.com\/wordpress\/plugins\/seo\/ -->\n<title>Hades - aureorpg.com<\/title>\n<meta name=\"robots\" content=\"index, follow, max-snippet:-1, max-image-preview:large, max-video-preview:-1\" \/>\n<link rel=\"canonical\" href=\"http:\/\/aureorpg.com\/?page_id=809\" \/>\n<meta property=\"og:locale\" content=\"en_US\" \/>\n<meta property=\"og:type\" content=\"article\" \/>\n<meta property=\"og:title\" content=\"Hades - aureorpg.com\" \/>\n<meta property=\"og:description\" content=\"Culto a Hades: &#8216;El invisible&#8217; Historia de Hades Hijo de Cronos y Rea, Hades es el dios de los muertos, se\u00f1or del Inframundo y de todos los reinos que lo comprenden, como el T\u00e1rtaro (Infierno) o el El\u00edseo (Para\u00edso). Debido a que en muy raras ocasiones sale de sus dominios, y que sus cultistas son &hellip; Hades Read More &raquo;\" \/>\n<meta property=\"og:url\" content=\"http:\/\/aureorpg.com\/?page_id=809\" \/>\n<meta property=\"og:site_name\" content=\"aureorpg.com\" \/>\n<meta property=\"article:modified_time\" content=\"2022-06-29T17:38:52+00:00\" \/>\n<meta property=\"og:image\" content=\"http:\/\/aureorpg.com\/wp-content\/uploads\/2020\/10\/Aureo-Juego-de-rol-mitologia-griega-Hades-1024x559.jpg\" \/>\n<meta name=\"twitter:card\" content=\"summary_large_image\" \/>\n<script type=\"application\/ld+json\" class=\"yoast-schema-graph\">{\"@context\":\"https:\/\/schema.org\",\"@graph\":[{\"@type\":\"WebSite\",\"@id\":\"http:\/\/aureorpg.com\/#website\",\"url\":\"http:\/\/aureorpg.com\/\",\"name\":\"aureorpg.com\",\"description\":\"Juego de rol de mitolog\\u00eda\",\"potentialAction\":[{\"@type\":\"SearchAction\",\"target\":\"http:\/\/aureorpg.com\/?s={search_term_string}\",\"query-input\":\"required name=search_term_string\"}],\"inLanguage\":\"en-US\"},{\"@type\":\"ImageObject\",\"@id\":\"http:\/\/aureorpg.com\/?page_id=809#primaryimage\",\"inLanguage\":\"en-US\",\"url\":\"http:\/\/aureorpg.com\/wp-content\/uploads\/2020\/10\/Aureo-Juego-de-rol-mitologia-griega-Hades.jpg\",\"width\":1100,\"height\":600},{\"@type\":\"WebPage\",\"@id\":\"http:\/\/aureorpg.com\/?page_id=809#webpage\",\"url\":\"http:\/\/aureorpg.com\/?page_id=809\",\"name\":\"Hades - aureorpg.com\",\"isPartOf\":{\"@id\":\"http:\/\/aureorpg.com\/#website\"},\"primaryImageOfPage\":{\"@id\":\"http:\/\/aureorpg.com\/?page_id=809#primaryimage\"},\"datePublished\":\"2020-10-24T21:08:28+00:00\",\"dateModified\":\"2022-06-29T17:38:52+00:00\",\"inLanguage\":\"en-US\",\"potentialAction\":[{\"@type\":\"ReadAction\",\"target\":[\"http:\/\/aureorpg.com\/?page_id=809\"]}]}]}<\/script>\n<!-- \/ Yoast SEO plugin. -->","_links":{"self":[{"href":"http:\/\/aureorpg.com\/index.php?rest_route=\/wp\/v2\/pages\/809"}],"collection":[{"href":"http:\/\/aureorpg.com\/index.php?rest_route=\/wp\/v2\/pages"}],"about":[{"href":"http:\/\/aureorpg.com\/index.php?rest_route=\/wp\/v2\/types\/page"}],"author":[{"embeddable":true,"href":"http:\/\/aureorpg.com\/index.php?rest_route=\/wp\/v2\/users\/1"}],"replies":[{"embeddable":true,"href":"http:\/\/aureorpg.com\/index.php?rest_route=%2Fwp%2Fv2%2Fcomments&post=809"}],"version-history":[{"count":8,"href":"http:\/\/aureorpg.com\/index.php?rest_route=\/wp\/v2\/pages\/809\/revisions"}],"predecessor-version":[{"id":1369,"href":"http:\/\/aureorpg.com\/index.php?rest_route=\/wp\/v2\/pages\/809\/revisions\/1369"}],"wp:attachment":[{"href":"http:\/\/aureorpg.com\/index.php?rest_route=%2Fwp%2Fv2%2Fmedia&parent=809"}],"curies":[{"name":"wp","href":"https:\/\/api.w.org\/{rel}","templated":true}]}}