{"id":814,"date":"2020-10-24T21:19:20","date_gmt":"2020-10-24T21:19:20","guid":{"rendered":"http:\/\/aureorpg.com\/?page_id=814"},"modified":"2022-06-29T17:39:11","modified_gmt":"2022-06-29T17:39:11","slug":"hefesto","status":"publish","type":"page","link":"http:\/\/aureorpg.com\/?page_id=814","title":{"rendered":"Hefesto"},"content":{"rendered":"\t\t<div data-elementor-type=\"wp-page\" data-elementor-id=\"814\" class=\"elementor elementor-814\" data-elementor-settings=\"[]\">\n\t\t\t\t\t\t<div class=\"elementor-inner\">\n\t\t\t\t\t\t\t<div class=\"elementor-section-wrap\">\n\t\t\t\t\t\t\t<section class=\"elementor-section elementor-top-section elementor-element elementor-element-b7bfdad elementor-section-boxed elementor-section-height-default elementor-section-height-default\" data-id=\"b7bfdad\" data-element_type=\"section\" data-settings=\"{&quot;background_background&quot;:&quot;gradient&quot;}\">\n\t\t\t\t\t\t<div class=\"elementor-container elementor-column-gap-default\">\n\t\t\t\t\t\t\t<div class=\"elementor-row\">\n\t\t\t\t\t<div class=\"elementor-column elementor-col-100 elementor-top-column elementor-element elementor-element-5a7b29f\" data-id=\"5a7b29f\" data-element_type=\"column\">\n\t\t\t<div class=\"elementor-column-wrap elementor-element-populated\">\n\t\t\t\t\t\t\t<div class=\"elementor-widget-wrap\">\n\t\t\t\t\t\t<div class=\"elementor-element elementor-element-68b8dc6 elementor-widget elementor-widget-image\" data-id=\"68b8dc6\" data-element_type=\"widget\" data-widget_type=\"image.default\">\n\t\t\t\t<div class=\"elementor-widget-container\">\n\t\t\t\t\t<div class=\"elementor-image\">\n\t\t\t\t\t\t\t\t\t\t<img width=\"1024\" height=\"559\" src=\"http:\/\/aureorpg.com\/wp-content\/uploads\/2020\/10\/Aureo-Juego-de-rol-mitologia-griega-Hefesto-1024x559.jpg\" class=\"attachment-large size-large\" alt=\"\" loading=\"lazy\" srcset=\"http:\/\/aureorpg.com\/wp-content\/uploads\/2020\/10\/Aureo-Juego-de-rol-mitologia-griega-Hefesto-1024x559.jpg 1024w, http:\/\/aureorpg.com\/wp-content\/uploads\/2020\/10\/Aureo-Juego-de-rol-mitologia-griega-Hefesto-300x164.jpg 300w, http:\/\/aureorpg.com\/wp-content\/uploads\/2020\/10\/Aureo-Juego-de-rol-mitologia-griega-Hefesto-768x419.jpg 768w, http:\/\/aureorpg.com\/wp-content\/uploads\/2020\/10\/Aureo-Juego-de-rol-mitologia-griega-Hefesto.jpg 1100w\" sizes=\"(max-width: 1024px) 100vw, 1024px\" \/>\t\t\t\t\t\t\t\t\t\t\t<\/div>\n\t\t\t\t<\/div>\n\t\t\t\t<\/div>\n\t\t\t\t\t\t<\/div>\n\t\t\t\t\t<\/div>\n\t\t<\/div>\n\t\t\t\t\t\t\t\t<\/div>\n\t\t\t\t\t<\/div>\n\t\t<\/section>\n\t\t\t\t<section class=\"elementor-section elementor-top-section elementor-element elementor-element-bf0ad6b elementor-section-boxed elementor-section-height-default elementor-section-height-default\" data-id=\"bf0ad6b\" data-element_type=\"section\">\n\t\t\t\t\t\t<div class=\"elementor-container elementor-column-gap-default\">\n\t\t\t\t\t\t\t<div class=\"elementor-row\">\n\t\t\t\t\t<div class=\"elementor-column elementor-col-100 elementor-top-column elementor-element elementor-element-2c76aed\" data-id=\"2c76aed\" data-element_type=\"column\">\n\t\t\t<div class=\"elementor-column-wrap elementor-element-populated\">\n\t\t\t\t\t\t\t<div class=\"elementor-widget-wrap\">\n\t\t\t\t\t\t<div class=\"elementor-element elementor-element-5efffb9 elementor-widget elementor-widget-heading\" data-id=\"5efffb9\" data-element_type=\"widget\" data-widget_type=\"heading.default\">\n\t\t\t\t<div class=\"elementor-widget-container\">\n\t\t\t<h2 class=\"elementor-heading-title elementor-size-default\">Culto a Hefesto: 'Brillante como el fuego'<\/h2>\t\t<\/div>\n\t\t\t\t<\/div>\n\t\t\t\t\t\t<\/div>\n\t\t\t\t\t<\/div>\n\t\t<\/div>\n\t\t\t\t\t\t\t\t<\/div>\n\t\t\t\t\t<\/div>\n\t\t<\/section>\n\t\t\t\t<section class=\"elementor-section elementor-top-section elementor-element elementor-element-084aaed elementor-section-boxed elementor-section-height-default elementor-section-height-default\" data-id=\"084aaed\" data-element_type=\"section\">\n\t\t\t\t\t\t<div class=\"elementor-container elementor-column-gap-default\">\n\t\t\t\t\t\t\t<div class=\"elementor-row\">\n\t\t\t\t\t<div class=\"elementor-column elementor-col-100 elementor-top-column elementor-element elementor-element-e7c6917\" data-id=\"e7c6917\" data-element_type=\"column\">\n\t\t\t<div class=\"elementor-column-wrap elementor-element-populated\">\n\t\t\t\t\t\t\t<div class=\"elementor-widget-wrap\">\n\t\t\t\t\t\t<div class=\"elementor-element elementor-element-3ee7d1a elementor-widget elementor-widget-text-editor\" data-id=\"3ee7d1a\" data-element_type=\"widget\" data-widget_type=\"text-editor.default\">\n\t\t\t\t<div class=\"elementor-widget-container\">\n\t\t\t\t\t<div class=\"elementor-text-editor elementor-clearfix\"><h3>Historia de Hefesto<\/h3>\n<p>Hijo de Zeus y Hera, es el dios de del fuego, la forja, los herreros, los artesanos, los escultores, los metales y la metalurgia. Cuando naci\u00f3 era tan horrible que su madre lo tir\u00f3 desde lo alto del Monte Olimpo.&nbsp; Tras seis d\u00edas y seis noches cayendo, lleg\u00f3 al mar, donde fue recogido por la nereida Tetis y la Oce\u00e1nida Eur\u00ednome, que lo cuidaron y criaron en la isla de Lemnos. Pronto mostr\u00f3 un gran ingenio a la hora de inventar prodigios que escapaban de la imaginaci\u00f3n de los dioses m\u00e1s inteligentes, y una gran habilidad manual para transformar en realidad sus incre\u00edbles bocetos. Cuando los se\u00f1ores del Olimpo oyeron que el hijo al que cre\u00edan desaparecido estaba vivo y era el mayor inventor y artesano que hab\u00eda conocido el universo, lo recibieron con honores en el Olimpo. Hefesto es el responsable de la inmensa mayor\u00eda de los objetos m\u00e1gicos que existen, ya sean los que portan los dioses o lo h\u00e9roes.<\/p>\n<p>Hefesto tambi\u00e9n es el marido de Afrodita, la diosa del Amor. Una vez tendi\u00f3 una trampa a su mujer y a su amante predilecto Ares (el dios de la guerra) atrap\u00e1ndolos con una red m\u00e1gica de oro que ni los dioses pod\u00edan romper. Cuando reuni\u00f3 a los dioses Ol\u00edmpicos para que se burlaran de los amantes, Zeus le recrimin\u00f3 que aireara sus problemas conyugales en p\u00fablico, Hermes dijo que no le importar\u00eda estar en el lugar de Ares, Apolo estall\u00f3 en una carcajada (algo inusual en este dios tan comedido) y Poseid\u00f3n se ofreci\u00f3 a solucionar el problema despos\u00e1ndose \u00e9l con Afrodita. Finalmente, Hefesto no consigui\u00f3 que ni el padre ni el amante de Afrodita pagaran su dote como reposici\u00f3n al da\u00f1o sufrido por la infidelidad. Tampoco se divorci\u00f3 de ella pues realmente la ama. Aunque Afrodita no le haya dado nunca descendencia, Hefesto es el padre de numerosos dioses y mortales que ha concebido con sus amantes. Su martillo y su fragua son s\u00edmbolos de su trabajo perpetuo.<\/p>\n<h3>Descripci\u00f3n de Hefesto<\/h3>\n<p>Hefesto es un hombre de unos 30 a\u00f1os, peque\u00f1o, encorvado, tremendamente feo y paticorto, pero portador de una incre\u00edble musculatura. Su piel tiene un extra\u00f1o color amarillezco, tiene much\u00edsimo pelo por todas partes, y una barba muy descuidada. Adem\u00e1s, suda continuamente y tiene un olor corporal muy fuerte. Atormentado por las burlas de los otros dioses y con un terrible complejo de inferioridad, Hefesto es extremadamente inteligente, trabajador e ingenioso. Su capacidad de inventiva no deja de maravillar a dioses y mortales, y los objetos que ha forjado han tenido papeles cruciales en todas las batallas que se han librado. Lejos de vanagloriarse por sus logros, Hefesto pasa la mayor parte de su tiempo trabajando sin descanso, alejado de los tejemanejes pol\u00edticos de su familia<\/p>\n<h3>Seguidores de Hefesto<\/h3>\n<p>Los seguidores de Hefesto se caracterizan por estar obsesionados con el trabajo, al igual que su dios. Es dif\u00edcil apartarlos de sus talleres o forjas, incluso a la hora de comer o dormir. La mayor\u00eda de los herreros sufren de la misma enfermedad que Hefesto, arsenicosis, que produce c\u00e1ncer de piel, deformaciones y cojera (reflejado en las Maldiciones \u2018Deforme\u2019 y \u2018Cojo\u2019), ya que el ars\u00e9nico se suele utilizar para endurecer el bronce. Aunque se dedican a fabricar equipaci\u00f3n para que otros peleen, los seguidores de Hefesto no est\u00e1n completamente indefensos en combate, y son famosos por su manejo del boxeo y de armas como las mazas y los martillos de guerra, ya que son muy parecidos a los utensilios que utilizan para trabajar los metales en la forja.<\/p>\n<p>Aunque buenos con sus trabajadores, especialmente, si dan la talla, los seguidores de Hefesto no se caracterizan por ser especialmente habilidosos en las artes sociales. Suelen resultar toscos y brutos. Su fuerza social radica en el colectivo, ya que acostumbran a organizarse en barrios gremiales y suelen tener mucha influencia en las polis (nadie puede arriesgarse a que todos los herreros dejen de trabajar al mismo tiempo, pues es un s\u00edmbolo de debilidad que sin duda los enemigos utilizar\u00edan para declarar la guerra). Su fuerza es tal en Atenas que tienen su propio templo de Hefesto en el barrio del gremio de los herreros, aparte del situado en la Acr\u00f3polis.<\/p>\n<p>Los sacerdotes de Hefesto son personas que han decidido trabajar para el dios no solo golpeando metales en la fragua, sino tambi\u00e9n cultivando su faceta espiritual. Acostumbran a ser menos pol\u00edticos que otros sacerdotes, ya que incluso cuando est\u00e1n en los templos esperando a que sus servicios sean requeridos, suelen estar trabajando. Normalmente van ataviados con armaduras de bronce ornamentales, rematadas con s\u00edmbolos de su dios.<\/p>\n<h5>Atributos t\u00edpicos en los seguidores de Hefesto <\/h5>\n<p>Caracter\u00edsticas altas: RES, FUE y ALM | Habilidades: Forjar [Todas], Arte [Artesanado, Escultura], Dureza [Trabajo, Fondo], Batalla [Fortificaci\u00f3n, Asalto], Pelea [Boxeo], Oratoria [Comercio] | Rasgos Sociales: Equipo | Seguidores.&nbsp;&nbsp;<\/p>\n<h5>Arquetipos comunes en los seguidores de Hefesto<\/h5>\n<p><strong>Herreros<\/strong>: trabajadores del metal que fabrican principalmente armas y armaduras en sus forjas. Suelen ser hombres libres.<\/p><p><strong>Broncistas<\/strong>: herreros de clase noble, solo trabajan con metales nobles, como el bronce, la plata, el oro o el electro.<\/p><p><strong>Armeros<\/strong>: Encargados del arsenal de un ej\u00e9rcito o la guardia de una ciudad, cuidan y administran las armas y armaduras.<\/p><p><strong>Escuderos<\/strong>: Personas que acompa\u00f1an a los hoplitas a la batalla; portan y cuidan la armadura y las armas secundarias hasta que llega el momento de usarlas. Suelen ser esclavos.<\/p><p><strong>Artesanos<\/strong>: trabajadores de la madera, las telas, el cuero o la cer\u00e1mica, se organizan en barrios gremiales y tienen buena consideraci\u00f3n social. Esta profesi\u00f3n suele estar ejercida por hombres y mujeres libres.<\/p><p><strong>Escultores<\/strong>: artistas especializados en crear esculturas de dioses y h\u00e9roes a trav\u00e9s de piedra (principalmente m\u00e1rmol), metal y madera.<\/p><p><strong>Alquimistas<\/strong>: personas, normalmente nobles de avanzada edad, que han pasado la vida aprendiendo los secretos de los metales y las posibilidades de transmutarlos.<\/p><p><strong>Inventores<\/strong>: personas que llevan el poder de la imaginaci\u00f3n m\u00e1s all\u00e1 de lo humanamente posible para crear objetos que nunca nadie ha visto antes, capaces de hacer cosas imposibles gracias a la esencia m\u00e1gica de los dioses.<\/p><p><strong>Cient\u00edficos<\/strong>: Personas que se dedican a desentra\u00f1ar los misterios del universo a trav\u00e9s de la ciencia, como las matem\u00e1ticas o la cosmolog\u00eda.<\/p><p><strong>Boxeadores<\/strong>: Aquellos que han decidido consignar su vida a este tipo de combate sin armas, a menudo, rinden tributo al dios del fuego, por ser el mejor p\u00fagil del Olimpo.<\/p><\/div>\n\t\t\t\t<\/div>\n\t\t\t\t<\/div>\n\t\t\t\t\t\t<\/div>\n\t\t\t\t\t<\/div>\n\t\t<\/div>\n\t\t\t\t\t\t\t\t<\/div>\n\t\t\t\t\t<\/div>\n\t\t<\/section>\n\t\t\t\t<section class=\"elementor-section elementor-top-section elementor-element elementor-element-09f847a elementor-section-full_width elementor-section-height-default elementor-section-height-default\" data-id=\"09f847a\" data-element_type=\"section\" data-settings=\"{&quot;background_background&quot;:&quot;slideshow&quot;,&quot;background_slideshow_gallery&quot;:[{&quot;id&quot;:1294,&quot;url&quot;:&quot;http:\\\/\\\/aureorpg.com\\\/wp-content\\\/uploads\\\/2022\\\/06\\\/Anadir-un-subtitulo.jpg&quot;}],&quot;background_slideshow_loop&quot;:&quot;yes&quot;,&quot;background_slideshow_slide_duration&quot;:5000,&quot;background_slideshow_slide_transition&quot;:&quot;fade&quot;,&quot;background_slideshow_transition_duration&quot;:500}\">\n\t\t\t\t\t\t<div class=\"elementor-container elementor-column-gap-default\">\n\t\t\t\t\t\t\t<div class=\"elementor-row\">\n\t\t\t\t\t<div class=\"elementor-column elementor-col-33 elementor-top-column elementor-element elementor-element-8ae7471\" data-id=\"8ae7471\" data-element_type=\"column\">\n\t\t\t<div class=\"elementor-column-wrap elementor-element-populated\">\n\t\t\t\t\t\t\t<div class=\"elementor-widget-wrap\">\n\t\t\t\t\t\t<div class=\"elementor-element elementor-element-5b2be1b elementor-align-left elementor-widget elementor-widget-button\" data-id=\"5b2be1b\" data-element_type=\"widget\" data-widget_type=\"button.default\">\n\t\t\t\t<div class=\"elementor-widget-container\">\n\t\t\t\t\t<div class=\"elementor-button-wrapper\">\n\t\t\t<a href=\"http:\/\/aureorpg.com\/?page_id=1176\" class=\"elementor-button-link elementor-button elementor-size-sm\" role=\"button\">\n\t\t\t\t\t\t<span class=\"elementor-button-content-wrapper\">\n\t\t\t\t\t\t<span class=\"elementor-button-text\">Accede a nuestra zona gratuita de descargas<\/span>\n\t\t<\/span>\n\t\t\t\t\t<\/a>\n\t\t<\/div>\n\t\t\t\t<\/div>\n\t\t\t\t<\/div>\n\t\t\t\t\t\t<\/div>\n\t\t\t\t\t<\/div>\n\t\t<\/div>\n\t\t\t\t<div class=\"elementor-column elementor-col-66 elementor-top-column elementor-element elementor-element-c4fa2c2\" data-id=\"c4fa2c2\" data-element_type=\"column\">\n\t\t\t<div class=\"elementor-column-wrap\">\n\t\t\t\t\t\t\t<div class=\"elementor-widget-wrap\">\n\t\t\t\t\t\t\t\t<\/div>\n\t\t\t\t\t<\/div>\n\t\t<\/div>\n\t\t\t\t\t\t\t\t<\/div>\n\t\t\t\t\t<\/div>\n\t\t<\/section>\n\t\t\t\t\t\t<\/div>\n\t\t\t\t\t\t<\/div>\n\t\t\t\t\t<\/div>\n\t\t","protected":false},"excerpt":{"rendered":"<p>Culto a Hefesto: &#8216;Brillante como el fuego&#8217; Historia de Hefesto Hijo de Zeus y Hera, es el dios de del fuego, la forja, los herreros, los artesanos, los escultores, los metales y la metalurgia. Cuando naci\u00f3 era tan horrible que su madre lo tir\u00f3 desde lo alto del Monte Olimpo.&nbsp; Tras seis d\u00edas y seis &hellip;<\/p>\n<p class=\"read-more\"> <a class=\"\" href=\"http:\/\/aureorpg.com\/?page_id=814\"> <span class=\"screen-reader-text\">Hefesto<\/span> Read More &raquo;<\/a><\/p>\n","protected":false},"author":1,"featured_media":0,"parent":0,"menu_order":0,"comment_status":"closed","ping_status":"closed","template":"","meta":[],"yoast_head":"<!-- This site is optimized with the Yoast SEO plugin v15.1.1 - https:\/\/yoast.com\/wordpress\/plugins\/seo\/ -->\n<title>Hefesto - aureorpg.com<\/title>\n<meta name=\"robots\" content=\"index, follow, max-snippet:-1, max-image-preview:large, max-video-preview:-1\" \/>\n<link rel=\"canonical\" href=\"http:\/\/aureorpg.com\/?page_id=814\" \/>\n<meta property=\"og:locale\" content=\"en_US\" \/>\n<meta property=\"og:type\" content=\"article\" \/>\n<meta property=\"og:title\" content=\"Hefesto - aureorpg.com\" \/>\n<meta property=\"og:description\" content=\"Culto a Hefesto: &#8216;Brillante como el fuego&#8217; Historia de Hefesto Hijo de Zeus y Hera, es el dios de del fuego, la forja, los herreros, los artesanos, los escultores, los metales y la metalurgia. Cuando naci\u00f3 era tan horrible que su madre lo tir\u00f3 desde lo alto del Monte Olimpo.&nbsp; Tras seis d\u00edas y seis &hellip; Hefesto Read More &raquo;\" \/>\n<meta property=\"og:url\" content=\"http:\/\/aureorpg.com\/?page_id=814\" \/>\n<meta property=\"og:site_name\" content=\"aureorpg.com\" \/>\n<meta property=\"article:modified_time\" content=\"2022-06-29T17:39:11+00:00\" \/>\n<meta property=\"og:image\" content=\"http:\/\/aureorpg.com\/wp-content\/uploads\/2020\/10\/Aureo-Juego-de-rol-mitologia-griega-Hefesto-1024x559.jpg\" \/>\n<meta name=\"twitter:card\" content=\"summary_large_image\" \/>\n<script type=\"application\/ld+json\" class=\"yoast-schema-graph\">{\"@context\":\"https:\/\/schema.org\",\"@graph\":[{\"@type\":\"WebSite\",\"@id\":\"http:\/\/aureorpg.com\/#website\",\"url\":\"http:\/\/aureorpg.com\/\",\"name\":\"aureorpg.com\",\"description\":\"Juego de rol de mitolog\\u00eda\",\"potentialAction\":[{\"@type\":\"SearchAction\",\"target\":\"http:\/\/aureorpg.com\/?s={search_term_string}\",\"query-input\":\"required name=search_term_string\"}],\"inLanguage\":\"en-US\"},{\"@type\":\"ImageObject\",\"@id\":\"http:\/\/aureorpg.com\/?page_id=814#primaryimage\",\"inLanguage\":\"en-US\",\"url\":\"http:\/\/aureorpg.com\/wp-content\/uploads\/2020\/10\/Aureo-Juego-de-rol-mitologia-griega-Hefesto.jpg\",\"width\":1100,\"height\":600},{\"@type\":\"WebPage\",\"@id\":\"http:\/\/aureorpg.com\/?page_id=814#webpage\",\"url\":\"http:\/\/aureorpg.com\/?page_id=814\",\"name\":\"Hefesto - aureorpg.com\",\"isPartOf\":{\"@id\":\"http:\/\/aureorpg.com\/#website\"},\"primaryImageOfPage\":{\"@id\":\"http:\/\/aureorpg.com\/?page_id=814#primaryimage\"},\"datePublished\":\"2020-10-24T21:19:20+00:00\",\"dateModified\":\"2022-06-29T17:39:11+00:00\",\"inLanguage\":\"en-US\",\"potentialAction\":[{\"@type\":\"ReadAction\",\"target\":[\"http:\/\/aureorpg.com\/?page_id=814\"]}]}]}<\/script>\n<!-- \/ Yoast SEO plugin. -->","_links":{"self":[{"href":"http:\/\/aureorpg.com\/index.php?rest_route=\/wp\/v2\/pages\/814"}],"collection":[{"href":"http:\/\/aureorpg.com\/index.php?rest_route=\/wp\/v2\/pages"}],"about":[{"href":"http:\/\/aureorpg.com\/index.php?rest_route=\/wp\/v2\/types\/page"}],"author":[{"embeddable":true,"href":"http:\/\/aureorpg.com\/index.php?rest_route=\/wp\/v2\/users\/1"}],"replies":[{"embeddable":true,"href":"http:\/\/aureorpg.com\/index.php?rest_route=%2Fwp%2Fv2%2Fcomments&post=814"}],"version-history":[{"count":8,"href":"http:\/\/aureorpg.com\/index.php?rest_route=\/wp\/v2\/pages\/814\/revisions"}],"predecessor-version":[{"id":1370,"href":"http:\/\/aureorpg.com\/index.php?rest_route=\/wp\/v2\/pages\/814\/revisions\/1370"}],"wp:attachment":[{"href":"http:\/\/aureorpg.com\/index.php?rest_route=%2Fwp%2Fv2%2Fmedia&parent=814"}],"curies":[{"name":"wp","href":"https:\/\/api.w.org\/{rel}","templated":true}]}}