{"id":818,"date":"2020-10-24T21:24:27","date_gmt":"2020-10-24T21:24:27","guid":{"rendered":"http:\/\/aureorpg.com\/?page_id=818"},"modified":"2022-06-29T17:40:31","modified_gmt":"2022-06-29T17:40:31","slug":"hera","status":"publish","type":"page","link":"http:\/\/aureorpg.com\/?page_id=818","title":{"rendered":"Hera"},"content":{"rendered":"\t\t<div data-elementor-type=\"wp-page\" data-elementor-id=\"818\" class=\"elementor elementor-818\" data-elementor-settings=\"[]\">\n\t\t\t\t\t\t<div class=\"elementor-inner\">\n\t\t\t\t\t\t\t<div class=\"elementor-section-wrap\">\n\t\t\t\t\t\t\t<section class=\"elementor-section elementor-top-section elementor-element elementor-element-b7bfdad elementor-section-boxed elementor-section-height-default elementor-section-height-default\" data-id=\"b7bfdad\" data-element_type=\"section\" data-settings=\"{&quot;background_background&quot;:&quot;gradient&quot;}\">\n\t\t\t\t\t\t<div class=\"elementor-container elementor-column-gap-default\">\n\t\t\t\t\t\t\t<div class=\"elementor-row\">\n\t\t\t\t\t<div class=\"elementor-column elementor-col-100 elementor-top-column elementor-element elementor-element-5a7b29f\" data-id=\"5a7b29f\" data-element_type=\"column\">\n\t\t\t<div class=\"elementor-column-wrap elementor-element-populated\">\n\t\t\t\t\t\t\t<div class=\"elementor-widget-wrap\">\n\t\t\t\t\t\t<div class=\"elementor-element elementor-element-68b8dc6 elementor-widget elementor-widget-image\" data-id=\"68b8dc6\" data-element_type=\"widget\" data-widget_type=\"image.default\">\n\t\t\t\t<div class=\"elementor-widget-container\">\n\t\t\t\t\t<div class=\"elementor-image\">\n\t\t\t\t\t\t\t\t\t\t<img width=\"1024\" height=\"559\" src=\"http:\/\/aureorpg.com\/wp-content\/uploads\/2020\/10\/Aureo-Juego-de-rol-mitologia-griega-Hera-1024x559.jpg\" class=\"attachment-large size-large\" alt=\"\" loading=\"lazy\" srcset=\"http:\/\/aureorpg.com\/wp-content\/uploads\/2020\/10\/Aureo-Juego-de-rol-mitologia-griega-Hera-1024x559.jpg 1024w, http:\/\/aureorpg.com\/wp-content\/uploads\/2020\/10\/Aureo-Juego-de-rol-mitologia-griega-Hera-300x164.jpg 300w, http:\/\/aureorpg.com\/wp-content\/uploads\/2020\/10\/Aureo-Juego-de-rol-mitologia-griega-Hera-768x419.jpg 768w, http:\/\/aureorpg.com\/wp-content\/uploads\/2020\/10\/Aureo-Juego-de-rol-mitologia-griega-Hera.jpg 1100w\" sizes=\"(max-width: 1024px) 100vw, 1024px\" \/>\t\t\t\t\t\t\t\t\t\t\t<\/div>\n\t\t\t\t<\/div>\n\t\t\t\t<\/div>\n\t\t\t\t\t\t<\/div>\n\t\t\t\t\t<\/div>\n\t\t<\/div>\n\t\t\t\t\t\t\t\t<\/div>\n\t\t\t\t\t<\/div>\n\t\t<\/section>\n\t\t\t\t<section class=\"elementor-section elementor-top-section elementor-element elementor-element-bf0ad6b elementor-section-boxed elementor-section-height-default elementor-section-height-default\" data-id=\"bf0ad6b\" data-element_type=\"section\">\n\t\t\t\t\t\t<div class=\"elementor-container elementor-column-gap-default\">\n\t\t\t\t\t\t\t<div class=\"elementor-row\">\n\t\t\t\t\t<div class=\"elementor-column elementor-col-100 elementor-top-column elementor-element elementor-element-2c76aed\" data-id=\"2c76aed\" data-element_type=\"column\">\n\t\t\t<div class=\"elementor-column-wrap elementor-element-populated\">\n\t\t\t\t\t\t\t<div class=\"elementor-widget-wrap\">\n\t\t\t\t\t\t<div class=\"elementor-element elementor-element-5efffb9 elementor-widget elementor-widget-heading\" data-id=\"5efffb9\" data-element_type=\"widget\" data-widget_type=\"heading.default\">\n\t\t\t\t<div class=\"elementor-widget-container\">\n\t\t\t<h2 class=\"elementor-heading-title elementor-size-default\">Culto a Hera: 'La del trono dorado'<\/h2>\t\t<\/div>\n\t\t\t\t<\/div>\n\t\t\t\t\t\t<\/div>\n\t\t\t\t\t<\/div>\n\t\t<\/div>\n\t\t\t\t\t\t\t\t<\/div>\n\t\t\t\t\t<\/div>\n\t\t<\/section>\n\t\t\t\t<section class=\"elementor-section elementor-top-section elementor-element elementor-element-084aaed elementor-section-boxed elementor-section-height-default elementor-section-height-default\" data-id=\"084aaed\" data-element_type=\"section\">\n\t\t\t\t\t\t<div class=\"elementor-container elementor-column-gap-default\">\n\t\t\t\t\t\t\t<div class=\"elementor-row\">\n\t\t\t\t\t<div class=\"elementor-column elementor-col-100 elementor-top-column elementor-element elementor-element-e7c6917\" data-id=\"e7c6917\" data-element_type=\"column\">\n\t\t\t<div class=\"elementor-column-wrap elementor-element-populated\">\n\t\t\t\t\t\t\t<div class=\"elementor-widget-wrap\">\n\t\t\t\t\t\t<div class=\"elementor-element elementor-element-3ee7d1a elementor-widget elementor-widget-text-editor\" data-id=\"3ee7d1a\" data-element_type=\"widget\" data-widget_type=\"text-editor.default\">\n\t\t\t\t<div class=\"elementor-widget-container\">\n\t\t\t\t\t<div class=\"elementor-text-editor elementor-clearfix\"><h3>Historia de Hera<\/h3>\n<p>Hera es la protectora del matrimonio, las familias, las mujeres casadas y los ni\u00f1os. Es hija de Cronos y Rea, y hermana y esposa del todopoderoso Zeus. Fruto de este matrimonio han tenido a los dioses Ares, Hefesto, Ilit\u00eda y Hebe. Su historia personal est\u00e1 llena de luces y sombras, especialmente, en cuanto se refiere a las enemistades que se ha forjado con todos los hijos ileg\u00edtimos de su marido, tanto dioses Ol\u00edmpicos (Hermes, Dioniso, Apolo, Artemisa, Atenea\u2026) como h\u00e9roes (especialmente conocido es el caso de Heracles). Tampoco se caracteriza por tener una relaci\u00f3n ideal con sus propios hijos biol\u00f3gicos. Aunque se dice que Zeus y Hera est\u00e1n profundamente enamorados el uno del otro (o al menos, lo estuvieron al principio de los tiempos), su relaci\u00f3n tambi\u00e9n es tormentosa. Al parecer se pasan el d\u00eda discutiendo, principalmente, por las infidelidades del marido. Tambi\u00e9n es sabido que Hera ha participado en diversas conjuras cuyo objetivo infructuoso fue derrocar a Zeus como soberano del universo; por ello ha recibido terribles castigos, pero nunca ha sido condenada a la agon\u00eda eterna del T\u00e1rtaro, lo que podr\u00eda ser se\u00f1al de que, efectivamente, su marido sigue enamorada de ella. Los s\u00edmbolos de Hera son sus animales sagrados, los mismos que se le suelen sacrificar: las vacas y los pavos reales. Tambi\u00e9n la representa la planta helicriso.<\/p>\n<h3>Descripci\u00f3n de Hera<\/h3>\n<p>Hera es una mujer de unos 29 a\u00f1os muy hermosa. Mide un metro sesenta y tiene anchas las caderas y abundantes pechos, representando el cano de belleza propio de una matriarca f\u00e9rtil y bella. Tiene fama de ser celosa, violenta y vengativa, y de creerse un poco m\u00e1s lista de lo que realmente es.<\/p>\n<h3>Seguidores de Hera<\/h3>\n<p>Las seguidoras de Hera son, en su inmensa mayor\u00eda, mujeres de ejercen exclusivamente de amas de casa u otras ocupaciones que impliquen el cuidado de una familia. Aunque marcadas por la abnegaci\u00f3n, ya que casi todas las sociedades en la H\u00e9lade son patriarcales, pueden llegar a ejercer mucha influencia pol\u00edtica a trav\u00e9s de los hombres que pertenecen a su familia. Aunque la teor\u00eda dice que las mujeres, especialmente las de la nobleza, pasan de pertenecer a sus padres a pertenecer a sus maridos, no olvidemos que quien cocina, cuida de los enfermos, dirige la econom\u00eda dom\u00e9stica, controlan a los esclavos y educan a los hijos son las mujeres y, por lo tanto, este gran \u00e1mbito de influencia se traduce en un gran poder.<\/p>\n<p>Las sacerdotisas de Hera acostumbran a ser mujeres casadas o viudas que sirven en los templos siguiendo los designios de la diosa. De entre todos los sacerdotes, \u00e9stas son las que tienen mayor influencia pol\u00edtica, solo superadas por los sacerdotes de Zeus. Taxativas e inquisitoriales, saben lo que quieren y no renuncian a ello con facilidad. Al igual que la deidad a la que sirven, tienen fama de ser vengativas si alguien osa interponerse en su camino. Gran parte del poder social de las sacerdotisas de Hera radica en tener el control de dos rituales b\u00e1sicos para la civilizaci\u00f3n: los matrimonios y los divorcios. Tambi\u00e9n realizan el llamado bautismo de fuego sobre los ni\u00f1os, aunque no todos son sometidos a esta pr\u00e1ctica, sobre todo, por su peligrosidad.<\/p>\n<h5>Atributos t\u00edpicos en los seguidores de Hera<\/h5>\n<p>Caracter\u00edsticas altas: ALM, SEN, COM | Habilidades habituales: Hogar [Todas], Empat\u00eda [Mentiras], Arte [Artesanado], Medicina [Tratamiento], Oratoria [Inspirar], Intuici\u00f3n [Dioses], Pol\u00edtica [Etiqueta], Seducci\u00f3n [Hombres], Teolog\u00eda [Ol\u00edmpicos], Liderazgo [Civil] | Rasgos Sociales: Influencia, Estatus.<\/p>\n<h5>Arquetipos comunes en los seguidores de Hera<\/h5>\n<p><strong>Amas de casa<\/strong>: Mujeres de todos los estratos sociales que se encargan de la organizaci\u00f3n de un hogar, ya sea a solas, o con la ayuda de otras mujeres.<\/p><p><strong>Nodriza<\/strong>: Mujer que se encarga de cuidar, criar y amamantar a beb\u00e9s, ya sean hijos propios o ajenos.<\/p><p><strong>Doula<\/strong>: mujeres que se dedican al cuidado de mujeres embarazadas, acompa\u00f1\u00e1ndolas durante la gestaci\u00f3n, cuidando de su salud, prepar\u00e1ndolas para la maternidad, y en algunos casos, asistiendo en el parto.<\/p><p><strong>Matrona<\/strong>: mujeres especializadas en asistir en partos, ya sean de seres humanos, animales, u otras criaturas.<\/p><p><strong>Matriarca<\/strong>: mujer que lidera una familia (normalmente en la sombra), y toma todas las decisiones transcendentes de que afectan a todos los miembros, como quien debe casarse con quien o c\u00f3mo hay que repartir una herencia.<\/p><p><strong>Casamentera<\/strong>: mujer que se dedica a establecer matrimonios de conveniencia entre personas de misma grupo social y\/o poder adquisitivo.<\/p><p><strong>Criada<\/strong>: Esclava dom\u00e9stica que se encarga de las tareas del hogar, tales como limpiar o cocinar.<\/p><p>N<strong>i\u00f1era<\/strong>: mujer que cuida y educa a los infantes hasta que se conviertan en adultos.<\/p><\/div>\n\t\t\t\t<\/div>\n\t\t\t\t<\/div>\n\t\t\t\t\t\t<\/div>\n\t\t\t\t\t<\/div>\n\t\t<\/div>\n\t\t\t\t\t\t\t\t<\/div>\n\t\t\t\t\t<\/div>\n\t\t<\/section>\n\t\t\t\t<section class=\"elementor-section elementor-top-section elementor-element elementor-element-a4a9c70 elementor-section-full_width elementor-section-height-default elementor-section-height-default\" data-id=\"a4a9c70\" data-element_type=\"section\" data-settings=\"{&quot;background_background&quot;:&quot;slideshow&quot;,&quot;background_slideshow_gallery&quot;:[{&quot;id&quot;:1294,&quot;url&quot;:&quot;http:\\\/\\\/aureorpg.com\\\/wp-content\\\/uploads\\\/2022\\\/06\\\/Anadir-un-subtitulo.jpg&quot;}],&quot;background_slideshow_loop&quot;:&quot;yes&quot;,&quot;background_slideshow_slide_duration&quot;:5000,&quot;background_slideshow_slide_transition&quot;:&quot;fade&quot;,&quot;background_slideshow_transition_duration&quot;:500}\">\n\t\t\t\t\t\t<div class=\"elementor-container elementor-column-gap-default\">\n\t\t\t\t\t\t\t<div class=\"elementor-row\">\n\t\t\t\t\t<div class=\"elementor-column elementor-col-33 elementor-top-column elementor-element elementor-element-c644ac1\" data-id=\"c644ac1\" data-element_type=\"column\">\n\t\t\t<div class=\"elementor-column-wrap elementor-element-populated\">\n\t\t\t\t\t\t\t<div class=\"elementor-widget-wrap\">\n\t\t\t\t\t\t<div class=\"elementor-element elementor-element-b5f033a elementor-align-left elementor-widget elementor-widget-button\" data-id=\"b5f033a\" data-element_type=\"widget\" data-widget_type=\"button.default\">\n\t\t\t\t<div class=\"elementor-widget-container\">\n\t\t\t\t\t<div class=\"elementor-button-wrapper\">\n\t\t\t<a href=\"http:\/\/aureorpg.com\/?page_id=1176\" class=\"elementor-button-link elementor-button elementor-size-sm\" role=\"button\">\n\t\t\t\t\t\t<span class=\"elementor-button-content-wrapper\">\n\t\t\t\t\t\t<span class=\"elementor-button-text\">Accede a nuestra zona gratuita de descargas<\/span>\n\t\t<\/span>\n\t\t\t\t\t<\/a>\n\t\t<\/div>\n\t\t\t\t<\/div>\n\t\t\t\t<\/div>\n\t\t\t\t\t\t<\/div>\n\t\t\t\t\t<\/div>\n\t\t<\/div>\n\t\t\t\t<div class=\"elementor-column elementor-col-66 elementor-top-column elementor-element elementor-element-fa384b1\" data-id=\"fa384b1\" data-element_type=\"column\">\n\t\t\t<div class=\"elementor-column-wrap\">\n\t\t\t\t\t\t\t<div class=\"elementor-widget-wrap\">\n\t\t\t\t\t\t\t\t<\/div>\n\t\t\t\t\t<\/div>\n\t\t<\/div>\n\t\t\t\t\t\t\t\t<\/div>\n\t\t\t\t\t<\/div>\n\t\t<\/section>\n\t\t\t\t\t\t<\/div>\n\t\t\t\t\t\t<\/div>\n\t\t\t\t\t<\/div>\n\t\t","protected":false},"excerpt":{"rendered":"<p>Culto a Hera: &#8216;La del trono dorado&#8217; Historia de Hera Hera es la protectora del matrimonio, las familias, las mujeres casadas y los ni\u00f1os. Es hija de Cronos y Rea, y hermana y esposa del todopoderoso Zeus. Fruto de este matrimonio han tenido a los dioses Ares, Hefesto, Ilit\u00eda y Hebe. Su historia personal est\u00e1 &hellip;<\/p>\n<p class=\"read-more\"> <a class=\"\" href=\"http:\/\/aureorpg.com\/?page_id=818\"> <span class=\"screen-reader-text\">Hera<\/span> Read More &raquo;<\/a><\/p>\n","protected":false},"author":1,"featured_media":0,"parent":0,"menu_order":0,"comment_status":"closed","ping_status":"closed","template":"","meta":[],"yoast_head":"<!-- This site is optimized with the Yoast SEO plugin v15.1.1 - https:\/\/yoast.com\/wordpress\/plugins\/seo\/ -->\n<title>Hera - aureorpg.com<\/title>\n<meta name=\"robots\" content=\"index, follow, max-snippet:-1, max-image-preview:large, max-video-preview:-1\" \/>\n<link rel=\"canonical\" href=\"http:\/\/aureorpg.com\/?page_id=818\" \/>\n<meta property=\"og:locale\" content=\"en_US\" \/>\n<meta property=\"og:type\" content=\"article\" \/>\n<meta property=\"og:title\" content=\"Hera - aureorpg.com\" \/>\n<meta property=\"og:description\" content=\"Culto a Hera: &#8216;La del trono dorado&#8217; Historia de Hera Hera es la protectora del matrimonio, las familias, las mujeres casadas y los ni\u00f1os. Es hija de Cronos y Rea, y hermana y esposa del todopoderoso Zeus. Fruto de este matrimonio han tenido a los dioses Ares, Hefesto, Ilit\u00eda y Hebe. Su historia personal est\u00e1 &hellip; Hera Read More &raquo;\" \/>\n<meta property=\"og:url\" content=\"http:\/\/aureorpg.com\/?page_id=818\" \/>\n<meta property=\"og:site_name\" content=\"aureorpg.com\" \/>\n<meta property=\"article:modified_time\" content=\"2022-06-29T17:40:31+00:00\" \/>\n<meta property=\"og:image\" content=\"http:\/\/aureorpg.com\/wp-content\/uploads\/2020\/10\/Aureo-Juego-de-rol-mitologia-griega-Hera-1024x559.jpg\" \/>\n<meta name=\"twitter:card\" content=\"summary_large_image\" \/>\n<script type=\"application\/ld+json\" class=\"yoast-schema-graph\">{\"@context\":\"https:\/\/schema.org\",\"@graph\":[{\"@type\":\"WebSite\",\"@id\":\"http:\/\/aureorpg.com\/#website\",\"url\":\"http:\/\/aureorpg.com\/\",\"name\":\"aureorpg.com\",\"description\":\"Juego de rol de mitolog\\u00eda\",\"potentialAction\":[{\"@type\":\"SearchAction\",\"target\":\"http:\/\/aureorpg.com\/?s={search_term_string}\",\"query-input\":\"required name=search_term_string\"}],\"inLanguage\":\"en-US\"},{\"@type\":\"ImageObject\",\"@id\":\"http:\/\/aureorpg.com\/?page_id=818#primaryimage\",\"inLanguage\":\"en-US\",\"url\":\"http:\/\/aureorpg.com\/wp-content\/uploads\/2020\/10\/Aureo-Juego-de-rol-mitologia-griega-Hera.jpg\",\"width\":1100,\"height\":600},{\"@type\":\"WebPage\",\"@id\":\"http:\/\/aureorpg.com\/?page_id=818#webpage\",\"url\":\"http:\/\/aureorpg.com\/?page_id=818\",\"name\":\"Hera - aureorpg.com\",\"isPartOf\":{\"@id\":\"http:\/\/aureorpg.com\/#website\"},\"primaryImageOfPage\":{\"@id\":\"http:\/\/aureorpg.com\/?page_id=818#primaryimage\"},\"datePublished\":\"2020-10-24T21:24:27+00:00\",\"dateModified\":\"2022-06-29T17:40:31+00:00\",\"inLanguage\":\"en-US\",\"potentialAction\":[{\"@type\":\"ReadAction\",\"target\":[\"http:\/\/aureorpg.com\/?page_id=818\"]}]}]}<\/script>\n<!-- \/ Yoast SEO plugin. -->","_links":{"self":[{"href":"http:\/\/aureorpg.com\/index.php?rest_route=\/wp\/v2\/pages\/818"}],"collection":[{"href":"http:\/\/aureorpg.com\/index.php?rest_route=\/wp\/v2\/pages"}],"about":[{"href":"http:\/\/aureorpg.com\/index.php?rest_route=\/wp\/v2\/types\/page"}],"author":[{"embeddable":true,"href":"http:\/\/aureorpg.com\/index.php?rest_route=\/wp\/v2\/users\/1"}],"replies":[{"embeddable":true,"href":"http:\/\/aureorpg.com\/index.php?rest_route=%2Fwp%2Fv2%2Fcomments&post=818"}],"version-history":[{"count":8,"href":"http:\/\/aureorpg.com\/index.php?rest_route=\/wp\/v2\/pages\/818\/revisions"}],"predecessor-version":[{"id":1374,"href":"http:\/\/aureorpg.com\/index.php?rest_route=\/wp\/v2\/pages\/818\/revisions\/1374"}],"wp:attachment":[{"href":"http:\/\/aureorpg.com\/index.php?rest_route=%2Fwp%2Fv2%2Fmedia&parent=818"}],"curies":[{"name":"wp","href":"https:\/\/api.w.org\/{rel}","templated":true}]}}