{"id":822,"date":"2020-10-24T21:37:30","date_gmt":"2020-10-24T21:37:30","guid":{"rendered":"http:\/\/aureorpg.com\/?page_id=822"},"modified":"2022-06-29T17:41:04","modified_gmt":"2022-06-29T17:41:04","slug":"hermes","status":"publish","type":"page","link":"http:\/\/aureorpg.com\/?page_id=822","title":{"rendered":"Hermes"},"content":{"rendered":"\t\t<div data-elementor-type=\"wp-page\" data-elementor-id=\"822\" class=\"elementor elementor-822\" data-elementor-settings=\"[]\">\n\t\t\t\t\t\t<div class=\"elementor-inner\">\n\t\t\t\t\t\t\t<div class=\"elementor-section-wrap\">\n\t\t\t\t\t\t\t<section class=\"elementor-section elementor-top-section elementor-element elementor-element-b7bfdad elementor-section-boxed elementor-section-height-default elementor-section-height-default\" data-id=\"b7bfdad\" data-element_type=\"section\" data-settings=\"{&quot;background_background&quot;:&quot;gradient&quot;}\">\n\t\t\t\t\t\t<div class=\"elementor-container elementor-column-gap-default\">\n\t\t\t\t\t\t\t<div class=\"elementor-row\">\n\t\t\t\t\t<div class=\"elementor-column elementor-col-100 elementor-top-column elementor-element elementor-element-5a7b29f\" data-id=\"5a7b29f\" data-element_type=\"column\">\n\t\t\t<div class=\"elementor-column-wrap elementor-element-populated\">\n\t\t\t\t\t\t\t<div class=\"elementor-widget-wrap\">\n\t\t\t\t\t\t<div class=\"elementor-element elementor-element-68b8dc6 elementor-widget elementor-widget-image\" data-id=\"68b8dc6\" data-element_type=\"widget\" data-widget_type=\"image.default\">\n\t\t\t\t<div class=\"elementor-widget-container\">\n\t\t\t\t\t<div class=\"elementor-image\">\n\t\t\t\t\t\t\t\t\t\t<img width=\"1024\" height=\"559\" src=\"http:\/\/aureorpg.com\/wp-content\/uploads\/2020\/10\/Aureo-Juego-de-rol-mitologia-griega-Hermes-1024x559.jpg\" class=\"attachment-large size-large\" alt=\"\" loading=\"lazy\" srcset=\"http:\/\/aureorpg.com\/wp-content\/uploads\/2020\/10\/Aureo-Juego-de-rol-mitologia-griega-Hermes-1024x559.jpg 1024w, http:\/\/aureorpg.com\/wp-content\/uploads\/2020\/10\/Aureo-Juego-de-rol-mitologia-griega-Hermes-300x164.jpg 300w, http:\/\/aureorpg.com\/wp-content\/uploads\/2020\/10\/Aureo-Juego-de-rol-mitologia-griega-Hermes-768x419.jpg 768w, http:\/\/aureorpg.com\/wp-content\/uploads\/2020\/10\/Aureo-Juego-de-rol-mitologia-griega-Hermes.jpg 1100w\" sizes=\"(max-width: 1024px) 100vw, 1024px\" \/>\t\t\t\t\t\t\t\t\t\t\t<\/div>\n\t\t\t\t<\/div>\n\t\t\t\t<\/div>\n\t\t\t\t\t\t<\/div>\n\t\t\t\t\t<\/div>\n\t\t<\/div>\n\t\t\t\t\t\t\t\t<\/div>\n\t\t\t\t\t<\/div>\n\t\t<\/section>\n\t\t\t\t<section class=\"elementor-section elementor-top-section elementor-element elementor-element-bf0ad6b elementor-section-boxed elementor-section-height-default elementor-section-height-default\" data-id=\"bf0ad6b\" data-element_type=\"section\">\n\t\t\t\t\t\t<div class=\"elementor-container elementor-column-gap-default\">\n\t\t\t\t\t\t\t<div class=\"elementor-row\">\n\t\t\t\t\t<div class=\"elementor-column elementor-col-100 elementor-top-column elementor-element elementor-element-2c76aed\" data-id=\"2c76aed\" data-element_type=\"column\">\n\t\t\t<div class=\"elementor-column-wrap elementor-element-populated\">\n\t\t\t\t\t\t\t<div class=\"elementor-widget-wrap\">\n\t\t\t\t\t\t<div class=\"elementor-element elementor-element-5efffb9 elementor-widget elementor-widget-heading\" data-id=\"5efffb9\" data-element_type=\"widget\" data-widget_type=\"heading.default\">\n\t\t\t\t<div class=\"elementor-widget-container\">\n\t\t\t<h2 class=\"elementor-heading-title elementor-size-default\">Culto a Hermes: 'El de los pies alados'<\/h2>\t\t<\/div>\n\t\t\t\t<\/div>\n\t\t\t\t\t\t<\/div>\n\t\t\t\t\t<\/div>\n\t\t<\/div>\n\t\t\t\t\t\t\t\t<\/div>\n\t\t\t\t\t<\/div>\n\t\t<\/section>\n\t\t\t\t<section class=\"elementor-section elementor-top-section elementor-element elementor-element-084aaed elementor-section-boxed elementor-section-height-default elementor-section-height-default\" data-id=\"084aaed\" data-element_type=\"section\">\n\t\t\t\t\t\t<div class=\"elementor-container elementor-column-gap-default\">\n\t\t\t\t\t\t\t<div class=\"elementor-row\">\n\t\t\t\t\t<div class=\"elementor-column elementor-col-100 elementor-top-column elementor-element elementor-element-e7c6917\" data-id=\"e7c6917\" data-element_type=\"column\">\n\t\t\t<div class=\"elementor-column-wrap elementor-element-populated\">\n\t\t\t\t\t\t\t<div class=\"elementor-widget-wrap\">\n\t\t\t\t\t\t<div class=\"elementor-element elementor-element-3ee7d1a elementor-widget elementor-widget-text-editor\" data-id=\"3ee7d1a\" data-element_type=\"widget\" data-widget_type=\"text-editor.default\">\n\t\t\t\t<div class=\"elementor-widget-container\">\n\t\t\t\t\t<div class=\"elementor-text-editor elementor-clearfix\"><h3>Historia de Hermes<\/h3>\n<p>Hermes es el dios Ol\u00edmpico de los comerciantes, los viajeros, los caminos, los ladrones, los mentirosos, los heraldos, los ni\u00f1os prodigio, los pastores y los pol\u00edticos. Es hijo de Zeus (el rey de todos los dioses) y Maya (la ninfa del monte Cileno). Hermes era tan precoz que nada m\u00e1s nacer, siendo todav\u00eda un beb\u00e9, escap\u00f3 de la cuna y se fue a vivir aventuras. Entre ellas, ingeni\u00f3 una treta para robarle un reba\u00f1o de vacas sagradas a Apolo. Cuando el dios sol lo captur\u00f3, est\u00e9 le dijo que solo hab\u00eda matado una vaca, dividi\u00e9ndola en doce partes para cada uno de los doce dioses Ol\u00edmpicos, y que tan solo hab\u00eda comido su parte. Para congratularse con Apolo, le regal\u00f3 su primer invento, la lira, y antes de entreg\u00e1rsela le compuso una oda dedicada a su gentileza y a sus muchas virtudes. Apolo, totalmente impresionado por la inteligencia y locuacidad del reci\u00e9n nacido, decidi\u00f3 perdonarlo y darle su bast\u00f3n, nombr\u00e1ndolo dios de los pastores. Cuando cont\u00f3 la historia a Zeus, aunque este se divirti\u00f3 con las peripecias del joven dios, le advirti\u00f3 que no estaba bien ni robar ni mentir. Para dotarlo de responsabilidad y viendo que era muy locuaz, lo nombr\u00f3 su heraldo, y le dijo que tendr\u00eda que cuidar de los tratados, del comercio, y de que la gente pudiera viajar libre por los caminos. Hermes acept\u00f3 y prometi\u00f3 a su padre que nunca le robar\u00eda a ning\u00fan dios de nuevo y que tampoco volver\u00eda a mentir, si bien no siempre dir\u00eda toda la verdad. Entre sus muchas invenciones, se cuentan la astronom\u00eda, el boxeo, los dados, la lira, la zampo\u00f1a, y la escala musical.<\/p>\n<h3>Descripci\u00f3n de Hermes<\/h3>\n<p>Hermes aparenta ser un jovencito de 15 a\u00f1os, todav\u00eda con la estatura de un ni\u00f1o que no ha terminado de pegar el estir\u00f3n. Siempre viste sus sandalias aladas y su gorro alado, que le permiten viajar a mayor velocidad que ning\u00fan otro ser del universo. M\u00e1s guapo que feo, tiene un aspecto simp\u00e1tico que agrada a todo el mundo, ya sean humanos o dioses. Hermes ha demostrado poseer una gran inteligencia y carisma social; prueba de ello es que es el \u00fanico dios que cae bien a todos los dioses del Olimpo; incluso aquellos que no le guardan una especial simpat\u00eda (como Hera o Ares) le deben alg\u00fan favor. De hecho, y de forma aparentemente desinteresada, Hermes ha hecho peque\u00f1os o grandes favores a todos los dioses, por lo que ha conseguido congraciarse con todos, desde el oscuro Hades, al serio Apolo, pasando por el vivaracho Dioniso. De igual forma Hermes ha dado muchos regalos a la humanidad (puede que el que m\u00e1s junto con Atenea y el maldito Prometeo) y aquellos que lo sirven aseguran que es el dios m\u00e1s benigno, agradecido y accesible de todos los Ol\u00edmpicos. De hecho, mientras que la mayor\u00eda de los dioses solo suelen aparecerse ante grandes reyes o h\u00e9roes, muchos simples mortales aseguran haber compartido comida, vino y fuego con el dios de los caminos.<\/p>\n<h3>Seguidores de Hermes<\/h3>\n<p>Los seguidores de Hermes se cuentan por muchos, debido al amplio espectro de profesiones a las que ofrece su protecci\u00f3n. La Caracter\u00edstica principal que suele unirlos es el esp\u00edritu conciliador: prefieren no tener enemigos y tratar de llevarse bien con todo el mundo. Los muchos que se dedican al comercio, suelen recurrir a tretas ret\u00f3ricas para dar a entender que siempre salen perdiendo en las transacciones comerciales, pero que aceptan el trato por el valor que en el que estiman la amistad. Mucha gente se pregunta por qu\u00e9 este dios protege a los ladrones. La respuesta, solo conocida por los iniciados en los misterios de Hermes, es porque los ladrones ense\u00f1an a la humanidad una importante lecci\u00f3n: los bienes terrenales son pasajeros y cambian de manos con facilidad; los dones espirituales, propios de aquellos que son devotos para con los dioses, son eternos. Dicho esto, hay que puntualizar que a los ladrones a los que Hermes protege son a aquellos que podr\u00edamos denominar como \u201cde guante blanco\u201d, es decir, a aquellos que roban con elegancia, disimulo, y a ser posible, sin que nadie se entere hasta que sea demasiado tarde; no a aquellos que roban usando la fuerza, la intimidaci\u00f3n, o las amenazas; esos matones son m\u00e1s propios de Ares.<\/p>\n<p>El principal \u00e1mbito de actuaci\u00f3n de Hermes es cuidar de los caminos. Sus leyes exigen que los viajeros compartan su comida y fuego con otros viajeros. Muchos aseguran que despu\u00e9s de que un mendigo les pidiera hospitalidad en un campamento, se revel\u00f3 como el dios Hermes, y premi\u00f3 o castig\u00f3 a los presentes en funci\u00f3n de si hab\u00edan sido hospitalarios. Entre los sacerdotes de Hermes podemos encontrar una facci\u00f3n que tienen una gran relevancia en el devenir de las relaciones internacionales pol\u00edticas entre los distintos estados de la H\u00e9lade: son los conocidos como Heraldos. Estos act\u00faan como consejeros de Reyes o Arcontes, y como embajadores ante otras polis. El objetivo de esta facci\u00f3n es mantener la paz siempre que fuera posible, y en segunda instancia, un equilibrio de poder que impida la desestabilizaci\u00f3n pol\u00edtica de la H\u00e9lade. Otros sacerdotes se dedican a oficiar sacrificios en el Templo y a controlar los diversos servicios de informaci\u00f3n que se pueden adquirir en estos lugares.<\/p>\n<h5>Atributos t\u00edpicos en los seguidores de Hermes <\/h5>\n<p>Caracter\u00edsticas altas: COM, AGI y SEN | Habilidades: Robar [Todas], Pol\u00edtica [\u00c1gora], Oratoria [Comercio, Ret\u00f3rica], Sigilo [Desapercibido], Pelea [Boxeo], Supervivencia [Orientaci\u00f3n], Zoolog\u00eda [Pastoreo], Percibir [Sentidos 1\u00ba] | Rasgos Sociales: Contactos, Influencia.<\/p>\n<h5>Arquetipos comunes en los seguidores de Hermes<\/h5>\n<p><strong>Ladrones<\/strong>: personas que dedican su vida al para nada noble arte de apoderarse de cosas que pertenecen a otros. Aunque nunca lo hagan empleando la fuerza o la intimidaci\u00f3n, los ejercientes de esta profesi\u00f3n suelen tener graves problemas con los seguidores de Atenea, especialmente, con los guardianes. Suelen ser hombre y mujeres libres.<\/p><p><strong>Comerciantes<\/strong>: trabajadores honrados que se dedican a la compraventa de cualquier producto imaginable. Esta profesi\u00f3n es ejercida por personas de cualquier grupo social, ya sean peque\u00f1os comerciantes metecos, a grande hombres de negocios nobles que tienen establecimientos atendidos por sus esclavos.<\/p><p><strong>Buhoneros<\/strong>: gu\u00edas expertos que conocen a la perfecci\u00f3n los caminos. Suelen ser contratados por expediciones mercantiles y diplom\u00e1ticas para que guiarlas por caminos seguros alejados de los bandidos.<\/p><p><strong>Viajeros<\/strong>: personas que, bien por negocios, bien por af\u00e1n de aventuras, viven en los caminos visitando toda la H\u00e9lade. Suelen ser hombres libres, aunque algunos nobles desterrados tambi\u00e9n ejercen esta forma de vida.<\/p><p><strong>Heraldos<\/strong>: son un tipo de sacerdotes que tienen como misi\u00f3n representar a reyes en acuerdos internacionales, ya sean comerciales, bodas reales, o las negociaciones de una tregua o una alianza para hacer la guerra contra un tercero.<\/p><p><strong>Ni\u00f1os prodigio<\/strong>: Algunos ni\u00f1os tienen la mente m\u00e1s evolucionada que la de los adultos, lo que les permite alcanzar las mismas cuotas de ingenio, aunque siendo m\u00e1s bajitos.<\/p><p><strong>Pastores<\/strong>: Hombres libres, esclavos o nobles rurales encargados de cuidar de animales tales como vacas, toros, cabras, ovejas&#8230;<\/p><p><strong>Pajaritos<\/strong>: personas que se encargan de llevar mensajes de forma oral o escritas en tablillas de arcilla selladas entre personas de la misma polis. Suelen ser ni\u00f1os hu\u00e9rfanos que son acogidos en los templos de Hermes para desarrollar este trabajo.<\/p><p><strong>Pol\u00edticos<\/strong>: Personas que han hecho del servicio p\u00fablico su forma de vida. Casi siempre son ciudadanos.<\/p><p><strong>Esp\u00edas<\/strong>: Personas que se dedican al tr\u00e1fico de informaci\u00f3n vendi\u00e9ndolo al mejor postor: pueden ser (o aparentar ser) de cualquier estrato social o sexo.<\/p><\/div>\n\t\t\t\t<\/div>\n\t\t\t\t<\/div>\n\t\t\t\t\t\t<\/div>\n\t\t\t\t\t<\/div>\n\t\t<\/div>\n\t\t\t\t\t\t\t\t<\/div>\n\t\t\t\t\t<\/div>\n\t\t<\/section>\n\t\t\t\t<section class=\"elementor-section elementor-top-section elementor-element elementor-element-f5794ce elementor-section-full_width elementor-section-height-default elementor-section-height-default\" data-id=\"f5794ce\" data-element_type=\"section\" data-settings=\"{&quot;background_background&quot;:&quot;slideshow&quot;,&quot;background_slideshow_gallery&quot;:[{&quot;id&quot;:1294,&quot;url&quot;:&quot;http:\\\/\\\/aureorpg.com\\\/wp-content\\\/uploads\\\/2022\\\/06\\\/Anadir-un-subtitulo.jpg&quot;}],&quot;background_slideshow_loop&quot;:&quot;yes&quot;,&quot;background_slideshow_slide_duration&quot;:5000,&quot;background_slideshow_slide_transition&quot;:&quot;fade&quot;,&quot;background_slideshow_transition_duration&quot;:500}\">\n\t\t\t\t\t\t<div class=\"elementor-container elementor-column-gap-default\">\n\t\t\t\t\t\t\t<div class=\"elementor-row\">\n\t\t\t\t\t<div class=\"elementor-column elementor-col-33 elementor-top-column elementor-element elementor-element-925a9dd\" data-id=\"925a9dd\" data-element_type=\"column\">\n\t\t\t<div class=\"elementor-column-wrap elementor-element-populated\">\n\t\t\t\t\t\t\t<div class=\"elementor-widget-wrap\">\n\t\t\t\t\t\t<div class=\"elementor-element elementor-element-5d8bbe7 elementor-align-left elementor-widget elementor-widget-button\" data-id=\"5d8bbe7\" data-element_type=\"widget\" data-widget_type=\"button.default\">\n\t\t\t\t<div class=\"elementor-widget-container\">\n\t\t\t\t\t<div class=\"elementor-button-wrapper\">\n\t\t\t<a href=\"http:\/\/aureorpg.com\/?page_id=1176\" class=\"elementor-button-link elementor-button elementor-size-sm\" role=\"button\">\n\t\t\t\t\t\t<span class=\"elementor-button-content-wrapper\">\n\t\t\t\t\t\t<span class=\"elementor-button-text\">Accede a nuestra zona gratuita de descargas<\/span>\n\t\t<\/span>\n\t\t\t\t\t<\/a>\n\t\t<\/div>\n\t\t\t\t<\/div>\n\t\t\t\t<\/div>\n\t\t\t\t\t\t<\/div>\n\t\t\t\t\t<\/div>\n\t\t<\/div>\n\t\t\t\t<div class=\"elementor-column elementor-col-66 elementor-top-column elementor-element elementor-element-91aa40b\" data-id=\"91aa40b\" data-element_type=\"column\">\n\t\t\t<div class=\"elementor-column-wrap\">\n\t\t\t\t\t\t\t<div class=\"elementor-widget-wrap\">\n\t\t\t\t\t\t\t\t<\/div>\n\t\t\t\t\t<\/div>\n\t\t<\/div>\n\t\t\t\t\t\t\t\t<\/div>\n\t\t\t\t\t<\/div>\n\t\t<\/section>\n\t\t\t\t\t\t<\/div>\n\t\t\t\t\t\t<\/div>\n\t\t\t\t\t<\/div>\n\t\t","protected":false},"excerpt":{"rendered":"<p>Culto a Hermes: &#8216;El de los pies alados&#8217; Historia de Hermes Hermes es el dios Ol\u00edmpico de los comerciantes, los viajeros, los caminos, los ladrones, los mentirosos, los heraldos, los ni\u00f1os prodigio, los pastores y los pol\u00edticos. Es hijo de Zeus (el rey de todos los dioses) y Maya (la ninfa del monte Cileno). Hermes &hellip;<\/p>\n<p class=\"read-more\"> <a class=\"\" href=\"http:\/\/aureorpg.com\/?page_id=822\"> <span class=\"screen-reader-text\">Hermes<\/span> Read More &raquo;<\/a><\/p>\n","protected":false},"author":1,"featured_media":0,"parent":0,"menu_order":0,"comment_status":"closed","ping_status":"closed","template":"","meta":[],"yoast_head":"<!-- This site is optimized with the Yoast SEO plugin v15.1.1 - https:\/\/yoast.com\/wordpress\/plugins\/seo\/ -->\n<title>Hermes - aureorpg.com<\/title>\n<meta name=\"robots\" content=\"index, follow, max-snippet:-1, max-image-preview:large, max-video-preview:-1\" \/>\n<link rel=\"canonical\" href=\"http:\/\/aureorpg.com\/?page_id=822\" \/>\n<meta property=\"og:locale\" content=\"en_US\" \/>\n<meta property=\"og:type\" content=\"article\" \/>\n<meta property=\"og:title\" content=\"Hermes - aureorpg.com\" \/>\n<meta property=\"og:description\" content=\"Culto a Hermes: &#8216;El de los pies alados&#8217; Historia de Hermes Hermes es el dios Ol\u00edmpico de los comerciantes, los viajeros, los caminos, los ladrones, los mentirosos, los heraldos, los ni\u00f1os prodigio, los pastores y los pol\u00edticos. Es hijo de Zeus (el rey de todos los dioses) y Maya (la ninfa del monte Cileno). Hermes &hellip; Hermes Read More &raquo;\" \/>\n<meta property=\"og:url\" content=\"http:\/\/aureorpg.com\/?page_id=822\" \/>\n<meta property=\"og:site_name\" content=\"aureorpg.com\" \/>\n<meta property=\"article:modified_time\" content=\"2022-06-29T17:41:04+00:00\" \/>\n<meta property=\"og:image\" content=\"http:\/\/aureorpg.com\/wp-content\/uploads\/2020\/10\/Aureo-Juego-de-rol-mitologia-griega-Hermes-1024x559.jpg\" \/>\n<meta name=\"twitter:card\" content=\"summary_large_image\" \/>\n<script type=\"application\/ld+json\" class=\"yoast-schema-graph\">{\"@context\":\"https:\/\/schema.org\",\"@graph\":[{\"@type\":\"WebSite\",\"@id\":\"http:\/\/aureorpg.com\/#website\",\"url\":\"http:\/\/aureorpg.com\/\",\"name\":\"aureorpg.com\",\"description\":\"Juego de rol de mitolog\\u00eda\",\"potentialAction\":[{\"@type\":\"SearchAction\",\"target\":\"http:\/\/aureorpg.com\/?s={search_term_string}\",\"query-input\":\"required name=search_term_string\"}],\"inLanguage\":\"en-US\"},{\"@type\":\"ImageObject\",\"@id\":\"http:\/\/aureorpg.com\/?page_id=822#primaryimage\",\"inLanguage\":\"en-US\",\"url\":\"http:\/\/aureorpg.com\/wp-content\/uploads\/2020\/10\/Aureo-Juego-de-rol-mitologia-griega-Hermes.jpg\",\"width\":1100,\"height\":600},{\"@type\":\"WebPage\",\"@id\":\"http:\/\/aureorpg.com\/?page_id=822#webpage\",\"url\":\"http:\/\/aureorpg.com\/?page_id=822\",\"name\":\"Hermes - aureorpg.com\",\"isPartOf\":{\"@id\":\"http:\/\/aureorpg.com\/#website\"},\"primaryImageOfPage\":{\"@id\":\"http:\/\/aureorpg.com\/?page_id=822#primaryimage\"},\"datePublished\":\"2020-10-24T21:37:30+00:00\",\"dateModified\":\"2022-06-29T17:41:04+00:00\",\"inLanguage\":\"en-US\",\"potentialAction\":[{\"@type\":\"ReadAction\",\"target\":[\"http:\/\/aureorpg.com\/?page_id=822\"]}]}]}<\/script>\n<!-- \/ Yoast SEO plugin. -->","_links":{"self":[{"href":"http:\/\/aureorpg.com\/index.php?rest_route=\/wp\/v2\/pages\/822"}],"collection":[{"href":"http:\/\/aureorpg.com\/index.php?rest_route=\/wp\/v2\/pages"}],"about":[{"href":"http:\/\/aureorpg.com\/index.php?rest_route=\/wp\/v2\/types\/page"}],"author":[{"embeddable":true,"href":"http:\/\/aureorpg.com\/index.php?rest_route=\/wp\/v2\/users\/1"}],"replies":[{"embeddable":true,"href":"http:\/\/aureorpg.com\/index.php?rest_route=%2Fwp%2Fv2%2Fcomments&post=822"}],"version-history":[{"count":9,"href":"http:\/\/aureorpg.com\/index.php?rest_route=\/wp\/v2\/pages\/822\/revisions"}],"predecessor-version":[{"id":1378,"href":"http:\/\/aureorpg.com\/index.php?rest_route=\/wp\/v2\/pages\/822\/revisions\/1378"}],"wp:attachment":[{"href":"http:\/\/aureorpg.com\/index.php?rest_route=%2Fwp%2Fv2%2Fmedia&parent=822"}],"curies":[{"name":"wp","href":"https:\/\/api.w.org\/{rel}","templated":true}]}}